{"id":610,"date":"2021-01-18T11:19:49","date_gmt":"2021-01-18T11:19:49","guid":{"rendered":"https:\/\/demo.szojaoltopor.hu\/?page_id=610"},"modified":"2021-02-04T03:17:50","modified_gmt":"2021-02-04T03:17:50","slug":"home","status":"publish","type":"page","link":"https:\/\/szojaoltopor.hu\/en\/","title":{"rendered":"Home"},"content":{"rendered":"<p>[et_pb_section fb_built=&#8221;1&#8243; _builder_version=&#8221;4.7.4&#8243; _module_preset=&#8221;default&#8221; use_background_color_gradient=&#8221;on&#8221; background_color_gradient_start=&#8221;rgba(0,0,0,0.47)&#8221; background_color_gradient_end=&#8221;rgba(0,0,0,0.41)&#8221; background_color_gradient_overlays_image=&#8221;on&#8221; background_image=&#8221;https:\/\/szojaoltopor.hu\/wp-content\/uploads\/2020\/12\/szoja-szojaoltopor-blue-seed.jpg&#8221; width=&#8221;100%&#8221;][et_pb_row _builder_version=&#8221;4.8.1&#8243; _module_preset=&#8221;default&#8221;][et_pb_column type=&#8221;4_4&#8243; _builder_version=&#8221;4.7.4&#8243; _module_preset=&#8221;default&#8221;][et_pb_testimonial author=&#8221;Attila Tak\u00e1cs&#8221; job_title=&#8221;Managing Director&#8221; company_name=&#8221;Blue Seed Kft.&#8221; portrait_url=&#8221;https:\/\/szojaoltopor.hu\/wp-content\/uploads\/2020\/12\/szoja-szojaoltopor-blue-seed.jpg&#8221; quote_icon=&#8221;off&#8221; quote_icon_color=&#8221;#833C0B&#8221; quote_icon_background_color=&#8221;rgba(255,255,255,0.16)&#8221; _builder_version=&#8221;4.8.2&#8243; _module_preset=&#8221;default&#8221; body_font=&#8221;Open Sans||||||||&#8221; body_text_color=&#8221;#833C0B&#8221; body_font_size=&#8221;16px&#8221; background_color=&#8221;rgba(255,255,255,0.8)&#8221; background_enable_image=&#8221;off&#8221; hover_enabled=&#8221;0&#8243; border_width_all=&#8221;2px&#8221; border_color_all=&#8221;#943c01&#8243; border_style_all=&#8221;none&#8221; border_radii_portrait=&#8221;on|50px|50px|50px|50px&#8221; box_shadow_style=&#8221;preset3&#8243; box_shadow_vertical=&#8221;6px&#8221; box_shadow_blur=&#8221;10px&#8221; box_shadow_color=&#8221;#833c0b&#8221; sticky_enabled=&#8221;0&#8243;]<\/p>\n<p><em><strong>\u201eWelcome to our new website! Our mission is to develop and produce soybean powder and soybean concentrate for inoculation. We work to make our products available in the right quality and quantity every year, taking into account the challenges of nature and farming. We look forward to cooperating with you to build the demand of soy for agricultural operators.&#8221;<\/strong><\/em><\/p>\n<p>[\/et_pb_testimonial][\/et_pb_column][\/et_pb_row][\/et_pb_section][et_pb_section fb_built=&#8221;1&#8243; _builder_version=&#8221;4.7.4&#8243; _module_preset=&#8221;default&#8221; width=&#8221;100%&#8221; custom_padding=&#8221;35px|||||&#8221;][et_pb_row _builder_version=&#8221;4.7.4&#8243; _module_preset=&#8221;default&#8221;][et_pb_column type=&#8221;4_4&#8243; _builder_version=&#8221;4.7.4&#8243; _module_preset=&#8221;default&#8221;][et_pb_text _builder_version=&#8221;4.8.2&#8243; _module_preset=&#8221;default&#8221; text_font=&#8221;Open Sans|600|||||||&#8221; text_text_color=&#8221;#833C0B&#8221; text_font_size=&#8221;16px&#8221; text_line_height=&#8221;1.8em&#8221; hover_enabled=&#8221;0&#8243; sticky_enabled=&#8221;0&#8243;]<\/p>\n<p style=\"text-align: center;\">The Blue Seed Kft. is wholly owned by Hungarian company, which has operated since 2001 with the basic activity of plant cultivation. For 20 years our main activities have involved the cultivation and the contract cultivation of cereals, leguminous plants, and oil-seeds for sowing seed purposes as well as the comparison of yield for sunflower, soybean and corn species and their professional presentation in the growth season. We have improved our products for soybean inoculation due to years of biotechnology research.<\/p>\n<p>[\/et_pb_text][\/et_pb_column][\/et_pb_row][et_pb_row _builder_version=&#8221;4.7.4&#8243; _module_preset=&#8221;default&#8221; custom_padding=&#8221;||44px|||&#8221;][et_pb_column type=&#8221;4_4&#8243; _builder_version=&#8221;4.7.4&#8243; _module_preset=&#8221;default&#8221;][et_pb_image src=&#8221;https:\/\/szojaoltopor.hu\/wp-content\/uploads\/2021\/01\/rhizonatextra-en.png&#8221; alt=&#8221;rhizonat extra&#8221; title_text=&#8221;rhizonatextra-en&#8221; align=&#8221;center&#8221; _builder_version=&#8221;4.8.1&#8243; _module_preset=&#8221;default&#8221; width=&#8221;50%&#8221; width_tablet=&#8221;80%&#8221; width_phone=&#8221;100%&#8221; width_last_edited=&#8221;on|phone&#8221;][\/et_pb_image][\/et_pb_column][\/et_pb_row][et_pb_row column_structure=&#8221;1_3,1_3,1_3&#8243; _builder_version=&#8221;4.7.5&#8243; _module_preset=&#8221;default&#8221; custom_margin=&#8221;-8px|auto||auto||&#8221;][et_pb_column type=&#8221;1_3&#8243; _builder_version=&#8221;4.7.5&#8243; _module_preset=&#8221;default&#8221;][et_pb_blurb title=&#8221;100% domestic product&#8221; image=&#8221;https:\/\/szojaoltopor.hu\/wp-content\/uploads\/2020\/12\/szojaoltopor-hazaitermek.jpg&#8221; _builder_version=&#8221;4.8.1&#8243; _module_preset=&#8221;default&#8221; header_font=&#8221;|600|||||||&#8221; header_text_color=&#8221;#1f3864&#8243; text_orientation=&#8221;center&#8221; header_text_shadow_style=&#8221;preset2&#8243; header_text_shadow_horizontal_length=&#8221;0.03em&#8221; header_text_shadow_blur_strength=&#8221;0.07em&#8221; box_shadow_style_image=&#8221;preset2&#8243;]<\/p>\n<p><strong>Developed and Made in Hungary<\/strong><\/p>\n<p>[\/et_pb_blurb][\/et_pb_column][et_pb_column type=&#8221;1_3&#8243; _builder_version=&#8221;4.7.5&#8243; _module_preset=&#8221;default&#8221;][et_pb_blurb title=&#8221;Natural, GMO-free&#8221; image=&#8221;https:\/\/szojaoltopor.hu\/wp-content\/uploads\/2020\/12\/biotermek-szojaoltopor-1-rotated.jpg&#8221; _builder_version=&#8221;4.8.1&#8243; _module_preset=&#8221;default&#8221; header_font=&#8221;|600|||||||&#8221; header_text_color=&#8221;#1f3864&#8243; text_orientation=&#8221;center&#8221; header_text_shadow_style=&#8221;preset2&#8243; header_text_shadow_horizontal_length=&#8221;0.03em&#8221; header_text_shadow_blur_strength=&#8221;0.07em&#8221; box_shadow_style_image=&#8221;preset2&#8243;]<\/p>\n<p><strong>Natural products for sustainable development<\/strong><\/p>\n<p>[\/et_pb_blurb][\/et_pb_column][et_pb_column type=&#8221;1_3&#8243; _builder_version=&#8221;4.7.5&#8243; _module_preset=&#8221;default&#8221;][et_pb_blurb title=&#8221;Quality and Reliability&#8221; image=&#8221;https:\/\/szojaoltopor.hu\/wp-content\/uploads\/2020\/12\/minosegi-szojaoltopor.jpg&#8221; _builder_version=&#8221;4.8.1&#8243; _module_preset=&#8221;default&#8221; header_font=&#8221;|600|||||||&#8221; header_text_color=&#8221;#1f3864&#8243; text_orientation=&#8221;center&#8221; header_text_shadow_style=&#8221;preset2&#8243; header_text_shadow_horizontal_length=&#8221;0.03em&#8221; header_text_shadow_blur_strength=&#8221;0.07em&#8221; box_shadow_style_image=&#8221;preset2&#8243;]<\/p>\n<p style=\"text-align: center;\"><strong>The efficiency of our products is guaranteed by continuous improvement and quality control.<\/strong><\/p>\n<p>[\/et_pb_blurb][\/et_pb_column][\/et_pb_row][et_pb_row _builder_version=&#8221;4.7.4&#8243; _module_preset=&#8221;default&#8221;][et_pb_column type=&#8221;4_4&#8243; _builder_version=&#8221;4.7.4&#8243; _module_preset=&#8221;default&#8221;][et_pb_text _builder_version=&#8221;4.8.1&#8243; _module_preset=&#8221;default&#8221; text_font=&#8221;Open Sans|600|||||||&#8221; text_text_color=&#8221;#833C0B&#8221; text_font_size=&#8221;16px&#8221; text_line_height=&#8221;1.8em&#8221;]<\/p>\n<p style=\"text-align: center;\">We are inspired to serve and satisfy the demand of soybean inoculation for Hungarian agriculture.<\/p>\n<p style=\"text-align: center;\">Beyond increasing the farmers\u2019 productivity &#8211; which is both beneficial for producers and consumers &#8211; we consider protecting and preserving our environment as well. By this approach we could create balance between human being and flora-fauna.<\/p>\n<p style=\"text-align: center;\">We are honored to be a part of the soy crop production!<\/p>\n<p>[\/et_pb_text][\/et_pb_column][\/et_pb_row][\/et_pb_section][et_pb_section fb_built=&#8221;1&#8243; _builder_version=&#8221;4.7.7&#8243; _module_preset=&#8221;default&#8221; use_background_color_gradient=&#8221;on&#8221; background_color_gradient_start=&#8221;rgba(0,0,0,0.59)&#8221; background_color_gradient_end=&#8221;rgba(0,0,0,0.66)&#8221; background_color_gradient_overlays_image=&#8221;on&#8221; background_image=&#8221;https:\/\/szojaoltopor.hu\/wp-content\/uploads\/2020\/12\/szoja-szojaoltopor-blue-seed.jpg&#8221;][et_pb_row _builder_version=&#8221;4.7.7&#8243; _module_preset=&#8221;default&#8221;][et_pb_column type=&#8221;4_4&#8243; _builder_version=&#8221;4.7.7&#8243; _module_preset=&#8221;default&#8221;][et_pb_text _builder_version=&#8221;4.8.1&#8243; _module_preset=&#8221;default&#8221; custom_margin=&#8221;3px|||||&#8221; custom_padding=&#8221;0px|||||&#8221;]<\/p>\n<h2 class=\"et_pb_module_header et-fb-editable-element et-fb-editable-element__editing\" style=\"text-align: center;\" contenteditable=\"true\" data-shortcode-id=\"2.0-1608641520501\" data-quickaccess-id=\"title\"><span style=\"color: #ffffff;\"><strong>Considering the needs of plant, support your crop yield!<\/strong><\/span><\/h2>\n<p>[\/et_pb_text][et_pb_image src=&#8221;https:\/\/szojaoltopor.hu\/wp-content\/uploads\/2021\/01\/rhizonatextra-en.png&#8221; title_text=&#8221;rhizonatextra-en&#8221; align=&#8221;center&#8221; _builder_version=&#8221;4.8.1&#8243; _module_preset=&#8221;default&#8221; background_color=&#8221;rgba(255,255,255,0.58)&#8221; width=&#8221;34%&#8221; custom_padding=&#8221;20px|20px|20px|20px|false|false&#8221;][\/et_pb_image][\/et_pb_column][\/et_pb_row][et_pb_row _builder_version=&#8221;4.7.7&#8243; _module_preset=&#8221;default&#8221; custom_padding=&#8221;20px|||||&#8221;][et_pb_column type=&#8221;4_4&#8243; _builder_version=&#8221;4.7.7&#8243; _module_preset=&#8221;default&#8221;][et_pb_button button_url=&#8221;@ET-DC@eyJkeW5hbWljIjp0cnVlLCJjb250ZW50IjoicG9zdF9saW5rX3VybF9wYWdlIiwic2V0dGluZ3MiOnsicG9zdF9pZCI6Ijg3MiJ9fQ==@&#8221; button_text=&#8221;Check our product!&#8221; button_alignment=&#8221;center&#8221; _builder_version=&#8221;4.8.1&#8243; _dynamic_attributes=&#8221;button_url&#8221; _module_preset=&#8221;default&#8221; custom_button=&#8221;on&#8221; button_text_size=&#8221;20px&#8221; button_text_color=&#8221;#ffffff&#8221; button_bg_color=&#8221;#833c0b&#8221; button_border_color=&#8221;#ffffff&#8221; button_border_radius=&#8221;30px&#8221; button_font=&#8221;|600|||||||&#8221;][\/et_pb_button][\/et_pb_column][\/et_pb_row][\/et_pb_section]<\/p>\n","protected":false},"excerpt":{"rendered":"<p>\u201eWelcome to our new website! Our mission is to develop and produce soybean powder and soybean concentrate for inoculation. We work to make our products available in the right quality and quantity every year, taking into account the challenges of nature and farming. We look forward to cooperating with you to build the demand of [&hellip;]<\/p>\n","protected":false},"author":1,"featured_media":0,"parent":0,"menu_order":0,"comment_status":"closed","ping_status":"closed","template":"","meta":{"_et_pb_use_builder":"on","_et_pb_old_content":"<p>[et_pb_section fb_built=\"1\" _builder_version=\"4.7.4\" _module_preset=\"default\" use_background_color_gradient=\"on\" background_color_gradient_start=\"rgba(0,0,0,0.47)\" background_color_gradient_end=\"rgba(0,0,0,0.41)\" background_color_gradient_overlays_image=\"on\" background_image=\"https:\/\/szojaoltopor.hu\/wp-content\/uploads\/2020\/12\/szoja-szojaoltopor-blue-seed.jpg\" width=\"100%\"][et_pb_row _builder_version=\"4.7.4\" _module_preset=\"default\"][et_pb_column type=\"4_4\" _builder_version=\"4.7.4\" _module_preset=\"default\"][et_pb_testimonial author=\"Tak\u00e1cs Attila\" job_title=\" \u00fcgyvezet\u0151\" company_name=\"Blue Seed Kft.\" portrait_url=\"https:\/\/szojaoltopor.hu\/wp-content\/uploads\/2020\/12\/szoja-szojaoltopor-blue-seed.jpg\" quote_icon=\"off\" quote_icon_color=\"#833C0B\" quote_icon_background_color=\"rgba(255,255,255,0.16)\" _builder_version=\"4.7.7\" _module_preset=\"default\" body_font=\"Open Sans||||||||\" body_text_color=\"#833C0B\" body_font_size=\"16px\" background_color=\"rgba(255,255,255,0.8)\" background_enable_image=\"off\" hover_enabled=\"0\" border_width_all=\"2px\" border_color_all=\"#943c01\" border_style_all=\"none\" border_radii_portrait=\"on|50px|50px|50px|50px\" box_shadow_style=\"preset3\" box_shadow_vertical=\"6px\" box_shadow_blur=\"10px\" box_shadow_color=\"#833c0b\" sticky_enabled=\"0\"]<\/p><p><em><strong>\u201eK\u00f6sz\u00f6ntj\u00fck meg\u00fajult honlapunkon!\u00a0<\/strong><\/em><em><strong>Hivat\u00e1sunk a sz\u00f3ja olt\u00f3por \u00e9s a sz\u00f3ja olt\u00f3koncentr\u00e1tum fejleszt\u00e9se \u00e9s el\u0151\u00e1ll\u00edt\u00e1sa. \u00c9vr\u0151l-\u00e9vre azon munk\u00e1lkodunk, a term\u00e9szet \u00e9s a gazd\u00e1lkod\u00e1s kih\u00edv\u00e1sait figyelembe v\u00e9ve, hogy term\u00e9keink megfelel\u0151 min\u0151s\u00e9gben \u00e9s mennyis\u00e9gben \u00e1lljanak rendelkez\u00e9sre.\u00a0<\/strong><\/em><em><strong>B\u00edzunk benne, hogy \u00d6n\u00f6kkel is egy\u00fcttm\u0171k\u00f6dve \u00e9p\u00edthetj\u00fck a mez\u0151gazdas\u00e1g sz\u00f3ja ir\u00e1nti kereslet\u00e9t.\u201d<\/strong><\/em><\/p><p>[\/et_pb_testimonial][\/et_pb_column][\/et_pb_row][\/et_pb_section][et_pb_section fb_built=\"1\" _builder_version=\"4.7.4\" _module_preset=\"default\" width=\"100%\" custom_padding=\"35px|||||\"][et_pb_row _builder_version=\"4.7.4\" _module_preset=\"default\"][et_pb_column type=\"4_4\" _builder_version=\"4.7.4\" _module_preset=\"default\"][et_pb_text _builder_version=\"4.7.5\" _module_preset=\"default\" text_font=\"Open Sans|600|||||||\" text_text_color=\"#833C0B\" text_font_size=\"16px\" text_line_height=\"1.8em\"]<\/p><p style=\"text-align: center;\">A \u201eBlue Seed\u201d Kft.-t teljes m\u00e9rt\u00e9kben magyar tulajdon\u00fa, 2001 \u00f3ta m\u0171k\u00f6d\u0151, n\u00f6v\u00e9nytermeszt\u00e9ssel foglalkoz\u00f3 v\u00e1llalat. Tev\u00e9kenys\u00e9gi k\u00f6r\u00fcnk k\u00f6z\u00f6tt a gabonaf\u00e9l\u00e9k, h\u00fcvelyes n\u00f6v\u00e9nyek, olajos magvak termeszt\u00e9se \u00e9s termeltet\u00e9se \u00e1ru \u00e9s vet\u0151mag c\u00e9llal, illetve fajta\u00f6sszehasonl\u00edt\u00f3 hozamk\u00eds\u00e9rletek v\u00e9gz\u00e9se sz\u00f3ja \u00e9s kukorica fajt\u00e1kkal, valamint ezek szakmai bemutat\u00e1sa a teny\u00e9szid\u0151szakban szerepelt. T\u00f6bb \u00e9vig tart\u00f3 biotechnol\u00f3giai kutat\u00e1sainknak k\u00f6sz\u00f6nhet\u0151en fejlesztett\u00fck ki olt\u00f3anyagainkat.<\/p><p>[\/et_pb_text][\/et_pb_column][\/et_pb_row][et_pb_row _builder_version=\"4.7.4\" _module_preset=\"default\"][et_pb_column type=\"4_4\" _builder_version=\"4.7.4\" _module_preset=\"default\"][et_pb_image src=\"https:\/\/szojaoltopor.hu\/wp-content\/uploads\/2020\/12\/rhizo-nat-extra-szojaolto-termek.png\" alt=\"rhizonat extra\" title_text=\"rhizo-nat-extra-szojaolto-termek\" align=\"center\" _builder_version=\"4.7.4\" _module_preset=\"default\" width=\"50%\" width_tablet=\"80%\" width_phone=\"100%\" width_last_edited=\"on|phone\"][\/et_pb_image][\/et_pb_column][\/et_pb_row][et_pb_row column_structure=\"1_3,1_3,1_3\" _builder_version=\"4.7.5\" _module_preset=\"default\" custom_margin=\"-8px|auto||auto||\"][et_pb_column type=\"1_3\" _builder_version=\"4.7.5\" _module_preset=\"default\"][et_pb_blurb title=\"100%-ban hazai term\u00e9k\" image=\"https:\/\/szojaoltopor.hu\/wp-content\/uploads\/2020\/12\/szojaoltopor-hazaitermek.jpg\" _builder_version=\"4.7.5\" _module_preset=\"default\" header_font=\"|600|||||||\" header_text_color=\"#1f3864\" text_orientation=\"center\" header_text_shadow_style=\"preset2\" header_text_shadow_horizontal_length=\"0.03em\" header_text_shadow_blur_strength=\"0.07em\" box_shadow_style_image=\"preset2\"]<\/p><p><strong>Magyarorsz\u00e1gon fejlesztett \u00e9s gy\u00e1rtott<\/strong><\/p><p>[\/et_pb_blurb][\/et_pb_column][et_pb_column type=\"1_3\" _builder_version=\"4.7.5\" _module_preset=\"default\"][et_pb_blurb title=\"Term\u00e9szetes, GMO mentes\" image=\"https:\/\/szojaoltopor.hu\/wp-content\/uploads\/2020\/12\/biotermek-szojaoltopor-1-rotated.jpg\" _builder_version=\"4.7.7\" _module_preset=\"default\" header_font=\"|600|||||||\" header_text_color=\"#1f3864\" text_orientation=\"center\" header_text_shadow_style=\"preset2\" header_text_shadow_horizontal_length=\"0.03em\" header_text_shadow_blur_strength=\"0.07em\" box_shadow_style_image=\"preset2\"]<\/p><p><strong>Term\u00e9szetes olt\u00f3anyag\u00a0a fenntarthat\u00f3 fejl\u0151d\u00e9s\u00e9rt<\/strong><\/p><p>[\/et_pb_blurb][\/et_pb_column][et_pb_column type=\"1_3\" _builder_version=\"4.7.5\" _module_preset=\"default\"][et_pb_blurb title=\"Min\u0151s\u00e9g \u00e9s megb\u00edzhat\u00f3s\u00e1g\" image=\"https:\/\/szojaoltopor.hu\/wp-content\/uploads\/2020\/12\/minosegi-szojaoltopor.jpg\" _builder_version=\"4.7.5\" _module_preset=\"default\" header_font=\"|600|||||||\" header_text_color=\"#1f3864\" text_orientation=\"center\" header_text_shadow_style=\"preset2\" header_text_shadow_horizontal_length=\"0.03em\" header_text_shadow_blur_strength=\"0.07em\" box_shadow_style_image=\"preset2\"]<\/p><p style=\"text-align: center;\"><strong>Folyamatos fejleszt\u00e9s <\/strong><strong>\u00e9s\u00a0 min\u0151s\u00e9gellen\u0151rz\u00e9s \u00e1ltal n\u00f6velj\u00fck term\u00e9keink hat\u00e9konys\u00e1g\u00e1t.<\/strong><\/p><p>[\/et_pb_blurb][\/et_pb_column][\/et_pb_row][et_pb_row _builder_version=\"4.7.4\" _module_preset=\"default\"][et_pb_column type=\"4_4\" _builder_version=\"4.7.4\" _module_preset=\"default\"][et_pb_text _builder_version=\"4.7.7\" _module_preset=\"default\" text_font=\"Open Sans|600|||||||\" text_text_color=\"#833C0B\" text_font_size=\"16px\" text_line_height=\"1.8em\"]<\/p><p style=\"text-align: center;\">T\u00f6rekv\u00e9s\u00fcnk, hogy kiszolg\u00e1ljuk \u00e9s kiel\u00e9g\u00edts\u00fck a magyar mez\u0151gazdas\u00e1g sz\u00f3ja olt\u00e1s ir\u00e1nti ig\u00e9ny\u00e9t.<\/p><p style=\"text-align: center;\">Ugyanakkor fontosnak tartjuk a gazd\u00e1lkod\u00f3k termel\u00e9kenys\u00e9g\u00e9nek n\u00f6vel\u00e9se mellett, amib\u0151l a termel\u0151 \u00e9s a fogyaszt\u00f3 is egyar\u00e1nt profit\u00e1l, hogy meg\u00f3vjuk \u00e9s meg\u0151rizz\u00fck a k\u00f6rnyezet\u00fcnket. Ez\u00e1ltal egyens\u00falyt teremtve ember \u00e9s \u00e9l\u0151vil\u00e1g k\u00f6z\u00f6tt.\u00a0<\/p><p style=\"text-align: center;\">K\u00f6sz\u00f6nj\u00fck, hogy r\u00e9szesei lehet\u00fcnk a sz\u00f3ja n\u00f6v\u00e9nytermeszt\u00e9snek!<\/p><p>[\/et_pb_text][\/et_pb_column][\/et_pb_row][\/et_pb_section][et_pb_section fb_built=\"1\" _builder_version=\"4.7.7\" _module_preset=\"default\" use_background_color_gradient=\"on\" background_color_gradient_start=\"rgba(0,0,0,0.59)\" background_color_gradient_end=\"rgba(0,0,0,0.66)\" background_color_gradient_overlays_image=\"on\" background_image=\"https:\/\/szojaoltopor.hu\/wp-content\/uploads\/2020\/12\/szoja-szojaoltopor-blue-seed.jpg\"][et_pb_row _builder_version=\"4.7.7\" _module_preset=\"default\"][et_pb_column type=\"4_4\" _builder_version=\"4.7.7\" _module_preset=\"default\"][et_pb_text _builder_version=\"4.7.7\" _module_preset=\"default\"]<\/p><h2 class=\"et_pb_module_header et-fb-editable-element et-fb-editable-element__editing\" style=\"text-align: center;\" contenteditable=\"true\" data-shortcode-id=\"2.0-1608641520501\" data-quickaccess-id=\"title\"><span style=\"color: #ffffff;\"><strong>T\u00e1pl\u00e1lja a n\u00f6v\u00e9nyt, n\u00f6velje a term\u00e9shozamot!<\/strong><\/span><\/h2><p>[\/et_pb_text][et_pb_image src=\"https:\/\/szojaoltopor.hu\/wp-content\/uploads\/2020\/12\/rhizonat-extra-2.png\" title_text=\"Rhizonat Extra\" align=\"center\" _builder_version=\"4.7.7\" _module_preset=\"default\" background_color=\"rgba(255,255,255,0.58)\" width=\"34%\" custom_padding=\"20px|20px|20px|20px|false|false\"][\/et_pb_image][\/et_pb_column][\/et_pb_row][et_pb_row _builder_version=\"4.7.7\" _module_preset=\"default\" custom_padding=\"20px|||||\"][et_pb_column type=\"4_4\" _builder_version=\"4.7.7\" _module_preset=\"default\"][et_pb_button button_url=\"@ET-DC@eyJkeW5hbWljIjp0cnVlLCJjb250ZW50IjoicG9zdF9saW5rX3VybF9wYWdlIiwic2V0dGluZ3MiOnsicG9zdF9pZCI6IjEzMSJ9fQ==@\" button_text=\"Tekintse meg term\u00e9k\u00fcnket!\" button_alignment=\"center\" _builder_version=\"4.7.7\" _dynamic_attributes=\"button_url\" _module_preset=\"default\" custom_button=\"on\" button_text_size=\"20px\" button_text_color=\"#ffffff\" button_bg_color=\"#833c0b\" button_border_color=\"#ffffff\" button_border_radius=\"30px\" button_font=\"|600|||||||\"][\/et_pb_button][\/et_pb_column][\/et_pb_row][\/et_pb_section]<\/p>","_et_gb_content_width":""},"yoast_head":"<!-- This site is optimized with the Yoast SEO plugin v20.12 - https:\/\/yoast.com\/wordpress\/plugins\/seo\/ -->\n<title>Home - Blue Seed - Sz\u00f3jaolt\u00f3por<\/title>\n<meta name=\"robots\" content=\"index, follow, max-snippet:-1, max-image-preview:large, max-video-preview:-1\" \/>\n<link rel=\"canonical\" href=\"https:\/\/szojaoltopor.hu\/en\/\" \/>\n<meta property=\"og:locale\" content=\"en_US\" \/>\n<meta property=\"og:type\" content=\"article\" \/>\n<meta property=\"og:title\" content=\"Home - Blue Seed - Sz\u00f3jaolt\u00f3por\" \/>\n<meta property=\"og:description\" content=\"\u201eWelcome to our new website! Our mission is to develop and produce soybean powder and soybean concentrate for inoculation. We work to make our products available in the right quality and quantity every year, taking into account the challenges of nature and farming. We look forward to cooperating with you to build the demand of [&hellip;]\" \/>\n<meta property=\"og:url\" content=\"https:\/\/szojaoltopor.hu\/en\/\" \/>\n<meta property=\"og:site_name\" content=\"Blue Seed - Sz\u00f3jaolt\u00f3por\" \/>\n<meta property=\"article:modified_time\" content=\"2021-02-04T03:17:50+00:00\" \/>\n<meta name=\"twitter:card\" content=\"summary_large_image\" \/>\n<meta name=\"twitter:label1\" content=\"Est. reading time\" \/>\n\t<meta name=\"twitter:data1\" content=\"2 minutes\" \/>\n<script type=\"application\/ld+json\" class=\"yoast-schema-graph\">{\"@context\":\"https:\/\/schema.org\",\"@graph\":[{\"@type\":\"WebPage\",\"@id\":\"https:\/\/szojaoltopor.hu\/en\/\",\"url\":\"https:\/\/szojaoltopor.hu\/en\/\",\"name\":\"Home - Blue Seed - Sz\u00f3jaolt\u00f3por\",\"isPartOf\":{\"@id\":\"https:\/\/szojaoltopor.hu\/en\/#website\"},\"datePublished\":\"2021-01-18T11:19:49+00:00\",\"dateModified\":\"2021-02-04T03:17:50+00:00\",\"breadcrumb\":{\"@id\":\"https:\/\/szojaoltopor.hu\/en\/#breadcrumb\"},\"inLanguage\":\"en-US\",\"potentialAction\":[{\"@type\":\"ReadAction\",\"target\":[\"https:\/\/szojaoltopor.hu\/en\/\"]}]},{\"@type\":\"BreadcrumbList\",\"@id\":\"https:\/\/szojaoltopor.hu\/en\/#breadcrumb\",\"itemListElement\":[{\"@type\":\"ListItem\",\"position\":1,\"name\":\"Kezd\u0151lap\",\"item\":\"https:\/\/szojaoltopor.hu\/en\/\"},{\"@type\":\"ListItem\",\"position\":2,\"name\":\"Home\"}]},{\"@type\":\"WebSite\",\"@id\":\"https:\/\/szojaoltopor.hu\/en\/#website\",\"url\":\"https:\/\/szojaoltopor.hu\/en\/\",\"name\":\"Blue Seed - Sz\u00f3jaolt\u00f3por\",\"description\":\"RhizoNat Extra term\u00e9szetes sz\u00f3ja olt\u00f3anyag\",\"potentialAction\":[{\"@type\":\"SearchAction\",\"target\":{\"@type\":\"EntryPoint\",\"urlTemplate\":\"https:\/\/szojaoltopor.hu\/en\/?s={search_term_string}\"},\"query-input\":\"required name=search_term_string\"}],\"inLanguage\":\"en-US\"}]}<\/script>\n<!-- \/ Yoast SEO plugin. -->","yoast_head_json":{"title":"Home - Blue Seed - Sz\u00f3jaolt\u00f3por","robots":{"index":"index","follow":"follow","max-snippet":"max-snippet:-1","max-image-preview":"max-image-preview:large","max-video-preview":"max-video-preview:-1"},"canonical":"https:\/\/szojaoltopor.hu\/en\/","og_locale":"en_US","og_type":"article","og_title":"Home - Blue Seed - Sz\u00f3jaolt\u00f3por","og_description":"\u201eWelcome to our new website! Our mission is to develop and produce soybean powder and soybean concentrate for inoculation. We work to make our products available in the right quality and quantity every year, taking into account the challenges of nature and farming. We look forward to cooperating with you to build the demand of [&hellip;]","og_url":"https:\/\/szojaoltopor.hu\/en\/","og_site_name":"Blue Seed - Sz\u00f3jaolt\u00f3por","article_modified_time":"2021-02-04T03:17:50+00:00","twitter_card":"summary_large_image","twitter_misc":{"Est. reading time":"2 minutes"},"schema":{"@context":"https:\/\/schema.org","@graph":[{"@type":"WebPage","@id":"https:\/\/szojaoltopor.hu\/en\/","url":"https:\/\/szojaoltopor.hu\/en\/","name":"Home - Blue Seed - Sz\u00f3jaolt\u00f3por","isPartOf":{"@id":"https:\/\/szojaoltopor.hu\/en\/#website"},"datePublished":"2021-01-18T11:19:49+00:00","dateModified":"2021-02-04T03:17:50+00:00","breadcrumb":{"@id":"https:\/\/szojaoltopor.hu\/en\/#breadcrumb"},"inLanguage":"en-US","potentialAction":[{"@type":"ReadAction","target":["https:\/\/szojaoltopor.hu\/en\/"]}]},{"@type":"BreadcrumbList","@id":"https:\/\/szojaoltopor.hu\/en\/#breadcrumb","itemListElement":[{"@type":"ListItem","position":1,"name":"Kezd\u0151lap","item":"https:\/\/szojaoltopor.hu\/en\/"},{"@type":"ListItem","position":2,"name":"Home"}]},{"@type":"WebSite","@id":"https:\/\/szojaoltopor.hu\/en\/#website","url":"https:\/\/szojaoltopor.hu\/en\/","name":"Blue Seed - Sz\u00f3jaolt\u00f3por","description":"RhizoNat Extra term\u00e9szetes sz\u00f3ja olt\u00f3anyag","potentialAction":[{"@type":"SearchAction","target":{"@type":"EntryPoint","urlTemplate":"https:\/\/szojaoltopor.hu\/en\/?s={search_term_string}"},"query-input":"required name=search_term_string"}],"inLanguage":"en-US"}]}},"_links":{"self":[{"href":"https:\/\/szojaoltopor.hu\/en\/wp-json\/wp\/v2\/pages\/610"}],"collection":[{"href":"https:\/\/szojaoltopor.hu\/en\/wp-json\/wp\/v2\/pages"}],"about":[{"href":"https:\/\/szojaoltopor.hu\/en\/wp-json\/wp\/v2\/types\/page"}],"author":[{"embeddable":true,"href":"https:\/\/szojaoltopor.hu\/en\/wp-json\/wp\/v2\/users\/1"}],"replies":[{"embeddable":true,"href":"https:\/\/szojaoltopor.hu\/en\/wp-json\/wp\/v2\/comments?post=610"}],"version-history":[{"count":9,"href":"https:\/\/szojaoltopor.hu\/en\/wp-json\/wp\/v2\/pages\/610\/revisions"}],"predecessor-version":[{"id":891,"href":"https:\/\/szojaoltopor.hu\/en\/wp-json\/wp\/v2\/pages\/610\/revisions\/891"}],"wp:attachment":[{"href":"https:\/\/szojaoltopor.hu\/en\/wp-json\/wp\/v2\/media?parent=610"}],"curies":[{"name":"wp","href":"https:\/\/api.w.org\/{rel}","templated":true}]}}