{"id":615,"date":"2020-12-01T08:16:54","date_gmt":"2020-12-01T08:16:54","guid":{"rendered":"https:\/\/demo.szojaoltopor.hu\/?page_id=615"},"modified":"2021-01-25T11:37:13","modified_gmt":"2021-01-25T11:37:13","slug":"gallery","status":"publish","type":"page","link":"https:\/\/szojaoltopor.hu\/en\/gallery\/","title":{"rendered":"Gallery"},"content":{"rendered":"<p>[et_pb_section fb_built=&#8221;1&#8243; fullwidth=&#8221;on&#8221; _builder_version=&#8221;4.7.4&#8243; _module_preset=&#8221;default&#8221;][et_pb_fullwidth_header title=&#8221;Gallery&#8221; background_overlay_color=&#8221;rgba(0,0,0,0.61)&#8221; _builder_version=&#8221;4.8.1&#8243; _module_preset=&#8221;default&#8221; title_font=&#8221;|600|||||||&#8221; title_letter_spacing=&#8221;1px&#8221; title_line_height=&#8221;2em&#8221; background_enable_color=&#8221;off&#8221; background_image=&#8221;https:\/\/szojaoltopor.hu\/wp-content\/uploads\/2020\/12\/szoja-szojaoltopor-blue-seed.jpg&#8221;][\/et_pb_fullwidth_header][\/et_pb_section][et_pb_section fb_built=&#8221;1&#8243; _builder_version=&#8221;4.7.4&#8243; _module_preset=&#8221;default&#8221; custom_padding=&#8221;25px||24px|||&#8221;][et_pb_row _builder_version=&#8221;4.7.5&#8243; _module_preset=&#8221;default&#8221;][et_pb_column type=&#8221;4_4&#8243; _builder_version=&#8221;4.7.5&#8243; _module_preset=&#8221;default&#8221;][et_pb_text _builder_version=&#8221;4.8.1&#8243; _module_preset=&#8221;default&#8221;]<\/p>\n<h2><strong>Photos of soybean inoculation and its application<\/strong><\/h2>\n<p>[\/et_pb_text][\/et_pb_column][\/et_pb_row][et_pb_row _builder_version=&#8221;4.7.5&#8243; _module_preset=&#8221;default&#8221;][et_pb_column type=&#8221;4_4&#8243; _builder_version=&#8221;4.7.5&#8243; _module_preset=&#8221;default&#8221;][et_pb_gallery gallery_ids=&#8221;710,677,678,684,709,711,702,688,687,686,685,689,671,819&#8243; posts_number=&#8221;100&#8243; show_pagination=&#8221;off&#8221; hover_icon=&#8221;%%51%%&#8221; _builder_version=&#8221;4.8.1&#8243; _module_preset=&#8221;default&#8221; title_font_size=&#8221;14px&#8221; title_line_height=&#8221;1.7em&#8221; caption_font_size=&#8221;13px&#8221; caption_line_height=&#8221;21px&#8221; text_orientation=&#8221;center&#8221; hover_enabled=&#8221;0&#8243; sticky_enabled=&#8221;0&#8243;][\/et_pb_gallery][\/et_pb_column][\/et_pb_row][\/et_pb_section][et_pb_section fb_built=&#8221;1&#8243; _builder_version=&#8221;4.7.4&#8243; _module_preset=&#8221;default&#8221; custom_padding=&#8221;8px||63px|||&#8221;][et_pb_row _builder_version=&#8221;4.7.5&#8243; _module_preset=&#8221;default&#8221;][et_pb_column type=&#8221;4_4&#8243; _builder_version=&#8221;4.7.5&#8243; _module_preset=&#8221;default&#8221;][et_pb_text _builder_version=&#8221;4.8.1&#8243; _module_preset=&#8221;default&#8221; hover_enabled=&#8221;0&#8243; sticky_enabled=&#8221;0&#8243;]<\/p>\n<h2><strong>Photos of soybean yield experiments<\/strong><\/h2>\n<p>[\/et_pb_text][\/et_pb_column][\/et_pb_row][et_pb_row _builder_version=&#8221;4.7.5&#8243; _module_preset=&#8221;default&#8221;][et_pb_column type=&#8221;4_4&#8243; _builder_version=&#8221;4.7.5&#8243; _module_preset=&#8221;default&#8221;][et_pb_gallery gallery_ids=&#8221;622,749,620,748,737,747,738,739,736,740,745,741,744,742,743&#8243; posts_number=&#8221;100&#8243; show_pagination=&#8221;off&#8221; hover_icon=&#8221;%%51%%&#8221; _builder_version=&#8221;4.7.5&#8243; _module_preset=&#8221;default&#8221; title_font_size=&#8221;14px&#8221; title_line_height=&#8221;1.7em&#8221; caption_font_size=&#8221;13px&#8221; caption_line_height=&#8221;21px&#8221;][\/et_pb_gallery][\/et_pb_column][\/et_pb_row][\/et_pb_section]<\/p>\n","protected":false},"excerpt":{"rendered":"<p>Photos of soybean inoculation and its applicationPhotos of soybean yield experiments<\/p>\n","protected":false},"author":3,"featured_media":0,"parent":0,"menu_order":0,"comment_status":"closed","ping_status":"closed","template":"","meta":{"_et_pb_use_builder":"on","_et_pb_old_content":"","_et_gb_content_width":""},"yoast_head":"<!-- This site is optimized with the Yoast SEO plugin v20.12 - https:\/\/yoast.com\/wordpress\/plugins\/seo\/ -->\n<title>Gallery - Blue Seed - Sz\u00f3jaolt\u00f3por<\/title>\n<meta name=\"robots\" content=\"index, follow, max-snippet:-1, max-image-preview:large, max-video-preview:-1\" \/>\n<link rel=\"canonical\" href=\"https:\/\/szojaoltopor.hu\/en\/gallery\/\" \/>\n<meta property=\"og:locale\" content=\"en_US\" \/>\n<meta property=\"og:type\" content=\"article\" \/>\n<meta property=\"og:title\" content=\"Gallery - Blue Seed - Sz\u00f3jaolt\u00f3por\" \/>\n<meta property=\"og:description\" content=\"Photos of soybean inoculation and its applicationPhotos of soybean yield experiments\" \/>\n<meta property=\"og:url\" content=\"https:\/\/szojaoltopor.hu\/en\/gallery\/\" \/>\n<meta property=\"og:site_name\" content=\"Blue Seed - Sz\u00f3jaolt\u00f3por\" \/>\n<meta property=\"article:modified_time\" content=\"2021-01-25T11:37:13+00:00\" \/>\n<meta name=\"twitter:card\" content=\"summary_large_image\" \/>\n<meta name=\"twitter:label1\" content=\"Est. reading time\" \/>\n\t<meta name=\"twitter:data1\" content=\"1 minute\" \/>\n<script type=\"application\/ld+json\" class=\"yoast-schema-graph\">{\"@context\":\"https:\/\/schema.org\",\"@graph\":[{\"@type\":\"WebPage\",\"@id\":\"https:\/\/szojaoltopor.hu\/en\/gallery\/\",\"url\":\"https:\/\/szojaoltopor.hu\/en\/gallery\/\",\"name\":\"Gallery - Blue Seed - Sz\u00f3jaolt\u00f3por\",\"isPartOf\":{\"@id\":\"https:\/\/szojaoltopor.hu\/en\/#website\"},\"datePublished\":\"2020-12-01T08:16:54+00:00\",\"dateModified\":\"2021-01-25T11:37:13+00:00\",\"breadcrumb\":{\"@id\":\"https:\/\/szojaoltopor.hu\/en\/gallery\/#breadcrumb\"},\"inLanguage\":\"en-US\",\"potentialAction\":[{\"@type\":\"ReadAction\",\"target\":[\"https:\/\/szojaoltopor.hu\/en\/gallery\/\"]}]},{\"@type\":\"BreadcrumbList\",\"@id\":\"https:\/\/szojaoltopor.hu\/en\/gallery\/#breadcrumb\",\"itemListElement\":[{\"@type\":\"ListItem\",\"position\":1,\"name\":\"Kezd\u0151lap\",\"item\":\"https:\/\/szojaoltopor.hu\/en\/\"},{\"@type\":\"ListItem\",\"position\":2,\"name\":\"Gallery\"}]},{\"@type\":\"WebSite\",\"@id\":\"https:\/\/szojaoltopor.hu\/en\/#website\",\"url\":\"https:\/\/szojaoltopor.hu\/en\/\",\"name\":\"Blue Seed - Sz\u00f3jaolt\u00f3por\",\"description\":\"RhizoNat Extra term\u00e9szetes sz\u00f3ja olt\u00f3anyag\",\"potentialAction\":[{\"@type\":\"SearchAction\",\"target\":{\"@type\":\"EntryPoint\",\"urlTemplate\":\"https:\/\/szojaoltopor.hu\/en\/?s={search_term_string}\"},\"query-input\":\"required name=search_term_string\"}],\"inLanguage\":\"en-US\"}]}<\/script>\n<!-- \/ Yoast SEO plugin. -->","yoast_head_json":{"title":"Gallery - Blue Seed - Sz\u00f3jaolt\u00f3por","robots":{"index":"index","follow":"follow","max-snippet":"max-snippet:-1","max-image-preview":"max-image-preview:large","max-video-preview":"max-video-preview:-1"},"canonical":"https:\/\/szojaoltopor.hu\/en\/gallery\/","og_locale":"en_US","og_type":"article","og_title":"Gallery - Blue Seed - Sz\u00f3jaolt\u00f3por","og_description":"Photos of soybean inoculation and its applicationPhotos of soybean yield experiments","og_url":"https:\/\/szojaoltopor.hu\/en\/gallery\/","og_site_name":"Blue Seed - Sz\u00f3jaolt\u00f3por","article_modified_time":"2021-01-25T11:37:13+00:00","twitter_card":"summary_large_image","twitter_misc":{"Est. reading time":"1 minute"},"schema":{"@context":"https:\/\/schema.org","@graph":[{"@type":"WebPage","@id":"https:\/\/szojaoltopor.hu\/en\/gallery\/","url":"https:\/\/szojaoltopor.hu\/en\/gallery\/","name":"Gallery - Blue Seed - Sz\u00f3jaolt\u00f3por","isPartOf":{"@id":"https:\/\/szojaoltopor.hu\/en\/#website"},"datePublished":"2020-12-01T08:16:54+00:00","dateModified":"2021-01-25T11:37:13+00:00","breadcrumb":{"@id":"https:\/\/szojaoltopor.hu\/en\/gallery\/#breadcrumb"},"inLanguage":"en-US","potentialAction":[{"@type":"ReadAction","target":["https:\/\/szojaoltopor.hu\/en\/gallery\/"]}]},{"@type":"BreadcrumbList","@id":"https:\/\/szojaoltopor.hu\/en\/gallery\/#breadcrumb","itemListElement":[{"@type":"ListItem","position":1,"name":"Kezd\u0151lap","item":"https:\/\/szojaoltopor.hu\/en\/"},{"@type":"ListItem","position":2,"name":"Gallery"}]},{"@type":"WebSite","@id":"https:\/\/szojaoltopor.hu\/en\/#website","url":"https:\/\/szojaoltopor.hu\/en\/","name":"Blue Seed - Sz\u00f3jaolt\u00f3por","description":"RhizoNat Extra term\u00e9szetes sz\u00f3ja olt\u00f3anyag","potentialAction":[{"@type":"SearchAction","target":{"@type":"EntryPoint","urlTemplate":"https:\/\/szojaoltopor.hu\/en\/?s={search_term_string}"},"query-input":"required name=search_term_string"}],"inLanguage":"en-US"}]}},"_links":{"self":[{"href":"https:\/\/szojaoltopor.hu\/en\/wp-json\/wp\/v2\/pages\/615"}],"collection":[{"href":"https:\/\/szojaoltopor.hu\/en\/wp-json\/wp\/v2\/pages"}],"about":[{"href":"https:\/\/szojaoltopor.hu\/en\/wp-json\/wp\/v2\/types\/page"}],"author":[{"embeddable":true,"href":"https:\/\/szojaoltopor.hu\/en\/wp-json\/wp\/v2\/users\/3"}],"replies":[{"embeddable":true,"href":"https:\/\/szojaoltopor.hu\/en\/wp-json\/wp\/v2\/comments?post=615"}],"version-history":[{"count":14,"href":"https:\/\/szojaoltopor.hu\/en\/wp-json\/wp\/v2\/pages\/615\/revisions"}],"predecessor-version":[{"id":838,"href":"https:\/\/szojaoltopor.hu\/en\/wp-json\/wp\/v2\/pages\/615\/revisions\/838"}],"wp:attachment":[{"href":"https:\/\/szojaoltopor.hu\/en\/wp-json\/wp\/v2\/media?parent=615"}],"curies":[{"name":"wp","href":"https:\/\/api.w.org\/{rel}","templated":true}]}}