{"id":624,"date":"2021-01-18T11:27:16","date_gmt":"2021-01-18T11:27:16","guid":{"rendered":"https:\/\/demo.szojaoltopor.hu\/?page_id=624"},"modified":"2022-01-25T14:43:35","modified_gmt":"2022-01-25T14:43:35","slug":"imprint","status":"publish","type":"page","link":"https:\/\/szojaoltopor.hu\/en\/imprint\/","title":{"rendered":"Imprint"},"content":{"rendered":"<p>[et_pb_section fb_built=&#8221;1&#8243; fullwidth=&#8221;on&#8221; _builder_version=&#8221;4.7.4&#8243; _module_preset=&#8221;default&#8221; global_colors_info=&#8221;{}&#8221;][et_pb_fullwidth_header title=&#8221;Imprint&#8221; background_overlay_color=&#8221;rgba(0,0,0,0.61)&#8221; _builder_version=&#8221;4.7.7&#8243; _module_preset=&#8221;default&#8221; title_font=&#8221;|600|||||||&#8221; title_letter_spacing=&#8221;1px&#8221; title_line_height=&#8221;2em&#8221; background_enable_color=&#8221;off&#8221; background_image=&#8221;https:\/\/szojaoltopor.hu\/wp-content\/uploads\/2020\/12\/szoja-szojaoltopor-blue-seed.jpg&#8221; global_colors_info=&#8221;{}&#8221;][\/et_pb_fullwidth_header][\/et_pb_section][et_pb_section fb_built=&#8221;1&#8243; _builder_version=&#8221;4.7.4&#8243; _module_preset=&#8221;default&#8221; global_colors_info=&#8221;{}&#8221;][et_pb_row _builder_version=&#8221;4.7.4&#8243; _module_preset=&#8221;default&#8221; global_colors_info=&#8221;{}&#8221;][et_pb_column type=&#8221;4_4&#8243; _builder_version=&#8221;4.7.4&#8243; _module_preset=&#8221;default&#8221; global_colors_info=&#8221;{}&#8221;][et_pb_text _builder_version=&#8221;4.14.4&#8243; _module_preset=&#8221;default&#8221; text_font=&#8221;|600|||||||&#8221; hover_enabled=&#8221;0&#8243; global_colors_info=&#8221;{}&#8221; sticky_enabled=&#8221;0&#8243;]<\/p>\n<h2>Blue Seed Kft.<\/h2>\n<p>&nbsp;<\/p>\n<p>7095 Iregszemcse, Napraforg\u00f3 u. 1<\/p>\n<p>Tel: +36-30\/632-4642<\/p>\n<p>E-mail.: <a href=\"mailto:blueseedkft@gmail.com\">blueseedkft@gmail.com<\/a><\/p>\n<p>A weboldal\u00a0tartalm\u00e1val kapcsolatos \u00e9szrev\u00e9teleit, \u00e9s hib\u00e1s m\u0171k\u00f6d\u00e9s\u00e9t a <a href=\"mailto:blueseedkft@t-online.hu\">blueseedkft@t-online.hu<\/a>\u00a0c\u00edmen jelezheti.<\/p>\n<div class=\"entry\">\n<p>&nbsp;<\/p>\n<p>A www.szojaoltopor.hu honlapot a\u00a0<a href=\"http:\/\/www.honlapmanufaktura.hu\/\">Honlapmanufakt\u00fara\u00a0<\/a>k\u00e9sz\u00edtette \u00e9s tartja karban, valamint informatikai h\u00e1tter\u00e9t is\u00a0 fel\u00fcgyeli.\u00a0A honlapot a\u00a0<a href=\"http:\/\/www.honlapmanufaktura.hu\/\">Honlapmaufakt\u00fara\u00a0<\/a>csapata k\u00e9sz\u00edtette. Ha kedvez\u0151 \u00e1ron szeretne ig\u00e9nyes, modern honlapot k\u00e9sz\u00edttetni vagy online marketingj\u00e9n szeretne jav\u00edtani, forduljon hozz\u00e1nk bizalommal!<\/p>\n<p>&nbsp;<\/p>\n<\/div>\n<p>[\/et_pb_text][\/et_pb_column][\/et_pb_row][\/et_pb_section]<\/p>\n","protected":false},"excerpt":{"rendered":"<p>Blue Seed Kft. &nbsp; 7095 Iregszemcse, Napraforg\u00f3 u. 1 Tel: +36-30\/632-4642 E-mail.: blueseedkft@gmail.com A weboldal\u00a0tartalm\u00e1val kapcsolatos \u00e9szrev\u00e9teleit, \u00e9s hib\u00e1s m\u0171k\u00f6d\u00e9s\u00e9t a blueseedkft@t-online.hu\u00a0c\u00edmen jelezheti. &nbsp; A www.szojaoltopor.hu honlapot a\u00a0Honlapmanufakt\u00fara\u00a0k\u00e9sz\u00edtette \u00e9s tartja karban, valamint informatikai h\u00e1tter\u00e9t is\u00a0 fel\u00fcgyeli.\u00a0A honlapot a\u00a0Honlapmaufakt\u00fara\u00a0csapata k\u00e9sz\u00edtette. Ha kedvez\u0151 \u00e1ron szeretne ig\u00e9nyes, modern honlapot k\u00e9sz\u00edttetni vagy online marketingj\u00e9n szeretne jav\u00edtani, forduljon hozz\u00e1nk bizalommal! [&hellip;]<\/p>\n","protected":false},"author":1,"featured_media":0,"parent":0,"menu_order":0,"comment_status":"closed","ping_status":"closed","template":"","meta":{"_et_pb_use_builder":"on","_et_pb_old_content":"<p>[et_pb_section fb_built=\"1\" fullwidth=\"on\" _builder_version=\"4.7.4\" _module_preset=\"default\"][et_pb_fullwidth_header title=\"Impresszum\" background_overlay_color=\"rgba(0,0,0,0.61)\" _builder_version=\"4.7.7\" _module_preset=\"default\" title_font=\"|600|||||||\" title_letter_spacing=\"1px\" title_line_height=\"2em\" background_enable_color=\"off\" background_image=\"https:\/\/szojaoltopor.hu\/wp-content\/uploads\/2020\/12\/szoja-szojaoltopor-blue-seed.jpg\" hover_enabled=\"0\" sticky_enabled=\"0\"][\/et_pb_fullwidth_header][\/et_pb_section][et_pb_section fb_built=\"1\" _builder_version=\"4.7.4\" _module_preset=\"default\"][et_pb_row _builder_version=\"4.7.4\" _module_preset=\"default\"][et_pb_column type=\"4_4\" _builder_version=\"4.7.4\" _module_preset=\"default\"][et_pb_text _builder_version=\"4.7.7\" _module_preset=\"default\" text_font=\"|600|||||||\" hover_enabled=\"0\" sticky_enabled=\"0\"]<\/p><h2>Blue Seed Kft.<\/h2><p>\u00a0<\/p><p>7095 Iregszemcse, Napraforg\u00f3 u. 1<\/p><p>Tel: +36-30\/632-4642<\/p><p>E-mail.: <a href=\"mailto:blueseedkft@t-online.hu\">blueseedkft@t-online.hu<\/a>\u00a0<\/p><p>A weboldal\u00a0tartalm\u00e1val kapcsolatos \u00e9szrev\u00e9teleit, \u00e9s hib\u00e1s m\u0171k\u00f6d\u00e9s\u00e9t a <a href=\"mailto:blueseedkft@t-online.hu\">blueseedkft@t-online.hu<\/a>\u00a0c\u00edmen jelezheti.<\/p><div class=\"entry\"><p>\u00a0<\/p><p>A www.szojaoltopor.hu honlapot a\u00a0<a href=\"http:\/\/www.honlapmanufaktura.hu\/\">Honlapmanufakt\u00fara\u00a0<\/a>k\u00e9sz\u00edtette \u00e9s tartja karban, valamint informatikai h\u00e1tter\u00e9t is\u00a0 fel\u00fcgyeli.\u00a0A honlapot a\u00a0<a href=\"http:\/\/www.honlapmanufaktura.hu\/\">Honlapmaufakt\u00fara\u00a0<\/a>csapata k\u00e9sz\u00edtette. Ha kedvez\u0151 \u00e1ron szeretne ig\u00e9nyes, modern honlapot k\u00e9sz\u00edttetni vagy online marketingj\u00e9n szeretne jav\u00edtani, forduljon hozz\u00e1nk bizalommal!<\/p><p>\u00a0<\/p><\/div><p>[\/et_pb_text][\/et_pb_column][\/et_pb_row][\/et_pb_section]<\/p>","_et_gb_content_width":""},"yoast_head":"<!-- This site is optimized with the Yoast SEO plugin v20.12 - https:\/\/yoast.com\/wordpress\/plugins\/seo\/ -->\n<title>Imprint - Blue Seed - Sz\u00f3jaolt\u00f3por<\/title>\n<meta name=\"robots\" content=\"index, follow, max-snippet:-1, max-image-preview:large, max-video-preview:-1\" \/>\n<link rel=\"canonical\" href=\"https:\/\/szojaoltopor.hu\/en\/imprint\/\" \/>\n<meta property=\"og:locale\" content=\"en_US\" \/>\n<meta property=\"og:type\" content=\"article\" \/>\n<meta property=\"og:title\" content=\"Imprint - Blue Seed - Sz\u00f3jaolt\u00f3por\" \/>\n<meta property=\"og:description\" content=\"Blue Seed Kft. &nbsp; 7095 Iregszemcse, Napraforg\u00f3 u. 1 Tel: +36-30\/632-4642 E-mail.: blueseedkft@gmail.com A weboldal\u00a0tartalm\u00e1val kapcsolatos \u00e9szrev\u00e9teleit, \u00e9s hib\u00e1s m\u0171k\u00f6d\u00e9s\u00e9t a blueseedkft@t-online.hu\u00a0c\u00edmen jelezheti. &nbsp; A www.szojaoltopor.hu honlapot a\u00a0Honlapmanufakt\u00fara\u00a0k\u00e9sz\u00edtette \u00e9s tartja karban, valamint informatikai h\u00e1tter\u00e9t is\u00a0 fel\u00fcgyeli.\u00a0A honlapot a\u00a0Honlapmaufakt\u00fara\u00a0csapata k\u00e9sz\u00edtette. Ha kedvez\u0151 \u00e1ron szeretne ig\u00e9nyes, modern honlapot k\u00e9sz\u00edttetni vagy online marketingj\u00e9n szeretne jav\u00edtani, forduljon hozz\u00e1nk bizalommal! [&hellip;]\" \/>\n<meta property=\"og:url\" content=\"https:\/\/szojaoltopor.hu\/en\/imprint\/\" \/>\n<meta property=\"og:site_name\" content=\"Blue Seed - Sz\u00f3jaolt\u00f3por\" \/>\n<meta property=\"article:modified_time\" content=\"2022-01-25T14:43:35+00:00\" \/>\n<meta name=\"twitter:card\" content=\"summary_large_image\" \/>\n<meta name=\"twitter:label1\" content=\"Est. reading time\" \/>\n\t<meta name=\"twitter:data1\" content=\"1 minute\" \/>\n<script type=\"application\/ld+json\" class=\"yoast-schema-graph\">{\"@context\":\"https:\/\/schema.org\",\"@graph\":[{\"@type\":\"WebPage\",\"@id\":\"https:\/\/szojaoltopor.hu\/en\/imprint\/\",\"url\":\"https:\/\/szojaoltopor.hu\/en\/imprint\/\",\"name\":\"Imprint - Blue Seed - Sz\u00f3jaolt\u00f3por\",\"isPartOf\":{\"@id\":\"https:\/\/szojaoltopor.hu\/en\/#website\"},\"datePublished\":\"2021-01-18T11:27:16+00:00\",\"dateModified\":\"2022-01-25T14:43:35+00:00\",\"breadcrumb\":{\"@id\":\"https:\/\/szojaoltopor.hu\/en\/imprint\/#breadcrumb\"},\"inLanguage\":\"en-US\",\"potentialAction\":[{\"@type\":\"ReadAction\",\"target\":[\"https:\/\/szojaoltopor.hu\/en\/imprint\/\"]}]},{\"@type\":\"BreadcrumbList\",\"@id\":\"https:\/\/szojaoltopor.hu\/en\/imprint\/#breadcrumb\",\"itemListElement\":[{\"@type\":\"ListItem\",\"position\":1,\"name\":\"Kezd\u0151lap\",\"item\":\"https:\/\/szojaoltopor.hu\/en\/\"},{\"@type\":\"ListItem\",\"position\":2,\"name\":\"Imprint\"}]},{\"@type\":\"WebSite\",\"@id\":\"https:\/\/szojaoltopor.hu\/en\/#website\",\"url\":\"https:\/\/szojaoltopor.hu\/en\/\",\"name\":\"Blue Seed - Sz\u00f3jaolt\u00f3por\",\"description\":\"RhizoNat Extra term\u00e9szetes sz\u00f3ja olt\u00f3anyag\",\"potentialAction\":[{\"@type\":\"SearchAction\",\"target\":{\"@type\":\"EntryPoint\",\"urlTemplate\":\"https:\/\/szojaoltopor.hu\/en\/?s={search_term_string}\"},\"query-input\":\"required name=search_term_string\"}],\"inLanguage\":\"en-US\"}]}<\/script>\n<!-- \/ Yoast SEO plugin. -->","yoast_head_json":{"title":"Imprint - Blue Seed - Sz\u00f3jaolt\u00f3por","robots":{"index":"index","follow":"follow","max-snippet":"max-snippet:-1","max-image-preview":"max-image-preview:large","max-video-preview":"max-video-preview:-1"},"canonical":"https:\/\/szojaoltopor.hu\/en\/imprint\/","og_locale":"en_US","og_type":"article","og_title":"Imprint - Blue Seed - Sz\u00f3jaolt\u00f3por","og_description":"Blue Seed Kft. &nbsp; 7095 Iregszemcse, Napraforg\u00f3 u. 1 Tel: +36-30\/632-4642 E-mail.: blueseedkft@gmail.com A weboldal\u00a0tartalm\u00e1val kapcsolatos \u00e9szrev\u00e9teleit, \u00e9s hib\u00e1s m\u0171k\u00f6d\u00e9s\u00e9t a blueseedkft@t-online.hu\u00a0c\u00edmen jelezheti. &nbsp; A www.szojaoltopor.hu honlapot a\u00a0Honlapmanufakt\u00fara\u00a0k\u00e9sz\u00edtette \u00e9s tartja karban, valamint informatikai h\u00e1tter\u00e9t is\u00a0 fel\u00fcgyeli.\u00a0A honlapot a\u00a0Honlapmaufakt\u00fara\u00a0csapata k\u00e9sz\u00edtette. Ha kedvez\u0151 \u00e1ron szeretne ig\u00e9nyes, modern honlapot k\u00e9sz\u00edttetni vagy online marketingj\u00e9n szeretne jav\u00edtani, forduljon hozz\u00e1nk bizalommal! [&hellip;]","og_url":"https:\/\/szojaoltopor.hu\/en\/imprint\/","og_site_name":"Blue Seed - Sz\u00f3jaolt\u00f3por","article_modified_time":"2022-01-25T14:43:35+00:00","twitter_card":"summary_large_image","twitter_misc":{"Est. reading time":"1 minute"},"schema":{"@context":"https:\/\/schema.org","@graph":[{"@type":"WebPage","@id":"https:\/\/szojaoltopor.hu\/en\/imprint\/","url":"https:\/\/szojaoltopor.hu\/en\/imprint\/","name":"Imprint - Blue Seed - Sz\u00f3jaolt\u00f3por","isPartOf":{"@id":"https:\/\/szojaoltopor.hu\/en\/#website"},"datePublished":"2021-01-18T11:27:16+00:00","dateModified":"2022-01-25T14:43:35+00:00","breadcrumb":{"@id":"https:\/\/szojaoltopor.hu\/en\/imprint\/#breadcrumb"},"inLanguage":"en-US","potentialAction":[{"@type":"ReadAction","target":["https:\/\/szojaoltopor.hu\/en\/imprint\/"]}]},{"@type":"BreadcrumbList","@id":"https:\/\/szojaoltopor.hu\/en\/imprint\/#breadcrumb","itemListElement":[{"@type":"ListItem","position":1,"name":"Kezd\u0151lap","item":"https:\/\/szojaoltopor.hu\/en\/"},{"@type":"ListItem","position":2,"name":"Imprint"}]},{"@type":"WebSite","@id":"https:\/\/szojaoltopor.hu\/en\/#website","url":"https:\/\/szojaoltopor.hu\/en\/","name":"Blue Seed - Sz\u00f3jaolt\u00f3por","description":"RhizoNat Extra term\u00e9szetes sz\u00f3ja olt\u00f3anyag","potentialAction":[{"@type":"SearchAction","target":{"@type":"EntryPoint","urlTemplate":"https:\/\/szojaoltopor.hu\/en\/?s={search_term_string}"},"query-input":"required name=search_term_string"}],"inLanguage":"en-US"}]}},"_links":{"self":[{"href":"https:\/\/szojaoltopor.hu\/en\/wp-json\/wp\/v2\/pages\/624"}],"collection":[{"href":"https:\/\/szojaoltopor.hu\/en\/wp-json\/wp\/v2\/pages"}],"about":[{"href":"https:\/\/szojaoltopor.hu\/en\/wp-json\/wp\/v2\/types\/page"}],"author":[{"embeddable":true,"href":"https:\/\/szojaoltopor.hu\/en\/wp-json\/wp\/v2\/users\/1"}],"replies":[{"embeddable":true,"href":"https:\/\/szojaoltopor.hu\/en\/wp-json\/wp\/v2\/comments?post=624"}],"version-history":[{"count":6,"href":"https:\/\/szojaoltopor.hu\/en\/wp-json\/wp\/v2\/pages\/624\/revisions"}],"predecessor-version":[{"id":1006,"href":"https:\/\/szojaoltopor.hu\/en\/wp-json\/wp\/v2\/pages\/624\/revisions\/1006"}],"wp:attachment":[{"href":"https:\/\/szojaoltopor.hu\/en\/wp-json\/wp\/v2\/media?parent=624"}],"curies":[{"name":"wp","href":"https:\/\/api.w.org\/{rel}","templated":true}]}}