{"id":625,"date":"2021-01-18T11:27:51","date_gmt":"2021-01-18T11:27:51","guid":{"rendered":"https:\/\/demo.szojaoltopor.hu\/?page_id=625"},"modified":"2022-01-25T14:43:04","modified_gmt":"2022-01-25T14:43:04","slug":"contact","status":"publish","type":"page","link":"https:\/\/szojaoltopor.hu\/en\/contact\/","title":{"rendered":"Contact"},"content":{"rendered":"<p>[et_pb_section fb_built=&#8221;1&#8243; fullwidth=&#8221;on&#8221; _builder_version=&#8221;4.7.4&#8243; _module_preset=&#8221;default&#8221; global_colors_info=&#8221;{}&#8221;][et_pb_fullwidth_header title=&#8221;Contact&#8221; background_overlay_color=&#8221;rgba(0,0,0,0.61)&#8221; _builder_version=&#8221;4.8.1&#8243; _module_preset=&#8221;default&#8221; title_font=&#8221;|600|||||||&#8221; title_letter_spacing=&#8221;1px&#8221; title_line_height=&#8221;2em&#8221; background_enable_color=&#8221;off&#8221; background_image=&#8221;https:\/\/szojaoltopor.hu\/wp-content\/uploads\/2020\/12\/szoja-szojaoltopor-blue-seed.jpg&#8221; global_colors_info=&#8221;{}&#8221;][\/et_pb_fullwidth_header][\/et_pb_section][et_pb_section fb_built=&#8221;1&#8243; _builder_version=&#8221;4.7.4&#8243; _module_preset=&#8221;default&#8221; custom_padding=&#8221;25px||49px|||&#8221; global_colors_info=&#8221;{}&#8221;][et_pb_row column_structure=&#8221;3_5,2_5&#8243; _builder_version=&#8221;4.7.4&#8243; _module_preset=&#8221;default&#8221; custom_margin=&#8221;7px|auto|12px|auto||&#8221; custom_padding=&#8221;12px||9px|||&#8221; global_colors_info=&#8221;{}&#8221;][et_pb_column type=&#8221;3_5&#8243; _builder_version=&#8221;4.7.4&#8243; _module_preset=&#8221;default&#8221; global_colors_info=&#8221;{}&#8221;][et_pb_text _builder_version=&#8221;4.14.4&#8243; _module_preset=&#8221;default&#8221; text_font=&#8221;Open Sans||||||||&#8221; text_line_height=&#8221;1.8em&#8221; header_2_font_size=&#8221;22px&#8221; header_2_line_height=&#8221;2em&#8221; header_3_font_size=&#8221;20px&#8221; header_3_line_height=&#8221;3em&#8221; hover_enabled=&#8221;0&#8243; text_font_size_tablet=&#8221;15px&#8221; text_font_size_phone=&#8221;14px&#8221; text_font_size_last_edited=&#8221;on|tablet&#8221; global_colors_info=&#8221;{}&#8221; sticky_enabled=&#8221;0&#8243;]<\/p>\n<h2><\/h2>\n<p><strong><img decoding=\"async\" class=\"wp-image-100 alignnone size-medium\" src=\"\/wp-content\/uploads\/2020\/12\/ujlogo-blue-seed.jpg\" alt=\"blue seed\" width=\"300\" height=\"86\" \/><\/strong><\/p>\n<h3><strong>Blue Seed Kft.<\/strong><\/h3>\n<p><strong>Office:<\/strong>\u00a08667 K\u00e1nya, F\u0151 utca 171\/9. hrsz.<\/p>\n<p><b>GPS: <\/b>46.691850 N, 18.063577 E<\/p>\n<p><strong>Tax number:<\/strong> 12623048-2-14<\/p>\n<p><strong>Company registration number:<\/strong>\u00a014-09-318176<\/p>\n<p><strong>E-mail:\u00a0<\/strong><a href=\"mailto:blueseedkft@gmail.com\">blueseedkft@gmail.com<\/a>[\/et_pb_text][\/et_pb_column][et_pb_column type=&#8221;2_5&#8243; _builder_version=&#8221;4.7.4&#8243; _module_preset=&#8221;default&#8221; global_colors_info=&#8221;{}&#8221;][et_pb_code _builder_version=&#8221;4.7.7&#8243; _module_preset=&#8221;default&#8221; global_colors_info=&#8221;{}&#8221;]<iframe style=\"border: 0;\" tabindex=\"0\" src=\"https:\/\/www.google.com\/maps\/embed?pb=!1m14!1m12!1m3!1d2301.2713159380696!2d18.061531814087704!3d46.69215413109713!2m3!1f0!2f0!3f0!3m2!1i1024!2i768!4f13.1!5e0!3m2!1shu!2shu!4v1610016461120!5m2!1shu!2shu\" width=\"600\" height=\"450\" frameborder=\"0\" allowfullscreen=\"allowfullscreen\" aria-hidden=\"false\" data-mce-fragment=\"1\"><\/iframe>[\/et_pb_code][\/et_pb_column][\/et_pb_row][et_pb_row column_structure=&#8221;1_2,1_2&#8243; custom_padding_last_edited=&#8221;on|desktop&#8221; _builder_version=&#8221;4.14.4&#8243; _module_preset=&#8221;default&#8221; width=&#8221;50%&#8221; width_tablet=&#8221;80%&#8221; width_phone=&#8221;80%&#8221; width_last_edited=&#8221;on|desktop&#8221; module_alignment=&#8221;center&#8221; custom_margin=&#8221;||||false|false&#8221; custom_padding=&#8221;|||140px|false|false&#8221; custom_padding_tablet=&#8221;|||80px|false|false&#8221; custom_padding_phone=&#8221;|||40px|false|false&#8221; hover_enabled=&#8221;0&#8243; global_colors_info=&#8221;{}&#8221; sticky_enabled=&#8221;0&#8243;][et_pb_column type=&#8221;1_2&#8243; _builder_version=&#8221;4.7.5&#8243; _module_preset=&#8221;default&#8221; global_colors_info=&#8221;{}&#8221;][et_pb_blurb title=&#8221;Tak\u00e1cs Attila&#8221; url=&#8221;tel:+36306324642&#8243; use_icon=&#8221;on&#8221; font_icon=&#8221;&#xe090;||divi||400&#8243; icon_placement=&#8221;left&#8221; _builder_version=&#8221;4.13.0&#8243; _module_preset=&#8221;default&#8221; global_colors_info=&#8221;{}&#8221;]<\/p>\n<p>Tel.: <a href=\"tel:+36-30\/632-4642\">+36-30\/632-4642<\/a><\/p>\n<p>[\/et_pb_blurb][\/et_pb_column][et_pb_column type=&#8221;1_2&#8243; _builder_version=&#8221;4.7.5&#8243; _module_preset=&#8221;default&#8221; global_colors_info=&#8221;{}&#8221;][\/et_pb_column][\/et_pb_row][et_pb_row _builder_version=&#8221;4.7.4&#8243; _module_preset=&#8221;default&#8221; custom_margin=&#8221;7px|auto|12px|auto||&#8221; custom_padding=&#8221;12px|||||&#8221; global_colors_info=&#8221;{}&#8221;][et_pb_column type=&#8221;4_4&#8243; _builder_version=&#8221;4.7.4&#8243; _module_preset=&#8221;default&#8221; global_colors_info=&#8221;{}&#8221;][et_pb_text _builder_version=&#8221;4.8.1&#8243; _module_preset=&#8221;default&#8221; text_font=&#8221;Open Sans||||||||&#8221; text_line_height=&#8221;1.8em&#8221; custom_margin=&#8221;-7px|||||&#8221; custom_padding=&#8221;11px|||||&#8221; text_font_size_tablet=&#8221;15px&#8221; text_font_size_phone=&#8221;14px&#8221; text_font_size_last_edited=&#8221;on|tablet&#8221; global_colors_info=&#8221;{}&#8221;]<\/p>\n<p><strong>If you have any questions, we are at your disposal via e-mail and\/or phone. <\/strong><\/p>\n<p>[\/et_pb_text][\/et_pb_column][\/et_pb_row][\/et_pb_section]<\/p>\n","protected":false},"excerpt":{"rendered":"<p>Blue Seed Kft. Office:\u00a08667 K\u00e1nya, F\u0151 utca 171\/9. hrsz. GPS: 46.691850 N, 18.063577 E Tax number: 12623048-2-14 Company registration number:\u00a014-09-318176 E-mail:\u00a0blueseedkft@gmail.comTel.: +36-30\/632-4642If you have any questions, we are at your disposal via e-mail and\/or phone.<\/p>\n","protected":false},"author":1,"featured_media":0,"parent":0,"menu_order":0,"comment_status":"closed","ping_status":"closed","template":"","meta":{"_et_pb_use_builder":"on","_et_pb_old_content":"<p>[et_pb_section fb_built=\"1\" fullwidth=\"on\" _builder_version=\"4.7.4\" _module_preset=\"default\"][et_pb_fullwidth_header title=\"Kapcsolat\" background_overlay_color=\"rgba(0,0,0,0.61)\" _builder_version=\"4.7.5\" _module_preset=\"default\" title_font=\"|600|||||||\" title_letter_spacing=\"1px\" title_line_height=\"2em\" background_enable_color=\"off\" background_image=\"https:\/\/szojaoltopor.hu\/wp-content\/uploads\/2020\/12\/szoja-szojaoltopor-blue-seed.jpg\"][\/et_pb_fullwidth_header][\/et_pb_section][et_pb_section fb_built=\"1\" _builder_version=\"4.7.4\" _module_preset=\"default\" custom_padding=\"25px||49px|||\"][et_pb_row column_structure=\"3_5,2_5\" _builder_version=\"4.7.4\" _module_preset=\"default\" custom_margin=\"7px|auto|12px|auto||\" custom_padding=\"12px||9px|||\"][et_pb_column type=\"3_5\" _builder_version=\"4.7.4\" _module_preset=\"default\"][et_pb_text _builder_version=\"4.7.7\" _module_preset=\"default\" text_font=\"Open Sans||||||||\" text_line_height=\"1.8em\" header_2_font_size=\"22px\" header_2_line_height=\"2em\" header_3_font_size=\"20px\" header_3_line_height=\"3em\" text_font_size_tablet=\"15px\" text_font_size_phone=\"14px\" text_font_size_last_edited=\"on|tablet\"]<\/p><h2>\u00a0<\/h2><p><strong><img class=\"wp-image-696 alignnone size-medium\" src=\"https:\/\/szojaoltopor.hu\/wp-content\/uploads\/2020\/12\/blue-seed-szojaoltopor-logo-300x86.png\" alt=\"blue seed\" width=\"300\" height=\"86\" \/><\/strong><\/p><h3><strong>Blue Seed Kft.<\/strong><\/h3><p><strong>Sz\u00e9khely:<\/strong> 7095 Iregszemcse, Napraforg\u00f3 u. 1.<\/p><p><strong>Telephely:<\/strong> 8667 K\u00e1nya, K\u00e1nya-farm<\/p><p><strong>Ad\u00f3sz\u00e1m:<\/strong> 12623048-2-17<\/p><p><strong>C\u00e9gjegyz\u00e9ksz\u00e1m:<\/strong> 17-09-004159<\/p><p><strong>E-mail:\u00a0<\/strong><a href=\"mailto:blueseedkft@t-online.hu\">blueseedkft@t-online.hu,\u00a0<\/a><a href=\"mailto:info@szojaoltopor.hu\">info@szojaoltopor.hu<\/a>[\/et_pb_text][\/et_pb_column][et_pb_column type=\"2_5\" _builder_version=\"4.7.4\" _module_preset=\"default\"][et_pb_code _builder_version=\"4.7.7\" _module_preset=\"default\" hover_enabled=\"0\" sticky_enabled=\"0\"]<iframe style=\"border: 0;\" tabindex=\"0\" src=\"https:\/\/www.google.com\/maps\/embed?pb=!1m14!1m12!1m3!1d2301.2713159380696!2d18.061531814087704!3d46.69215413109713!2m3!1f0!2f0!3f0!3m2!1i1024!2i768!4f13.1!5e0!3m2!1shu!2shu!4v1610016461120!5m2!1shu!2shu\" width=\"600\" height=\"450\" frameborder=\"0\" allowfullscreen=\"allowfullscreen\" aria-hidden=\"false\" data-mce-fragment=\"1\"><\/iframe>[\/et_pb_code][\/et_pb_column][\/et_pb_row][et_pb_row column_structure=\"1_2,1_2\" custom_padding_last_edited=\"on|desktop\" _builder_version=\"4.7.5\" _module_preset=\"default\" width=\"50%\" width_tablet=\"80%\" width_phone=\"80%\" width_last_edited=\"on|desktop\" module_alignment=\"left\" custom_margin=\"||||false|false\" custom_padding=\"|||140px|false|false\" custom_padding_tablet=\"|||80px|false|false\" custom_padding_phone=\"|||40px|false|false\"][et_pb_column type=\"1_2\" _builder_version=\"4.7.5\" _module_preset=\"default\"][et_pb_blurb title=\"Tak\u00e1cs Attila\" url=\"tel:+36306324642\" use_icon=\"on\" font_icon=\"%%264%%\" icon_placement=\"left\" _builder_version=\"4.7.5\" _module_preset=\"default\"]<\/p><p>Tel.: +36-30\/632-4642<\/p><p>[\/et_pb_blurb][\/et_pb_column][et_pb_column type=\"1_2\" _builder_version=\"4.7.5\" _module_preset=\"default\"][et_pb_blurb title=\"Tim\u00e1r Eszter\" url=\"tel:+36305059868\" use_icon=\"on\" font_icon=\"%%264%%\" icon_placement=\"left\" _builder_version=\"4.7.5\" _module_preset=\"default\"]<\/p><p>Tel.: +36-30\/505-9868<\/p><p>[\/et_pb_blurb][\/et_pb_column][\/et_pb_row][et_pb_row _builder_version=\"4.7.4\" _module_preset=\"default\" custom_margin=\"7px|auto|12px|auto||\" custom_padding=\"12px|||||\"][et_pb_column type=\"4_4\" _builder_version=\"4.7.4\" _module_preset=\"default\"][et_pb_text _builder_version=\"4.7.5\" _module_preset=\"default\" text_font=\"Open Sans||||||||\" text_line_height=\"1.8em\" custom_margin=\"-7px|||||\" custom_padding=\"11px|||||\" text_font_size_tablet=\"15px\" text_font_size_phone=\"14px\" text_font_size_last_edited=\"on|tablet\"]<\/p><p><strong>Ha b\u00e1rmilyen k\u00e9rd\u00e9se van, \u00e1llunk rendelkez\u00e9s\u00e9re a fent megadott telefonsz\u00e1mok \u00e9s\/vagy e-mail c\u00edmek egyik\u00e9n.<\/strong><\/p><p>[\/et_pb_text][\/et_pb_column][\/et_pb_row][\/et_pb_section]<\/p>","_et_gb_content_width":""},"yoast_head":"<!-- This site is optimized with the Yoast SEO plugin v20.12 - https:\/\/yoast.com\/wordpress\/plugins\/seo\/ -->\n<title>Contact - Blue Seed - Sz\u00f3jaolt\u00f3por<\/title>\n<meta name=\"robots\" content=\"index, follow, max-snippet:-1, max-image-preview:large, max-video-preview:-1\" \/>\n<link rel=\"canonical\" href=\"https:\/\/szojaoltopor.hu\/en\/contact\/\" \/>\n<meta property=\"og:locale\" content=\"en_US\" \/>\n<meta property=\"og:type\" content=\"article\" \/>\n<meta property=\"og:title\" content=\"Contact - Blue Seed - Sz\u00f3jaolt\u00f3por\" \/>\n<meta property=\"og:description\" content=\"Blue Seed Kft. Office:\u00a08667 K\u00e1nya, F\u0151 utca 171\/9. hrsz. GPS: 46.691850 N, 18.063577 E Tax number: 12623048-2-14 Company registration number:\u00a014-09-318176 E-mail:\u00a0blueseedkft@gmail.comTel.: +36-30\/632-4642If you have any questions, we are at your disposal via e-mail and\/or phone.\" \/>\n<meta property=\"og:url\" content=\"https:\/\/szojaoltopor.hu\/en\/contact\/\" \/>\n<meta property=\"og:site_name\" content=\"Blue Seed - Sz\u00f3jaolt\u00f3por\" \/>\n<meta property=\"article:modified_time\" content=\"2022-01-25T14:43:04+00:00\" \/>\n<meta property=\"og:image\" content=\"https:\/\/szojaoltopor.hu\/wp-content\/uploads\/2020\/12\/ujlogo-blue-seed.jpg\" \/>\n<meta name=\"twitter:card\" content=\"summary_large_image\" \/>\n<meta name=\"twitter:label1\" content=\"Est. reading time\" \/>\n\t<meta name=\"twitter:data1\" content=\"1 minute\" \/>\n<script type=\"application\/ld+json\" class=\"yoast-schema-graph\">{\"@context\":\"https:\/\/schema.org\",\"@graph\":[{\"@type\":\"WebPage\",\"@id\":\"https:\/\/szojaoltopor.hu\/en\/contact\/\",\"url\":\"https:\/\/szojaoltopor.hu\/en\/contact\/\",\"name\":\"Contact - Blue Seed - Sz\u00f3jaolt\u00f3por\",\"isPartOf\":{\"@id\":\"https:\/\/szojaoltopor.hu\/en\/#website\"},\"datePublished\":\"2021-01-18T11:27:51+00:00\",\"dateModified\":\"2022-01-25T14:43:04+00:00\",\"breadcrumb\":{\"@id\":\"https:\/\/szojaoltopor.hu\/en\/contact\/#breadcrumb\"},\"inLanguage\":\"en-US\",\"potentialAction\":[{\"@type\":\"ReadAction\",\"target\":[\"https:\/\/szojaoltopor.hu\/en\/contact\/\"]}]},{\"@type\":\"BreadcrumbList\",\"@id\":\"https:\/\/szojaoltopor.hu\/en\/contact\/#breadcrumb\",\"itemListElement\":[{\"@type\":\"ListItem\",\"position\":1,\"name\":\"Kezd\u0151lap\",\"item\":\"https:\/\/szojaoltopor.hu\/en\/\"},{\"@type\":\"ListItem\",\"position\":2,\"name\":\"Contact\"}]},{\"@type\":\"WebSite\",\"@id\":\"https:\/\/szojaoltopor.hu\/en\/#website\",\"url\":\"https:\/\/szojaoltopor.hu\/en\/\",\"name\":\"Blue Seed - Sz\u00f3jaolt\u00f3por\",\"description\":\"RhizoNat Extra term\u00e9szetes sz\u00f3ja olt\u00f3anyag\",\"potentialAction\":[{\"@type\":\"SearchAction\",\"target\":{\"@type\":\"EntryPoint\",\"urlTemplate\":\"https:\/\/szojaoltopor.hu\/en\/?s={search_term_string}\"},\"query-input\":\"required name=search_term_string\"}],\"inLanguage\":\"en-US\"}]}<\/script>\n<!-- \/ Yoast SEO plugin. -->","yoast_head_json":{"title":"Contact - Blue Seed - Sz\u00f3jaolt\u00f3por","robots":{"index":"index","follow":"follow","max-snippet":"max-snippet:-1","max-image-preview":"max-image-preview:large","max-video-preview":"max-video-preview:-1"},"canonical":"https:\/\/szojaoltopor.hu\/en\/contact\/","og_locale":"en_US","og_type":"article","og_title":"Contact - Blue Seed - Sz\u00f3jaolt\u00f3por","og_description":"Blue Seed Kft. Office:\u00a08667 K\u00e1nya, F\u0151 utca 171\/9. hrsz. GPS: 46.691850 N, 18.063577 E Tax number: 12623048-2-14 Company registration number:\u00a014-09-318176 E-mail:\u00a0blueseedkft@gmail.comTel.: +36-30\/632-4642If you have any questions, we are at your disposal via e-mail and\/or phone.","og_url":"https:\/\/szojaoltopor.hu\/en\/contact\/","og_site_name":"Blue Seed - Sz\u00f3jaolt\u00f3por","article_modified_time":"2022-01-25T14:43:04+00:00","og_image":[{"url":"https:\/\/szojaoltopor.hu\/wp-content\/uploads\/2020\/12\/ujlogo-blue-seed.jpg"}],"twitter_card":"summary_large_image","twitter_misc":{"Est. reading time":"1 minute"},"schema":{"@context":"https:\/\/schema.org","@graph":[{"@type":"WebPage","@id":"https:\/\/szojaoltopor.hu\/en\/contact\/","url":"https:\/\/szojaoltopor.hu\/en\/contact\/","name":"Contact - Blue Seed - Sz\u00f3jaolt\u00f3por","isPartOf":{"@id":"https:\/\/szojaoltopor.hu\/en\/#website"},"datePublished":"2021-01-18T11:27:51+00:00","dateModified":"2022-01-25T14:43:04+00:00","breadcrumb":{"@id":"https:\/\/szojaoltopor.hu\/en\/contact\/#breadcrumb"},"inLanguage":"en-US","potentialAction":[{"@type":"ReadAction","target":["https:\/\/szojaoltopor.hu\/en\/contact\/"]}]},{"@type":"BreadcrumbList","@id":"https:\/\/szojaoltopor.hu\/en\/contact\/#breadcrumb","itemListElement":[{"@type":"ListItem","position":1,"name":"Kezd\u0151lap","item":"https:\/\/szojaoltopor.hu\/en\/"},{"@type":"ListItem","position":2,"name":"Contact"}]},{"@type":"WebSite","@id":"https:\/\/szojaoltopor.hu\/en\/#website","url":"https:\/\/szojaoltopor.hu\/en\/","name":"Blue Seed - Sz\u00f3jaolt\u00f3por","description":"RhizoNat Extra term\u00e9szetes sz\u00f3ja olt\u00f3anyag","potentialAction":[{"@type":"SearchAction","target":{"@type":"EntryPoint","urlTemplate":"https:\/\/szojaoltopor.hu\/en\/?s={search_term_string}"},"query-input":"required name=search_term_string"}],"inLanguage":"en-US"}]}},"_links":{"self":[{"href":"https:\/\/szojaoltopor.hu\/en\/wp-json\/wp\/v2\/pages\/625"}],"collection":[{"href":"https:\/\/szojaoltopor.hu\/en\/wp-json\/wp\/v2\/pages"}],"about":[{"href":"https:\/\/szojaoltopor.hu\/en\/wp-json\/wp\/v2\/types\/page"}],"author":[{"embeddable":true,"href":"https:\/\/szojaoltopor.hu\/en\/wp-json\/wp\/v2\/users\/1"}],"replies":[{"embeddable":true,"href":"https:\/\/szojaoltopor.hu\/en\/wp-json\/wp\/v2\/comments?post=625"}],"version-history":[{"count":8,"href":"https:\/\/szojaoltopor.hu\/en\/wp-json\/wp\/v2\/pages\/625\/revisions"}],"predecessor-version":[{"id":1005,"href":"https:\/\/szojaoltopor.hu\/en\/wp-json\/wp\/v2\/pages\/625\/revisions\/1005"}],"wp:attachment":[{"href":"https:\/\/szojaoltopor.hu\/en\/wp-json\/wp\/v2\/media?parent=625"}],"curies":[{"name":"wp","href":"https:\/\/api.w.org\/{rel}","templated":true}]}}