{"id":641,"date":"2021-01-18T12:20:40","date_gmt":"2021-01-18T12:20:40","guid":{"rendered":"https:\/\/demo.szojaoltopor.hu\/?page_id=641"},"modified":"2021-01-25T11:58:08","modified_gmt":"2021-01-25T11:58:08","slug":"examination-of-soybean-varieties","status":"publish","type":"page","link":"https:\/\/szojaoltopor.hu\/en\/examination-of-soybean-varieties\/","title":{"rendered":"Examination of soybean varieties"},"content":{"rendered":"<p>[et_pb_section fb_built=&#8221;1&#8243; fullwidth=&#8221;on&#8221; _builder_version=&#8221;4.7.4&#8243; _module_preset=&#8221;default&#8221;][et_pb_fullwidth_header title=&#8221;Demonstration about results of own trials&#8221; background_overlay_color=&#8221;rgba(0,0,0,0.61)&#8221; _builder_version=&#8221;4.8.1&#8243; _module_preset=&#8221;default&#8221; title_font=&#8221;|600|||||||&#8221; title_letter_spacing=&#8221;1px&#8221; title_line_height=&#8221;2em&#8221; background_enable_color=&#8221;off&#8221; background_image=&#8221;https:\/\/szojaoltopor.hu\/wp-content\/uploads\/2020\/12\/szoja-szojaoltopor-blue-seed.jpg&#8221; hover_enabled=&#8221;0&#8243; sticky_enabled=&#8221;0&#8243;][\/et_pb_fullwidth_header][\/et_pb_section][et_pb_section fb_built=&#8221;1&#8243; _builder_version=&#8221;4.7.4&#8243; _module_preset=&#8221;default&#8221; custom_padding=&#8221;||28px|||&#8221;][et_pb_row _builder_version=&#8221;4.7.4&#8243; _module_preset=&#8221;default&#8221; custom_padding=&#8221;||51px|||&#8221;][et_pb_column type=&#8221;4_4&#8243; _builder_version=&#8221;4.7.4&#8243; _module_preset=&#8221;default&#8221;][et_pb_text _builder_version=&#8221;4.8.1&#8243; _module_preset=&#8221;default&#8221; text_font=&#8221;Open Sans|600|||||||&#8221; width=&#8221;80%&#8221; module_alignment=&#8221;center&#8221; hover_enabled=&#8221;0&#8243; text_font_size_tablet=&#8221;15px&#8221; text_font_size_phone=&#8221;15px&#8221; text_font_size_last_edited=&#8221;on|tablet&#8221; sticky_enabled=&#8221;0&#8243;]<\/p>\n<p style=\"text-align: center;\">We examined several types of soybeans at our sites in Iregszemcse, Forn\u00e1d and K\u00e1nya in the last decade. We focused primarily on the examination of the average yield and protein content of soybean varieties. We made the trials under the same agronomic conditions each year.<\/p>\n<p>[\/et_pb_text][\/et_pb_column][\/et_pb_row][et_pb_row _builder_version=&#8221;4.7.4&#8243; _module_preset=&#8221;default&#8221; custom_margin=&#8221;-10px|auto||auto||&#8221; custom_padding=&#8221;14px|||||&#8221;][et_pb_column type=&#8221;4_4&#8243; _builder_version=&#8221;4.7.4&#8243; _module_preset=&#8221;default&#8221;][et_pb_image src=&#8221;https:\/\/szojaoltopor.hu\/wp-content\/uploads\/2021\/01\/trials1..jpg&#8221; alt=&#8221;szojafajtak&#8221; title_text=&#8221;trials1.&#8221; show_in_lightbox=&#8221;on&#8221; align=&#8221;center&#8221; _builder_version=&#8221;4.8.1&#8243; _module_preset=&#8221;default&#8221; hover_enabled=&#8221;0&#8243; sticky_enabled=&#8221;0&#8243;][\/et_pb_image][et_pb_text _builder_version=&#8221;4.8.1&#8243; _module_preset=&#8221;default&#8221; text_font=&#8221;Open Sans|600|||||||&#8221; hover_enabled=&#8221;0&#8243; text_font_size_tablet=&#8221;15px&#8221; text_font_size_phone=&#8221;15px&#8221; text_font_size_last_edited=&#8221;on|tablet&#8221; sticky_enabled=&#8221;0&#8243;]<\/p>\n<p style=\"text-align: center;\">The efficiency of soybean production is mainly determined by the years effect. <br \/>It is important of the quantity and distribution of moisture in growing season. <br \/>The yield fluctuation is very large. There may be even two and half times higher yield difference between maximum and minimum years.<\/p>\n<p>[\/et_pb_text][\/et_pb_column][\/et_pb_row][\/et_pb_section][et_pb_section fb_built=&#8221;1&#8243; _builder_version=&#8221;4.7.4&#8243; _module_preset=&#8221;default&#8221; custom_padding=&#8221;8px||24px|||&#8221;][et_pb_row _builder_version=&#8221;4.7.4&#8243; _module_preset=&#8221;default&#8221; custom_margin=&#8221;62px|auto||auto||&#8221; custom_padding=&#8221;8px|||||&#8221;][et_pb_column type=&#8221;4_4&#8243; _builder_version=&#8221;4.7.4&#8243; _module_preset=&#8221;default&#8221;][et_pb_image src=&#8221;https:\/\/szojaoltopor.hu\/wp-content\/uploads\/2021\/01\/trials2..jpg&#8221; alt=&#8221;szoja fajtak&#8221; title_text=&#8221;trials2.&#8221; show_in_lightbox=&#8221;on&#8221; align=&#8221;center&#8221; _builder_version=&#8221;4.8.1&#8243; _module_preset=&#8221;default&#8221; hover_enabled=&#8221;0&#8243; sticky_enabled=&#8221;0&#8243;][\/et_pb_image][et_pb_text _builder_version=&#8221;4.8.1&#8243; _module_preset=&#8221;default&#8221; text_font=&#8221;Open Sans|600|||||||&#8221; hover_enabled=&#8221;0&#8243; text_font_size_tablet=&#8221;15px&#8221; text_font_size_phone=&#8221;15px&#8221; text_font_size_last_edited=&#8221;on|tablet&#8221; sticky_enabled=&#8221;0&#8243;]<\/p>\n<p style=\"text-align: center;\">There is a large difference in yield of soybean varieties.<br \/>This is less in good years, but it reaches 44 %.<br \/>The yield difference comes up with 142 % in unfortunate years.<\/p>\n<p>[\/et_pb_text][\/et_pb_column][\/et_pb_row][\/et_pb_section][et_pb_section fb_built=&#8221;1&#8243; _builder_version=&#8221;4.7.4&#8243; _module_preset=&#8221;default&#8221; custom_padding=&#8221;8px||32px|||&#8221;][et_pb_row _builder_version=&#8221;4.7.4&#8243; _module_preset=&#8221;default&#8221; custom_margin=&#8221;57px|auto||auto||&#8221; custom_padding=&#8221;8px|||||&#8221;][et_pb_column type=&#8221;4_4&#8243; _builder_version=&#8221;4.7.4&#8243; _module_preset=&#8221;default&#8221;][et_pb_image src=&#8221;https:\/\/szojaoltopor.hu\/wp-content\/uploads\/2021\/01\/trials3..jpg&#8221; alt=&#8221;szoja fajtak feherjetartalom&#8221; title_text=&#8221;trials3.&#8221; show_in_lightbox=&#8221;on&#8221; align=&#8221;center&#8221; _builder_version=&#8221;4.8.1&#8243; _module_preset=&#8221;default&#8221; hover_enabled=&#8221;0&#8243; sticky_enabled=&#8221;0&#8243;][\/et_pb_image][et_pb_text _builder_version=&#8221;4.8.1&#8243; _module_preset=&#8221;default&#8221; text_font=&#8221;Open Sans|600|||||||&#8221; header_2_font=&#8221;Open Sans|600|||||||&#8221; header_2_font_size=&#8221;20px&#8221; header_3_font=&#8221;Open Sans|600|||||||&#8221; header_3_font_size=&#8221;20px&#8221; header_3_line_height=&#8221;1.7em&#8221; hover_enabled=&#8221;0&#8243; text_font_size_tablet=&#8221;15px&#8221; text_font_size_phone=&#8221;15px&#8221; text_font_size_last_edited=&#8221;on|tablet&#8221; header_3_font_size_tablet=&#8221;18px&#8221; header_3_font_size_phone=&#8221;18px&#8221; header_3_font_size_last_edited=&#8221;on|phone&#8221; sticky_enabled=&#8221;0&#8243;]<\/p>\n<p style=\"text-align: center;\">There is less difference between protein content of varieties, but it reaches 12-15 %.<br \/>This influences the amount of protein yield.<\/p>\n<p style=\"text-align: center;\">\n<p style=\"text-align: center;\">There is very important to choose the soybean variety which have good fertility to reach the successful production.<\/p>\n<p>[\/et_pb_text][\/et_pb_column][\/et_pb_row][\/et_pb_section]<\/p>\n","protected":false},"excerpt":{"rendered":"<p>We examined several types of soybeans at our sites in Iregszemcse, Forn\u00e1d and K\u00e1nya in the last decade. We focused primarily on the examination of the average yield and protein content of soybean varieties. We made the trials under the same agronomic conditions each year. The efficiency of soybean production is mainly determined by the [&hellip;]<\/p>\n","protected":false},"author":1,"featured_media":0,"parent":0,"menu_order":0,"comment_status":"closed","ping_status":"closed","template":"","meta":{"_et_pb_use_builder":"on","_et_pb_old_content":"<p>[et_pb_section fb_built=\"1\" fullwidth=\"on\" _builder_version=\"4.7.4\" _module_preset=\"default\"][et_pb_fullwidth_header title=\"Sz\u00f3jafajt\u00e1k vizsg\u00e1lata\" background_overlay_color=\"rgba(0,0,0,0.61)\" _builder_version=\"4.7.4\" _module_preset=\"default\" title_font=\"|600|||||||\" title_letter_spacing=\"1px\" title_line_height=\"2em\" background_enable_color=\"off\" background_image=\"https:\/\/szojaoltopor.hu\/wp-content\/uploads\/2020\/12\/szoja-szojaoltopor-blue-seed.jpg\"][\/et_pb_fullwidth_header][\/et_pb_section][et_pb_section fb_built=\"1\" _builder_version=\"4.7.4\" _module_preset=\"default\" custom_padding=\"||28px|||\"][et_pb_row _builder_version=\"4.7.4\" _module_preset=\"default\" custom_padding=\"||51px|||\"][et_pb_column type=\"4_4\" _builder_version=\"4.7.4\" _module_preset=\"default\"][et_pb_text _builder_version=\"4.7.5\" _module_preset=\"default\" text_font=\"Open Sans|600|||||||\" hover_enabled=\"0\" text_font_size_tablet=\"15px\" text_font_size_phone=\"15px\" text_font_size_last_edited=\"on|tablet\" width=\"80%\" module_alignment=\"center\" sticky_enabled=\"0\"]<\/p><p style=\"text-align: center;\">Az elm\u00falt \u00e9vtizedben t\u00f6bbf\u00e9le sz\u00f3jafajt\u00e1t vizsg\u00e1ltunk az iregszemcsei, a forn\u00e1di \u00e9s a k\u00e1nyai telephelyeinken. Els\u0151sorban a sz\u00f3jafajt\u00e1k \u00e1tlagterm\u00e9s\u00e9nek \u00e9s a feh\u00e9rjetartalm\u00e1nak vizsg\u00e1lat\u00e1ra helyezt\u00fck a hangs\u00falyt.\u00a0K\u00eds\u00e9rleteinket minden \u00e9vben azonos agrotechnikai felt\u00e9telek mellett v\u00e9gezt\u00fck.<\/p><p>[\/et_pb_text][\/et_pb_column][\/et_pb_row][et_pb_row _builder_version=\"4.7.4\" _module_preset=\"default\" custom_margin=\"-10px|auto||auto||\" custom_padding=\"14px|||||\"][et_pb_column type=\"4_4\" _builder_version=\"4.7.4\" _module_preset=\"default\"][et_pb_image src=\"https:\/\/szojaoltopor.hu\/wp-content\/uploads\/2020\/12\/szojafajtak-vizsgalata.jpg\" alt=\"szojafajtak\" title_text=\"szojafajtak-vizsgalata\" show_in_lightbox=\"on\" align=\"center\" _builder_version=\"4.7.4\" _module_preset=\"default\"][\/et_pb_image][et_pb_text _builder_version=\"4.7.4\" _module_preset=\"default\" text_font=\"Open Sans|600|||||||\" text_font_size_tablet=\"15px\" text_font_size_phone=\"15px\" text_font_size_last_edited=\"on|tablet\"]<\/p><p style=\"text-align: center;\">A sz\u00f3jatermeszt\u00e9s eredm\u00e9nyess\u00e9g\u00e9t d\u00f6nt\u0151en az \u00e9vj\u00e1rat hat\u00e1sa hat\u00e1rozza meg.<br \/>L\u00e9nyeges a csapad\u00e9k mennyis\u00e9ge \u00e9s annak eloszl\u00e1sa a teny\u00e9szid\u0151szak alatt.<br \/>A hozamingadoz\u00e1s m\u00e9rt\u00e9ke igen nagy, ak\u00e1r a k\u00e9t \u00e9s f\u00e9lszeres\u00e9t is el\u00e9rheti.<\/p><p>[\/et_pb_text][\/et_pb_column][\/et_pb_row][\/et_pb_section][et_pb_section fb_built=\"1\" _builder_version=\"4.7.4\" _module_preset=\"default\" custom_padding=\"8px||24px|||\"][et_pb_row _builder_version=\"4.7.4\" _module_preset=\"default\" custom_padding=\"8px|||||\" custom_margin=\"62px|auto||auto||\"][et_pb_column type=\"4_4\" _builder_version=\"4.7.4\" _module_preset=\"default\"][et_pb_image src=\"https:\/\/szojaoltopor.hu\/wp-content\/uploads\/2020\/12\/szoja-fajtak-vizsgalata.jpg\" alt=\"szoja fajtak\" title_text=\"szoja-fajtak-vizsgalata\" show_in_lightbox=\"on\" align=\"center\" _builder_version=\"4.7.4\" _module_preset=\"default\"][\/et_pb_image][et_pb_text _builder_version=\"4.7.4\" _module_preset=\"default\" text_font=\"Open Sans|600|||||||\" text_font_size_tablet=\"15px\" text_font_size_phone=\"15px\" text_font_size_last_edited=\"on|tablet\"]<\/p><p style=\"text-align: center;\">A sz\u00f3jafajt\u00e1k k\u00f6z\u00f6tt nagy a term\u00e9sk\u00fcl\u00f6nbs\u00e9g.<br \/>Kedvez\u0151 \u00e9vj\u00e1ratban ez kisebb, de itt is el\u00e9ri a 44%-ot.<br \/>Kedvez\u0151tlen \u00e9vj\u00e1ratban pedig a 142%-ot is megk\u00f6zel\u00edti a fajt\u00e1k k\u00f6z\u00f6tt a term\u00e9sk\u00fcl\u00f6nbs\u00e9g.<\/p><p>[\/et_pb_text][\/et_pb_column][\/et_pb_row][\/et_pb_section][et_pb_section fb_built=\"1\" _builder_version=\"4.7.4\" _module_preset=\"default\" custom_padding=\"8px||32px|||\"][et_pb_row _builder_version=\"4.7.4\" _module_preset=\"default\" custom_padding=\"8px|||||\" custom_margin=\"57px|auto||auto||\"][et_pb_column type=\"4_4\" _builder_version=\"4.7.4\" _module_preset=\"default\"][et_pb_image src=\"https:\/\/szojaoltopor.hu\/wp-content\/uploads\/2020\/12\/szoja-fajtak-feherjetartalom-1.jpg\" alt=\"szoja fajtak feherjetartalom\" title_text=\"szoja-fajtak-feherjetartalom\" show_in_lightbox=\"on\" align=\"center\" _builder_version=\"4.7.4\" _module_preset=\"default\"][\/et_pb_image][et_pb_text _builder_version=\"4.7.5\" _module_preset=\"default\" text_font=\"Open Sans|600|||||||\" header_2_font=\"Open Sans|600|||||||\" header_2_font_size=\"20px\" header_3_font=\"Open Sans|600|||||||\" header_3_font_size=\"20px\" header_3_line_height=\"1.7em\" text_font_size_tablet=\"15px\" text_font_size_phone=\"15px\" text_font_size_last_edited=\"on|tablet\" header_3_font_size_tablet=\"18px\" header_3_font_size_phone=\"18px\" header_3_font_size_last_edited=\"on|phone\"]<\/p><p style=\"text-align: center;\">A sz\u00f3jafajt\u00e1k feh\u00e9rjetartalma k\u00f6z\u00f6tti elt\u00e9r\u00e9sek kisebbek.<br \/>Ugyanakkor el\u00e9rheti ak\u00e1r 12-15%-ot, ami l\u00e9nyegesen befoly\u00e1solja a feh\u00e9rjehozam nagys\u00e1g\u00e1t.<\/p><p>\u00a0<\/p><p style=\"text-align: center;\">Az eredm\u00e9nyes sz\u00f3jatermeszt\u00e9shez nagyon fontos a j\u00f3 term\u0151k\u00e9pess\u00e9g\u0171 sz\u00f3jafajta megv\u00e1laszt\u00e1sa!<\/p><p>[\/et_pb_text][\/et_pb_column][\/et_pb_row][\/et_pb_section]<\/p>","_et_gb_content_width":""},"yoast_head":"<!-- This site is optimized with the Yoast SEO plugin v20.12 - https:\/\/yoast.com\/wordpress\/plugins\/seo\/ -->\n<title>Examination of soybean varieties - Blue Seed - Sz\u00f3jaolt\u00f3por<\/title>\n<meta name=\"robots\" content=\"index, follow, max-snippet:-1, max-image-preview:large, max-video-preview:-1\" \/>\n<link rel=\"canonical\" href=\"https:\/\/szojaoltopor.hu\/en\/examination-of-soybean-varieties\/\" \/>\n<meta property=\"og:locale\" content=\"en_US\" \/>\n<meta property=\"og:type\" content=\"article\" \/>\n<meta property=\"og:title\" content=\"Examination of soybean varieties - Blue Seed - Sz\u00f3jaolt\u00f3por\" \/>\n<meta property=\"og:description\" content=\"We examined several types of soybeans at our sites in Iregszemcse, Forn\u00e1d and K\u00e1nya in the last decade. We focused primarily on the examination of the average yield and protein content of soybean varieties. We made the trials under the same agronomic conditions each year. The efficiency of soybean production is mainly determined by the [&hellip;]\" \/>\n<meta property=\"og:url\" content=\"https:\/\/szojaoltopor.hu\/en\/examination-of-soybean-varieties\/\" \/>\n<meta property=\"og:site_name\" content=\"Blue Seed - Sz\u00f3jaolt\u00f3por\" \/>\n<meta property=\"article:modified_time\" content=\"2021-01-25T11:58:08+00:00\" \/>\n<meta name=\"twitter:card\" content=\"summary_large_image\" \/>\n<meta name=\"twitter:label1\" content=\"Est. reading time\" \/>\n\t<meta name=\"twitter:data1\" content=\"2 minutes\" \/>\n<script type=\"application\/ld+json\" class=\"yoast-schema-graph\">{\"@context\":\"https:\/\/schema.org\",\"@graph\":[{\"@type\":\"WebPage\",\"@id\":\"https:\/\/szojaoltopor.hu\/en\/examination-of-soybean-varieties\/\",\"url\":\"https:\/\/szojaoltopor.hu\/en\/examination-of-soybean-varieties\/\",\"name\":\"Examination of soybean varieties - Blue Seed - Sz\u00f3jaolt\u00f3por\",\"isPartOf\":{\"@id\":\"https:\/\/szojaoltopor.hu\/en\/#website\"},\"datePublished\":\"2021-01-18T12:20:40+00:00\",\"dateModified\":\"2021-01-25T11:58:08+00:00\",\"breadcrumb\":{\"@id\":\"https:\/\/szojaoltopor.hu\/en\/examination-of-soybean-varieties\/#breadcrumb\"},\"inLanguage\":\"en-US\",\"potentialAction\":[{\"@type\":\"ReadAction\",\"target\":[\"https:\/\/szojaoltopor.hu\/en\/examination-of-soybean-varieties\/\"]}]},{\"@type\":\"BreadcrumbList\",\"@id\":\"https:\/\/szojaoltopor.hu\/en\/examination-of-soybean-varieties\/#breadcrumb\",\"itemListElement\":[{\"@type\":\"ListItem\",\"position\":1,\"name\":\"Kezd\u0151lap\",\"item\":\"https:\/\/szojaoltopor.hu\/en\/\"},{\"@type\":\"ListItem\",\"position\":2,\"name\":\"Examination of soybean varieties\"}]},{\"@type\":\"WebSite\",\"@id\":\"https:\/\/szojaoltopor.hu\/en\/#website\",\"url\":\"https:\/\/szojaoltopor.hu\/en\/\",\"name\":\"Blue Seed - Sz\u00f3jaolt\u00f3por\",\"description\":\"RhizoNat Extra term\u00e9szetes sz\u00f3ja olt\u00f3anyag\",\"potentialAction\":[{\"@type\":\"SearchAction\",\"target\":{\"@type\":\"EntryPoint\",\"urlTemplate\":\"https:\/\/szojaoltopor.hu\/en\/?s={search_term_string}\"},\"query-input\":\"required name=search_term_string\"}],\"inLanguage\":\"en-US\"}]}<\/script>\n<!-- \/ Yoast SEO plugin. -->","yoast_head_json":{"title":"Examination of soybean varieties - Blue Seed - Sz\u00f3jaolt\u00f3por","robots":{"index":"index","follow":"follow","max-snippet":"max-snippet:-1","max-image-preview":"max-image-preview:large","max-video-preview":"max-video-preview:-1"},"canonical":"https:\/\/szojaoltopor.hu\/en\/examination-of-soybean-varieties\/","og_locale":"en_US","og_type":"article","og_title":"Examination of soybean varieties - Blue Seed - Sz\u00f3jaolt\u00f3por","og_description":"We examined several types of soybeans at our sites in Iregszemcse, Forn\u00e1d and K\u00e1nya in the last decade. We focused primarily on the examination of the average yield and protein content of soybean varieties. We made the trials under the same agronomic conditions each year. The efficiency of soybean production is mainly determined by the [&hellip;]","og_url":"https:\/\/szojaoltopor.hu\/en\/examination-of-soybean-varieties\/","og_site_name":"Blue Seed - Sz\u00f3jaolt\u00f3por","article_modified_time":"2021-01-25T11:58:08+00:00","twitter_card":"summary_large_image","twitter_misc":{"Est. reading time":"2 minutes"},"schema":{"@context":"https:\/\/schema.org","@graph":[{"@type":"WebPage","@id":"https:\/\/szojaoltopor.hu\/en\/examination-of-soybean-varieties\/","url":"https:\/\/szojaoltopor.hu\/en\/examination-of-soybean-varieties\/","name":"Examination of soybean varieties - Blue Seed - Sz\u00f3jaolt\u00f3por","isPartOf":{"@id":"https:\/\/szojaoltopor.hu\/en\/#website"},"datePublished":"2021-01-18T12:20:40+00:00","dateModified":"2021-01-25T11:58:08+00:00","breadcrumb":{"@id":"https:\/\/szojaoltopor.hu\/en\/examination-of-soybean-varieties\/#breadcrumb"},"inLanguage":"en-US","potentialAction":[{"@type":"ReadAction","target":["https:\/\/szojaoltopor.hu\/en\/examination-of-soybean-varieties\/"]}]},{"@type":"BreadcrumbList","@id":"https:\/\/szojaoltopor.hu\/en\/examination-of-soybean-varieties\/#breadcrumb","itemListElement":[{"@type":"ListItem","position":1,"name":"Kezd\u0151lap","item":"https:\/\/szojaoltopor.hu\/en\/"},{"@type":"ListItem","position":2,"name":"Examination of soybean varieties"}]},{"@type":"WebSite","@id":"https:\/\/szojaoltopor.hu\/en\/#website","url":"https:\/\/szojaoltopor.hu\/en\/","name":"Blue Seed - Sz\u00f3jaolt\u00f3por","description":"RhizoNat Extra term\u00e9szetes sz\u00f3ja olt\u00f3anyag","potentialAction":[{"@type":"SearchAction","target":{"@type":"EntryPoint","urlTemplate":"https:\/\/szojaoltopor.hu\/en\/?s={search_term_string}"},"query-input":"required name=search_term_string"}],"inLanguage":"en-US"}]}},"_links":{"self":[{"href":"https:\/\/szojaoltopor.hu\/en\/wp-json\/wp\/v2\/pages\/641"}],"collection":[{"href":"https:\/\/szojaoltopor.hu\/en\/wp-json\/wp\/v2\/pages"}],"about":[{"href":"https:\/\/szojaoltopor.hu\/en\/wp-json\/wp\/v2\/types\/page"}],"author":[{"embeddable":true,"href":"https:\/\/szojaoltopor.hu\/en\/wp-json\/wp\/v2\/users\/1"}],"replies":[{"embeddable":true,"href":"https:\/\/szojaoltopor.hu\/en\/wp-json\/wp\/v2\/comments?post=641"}],"version-history":[{"count":4,"href":"https:\/\/szojaoltopor.hu\/en\/wp-json\/wp\/v2\/pages\/641\/revisions"}],"predecessor-version":[{"id":850,"href":"https:\/\/szojaoltopor.hu\/en\/wp-json\/wp\/v2\/pages\/641\/revisions\/850"}],"wp:attachment":[{"href":"https:\/\/szojaoltopor.hu\/en\/wp-json\/wp\/v2\/media?parent=641"}],"curies":[{"name":"wp","href":"https:\/\/api.w.org\/{rel}","templated":true}]}}