{"id":651,"date":"2021-01-18T12:26:14","date_gmt":"2021-01-18T12:26:14","guid":{"rendered":"https:\/\/demo.szojaoltopor.hu\/?page_id=651"},"modified":"2021-03-04T13:23:50","modified_gmt":"2021-03-04T13:23:50","slug":"delivery","status":"publish","type":"page","link":"https:\/\/szojaoltopor.hu\/en\/product-information\/delivery\/","title":{"rendered":"Delivery"},"content":{"rendered":"<p>[et_pb_section fb_built=&#8221;1&#8243; fullwidth=&#8221;on&#8221; _builder_version=&#8221;4.7.5&#8243; _module_preset=&#8221;default&#8221; custom_margin_tablet=&#8221;&#8221; custom_margin_phone=&#8221;&#8221; custom_margin_last_edited=&#8221;on|phone&#8221;][et_pb_fullwidth_header title=&#8221;Delivery&#8221; background_overlay_color=&#8221;rgba(0,0,0,0.61)&#8221; _builder_version=&#8221;4.8.1&#8243; _module_preset=&#8221;default&#8221; title_font=&#8221;|600|||||||&#8221; title_letter_spacing=&#8221;1px&#8221; title_line_height=&#8221;2em&#8221; background_enable_color=&#8221;off&#8221; background_image=&#8221;https:\/\/szojaoltopor.hu\/wp-content\/uploads\/2020\/12\/szoja-szojaoltopor-blue-seed.jpg&#8221; custom_margin_tablet=&#8221;&#8221; custom_margin_phone=&#8221;||||false|false&#8221; custom_margin_last_edited=&#8221;on|phone&#8221; custom_padding=&#8221;||||false|false&#8221;][\/et_pb_fullwidth_header][\/et_pb_section][et_pb_section fb_built=&#8221;1&#8243; _builder_version=&#8221;4.7.4&#8243; _module_preset=&#8221;default&#8221; custom_padding=&#8221;25px||63px|||&#8221;][et_pb_row column_structure=&#8221;3_5,2_5&#8243; _builder_version=&#8221;4.7.4&#8243; _module_preset=&#8221;default&#8221; custom_margin=&#8221;7px|auto|12px|auto||&#8221; custom_padding=&#8221;12px||9px|||&#8221;][et_pb_column type=&#8221;3_5&#8243; _builder_version=&#8221;4.7.4&#8243; _module_preset=&#8221;default&#8221;][et_pb_text _builder_version=&#8221;4.8.1&#8243; _module_preset=&#8221;default&#8221; text_font=&#8221;Open Sans||||||||&#8221; text_line_height=&#8221;1.8em&#8221; header_2_font_size=&#8221;18px&#8221; header_2_line_height=&#8221;2em&#8221; text_font_size_tablet=&#8221;15px&#8221; text_font_size_phone=&#8221;14px&#8221; text_font_size_last_edited=&#8221;on|tablet&#8221;]<\/p>\n<h2><strong>Delivery with GLS courier service<\/strong><\/h2>\n<p style=\"text-align: justify;\"><strong>GLS courier service<\/strong> delivers your order upon request. Your packages are delivered on working days between 8 am and 5 pm.<\/p>\n<h2><strong>Please provide the following information by e-mail in case of ordering.:<\/strong><\/h2>\n<p><strong>Customer information<\/strong>: name, phone<\/p>\n<p><strong>Invoice details:<\/strong> name, tax number (for companies), zip code, city, address, phone<\/p>\n<p><strong>Delivery data:<\/strong> (Only if it is different from your invoice details.) name, zip code, city, address, phone<\/p>\n<p>[\/et_pb_text][\/et_pb_column][et_pb_column type=&#8221;2_5&#8243; _builder_version=&#8221;4.7.4&#8243; _module_preset=&#8221;default&#8221;][et_pb_image src=&#8221;https:\/\/szojaoltopor.hu\/wp-content\/uploads\/2020\/12\/GLS-futarzolgalat.jpg&#8221; title_text=&#8221;GLS-futarzolgalat&#8221; _builder_version=&#8221;4.7.5&#8243; _module_preset=&#8221;default&#8221; custom_margin=&#8221;47px|||||&#8221;][\/et_pb_image][\/et_pb_column][\/et_pb_row][et_pb_row _builder_version=&#8221;4.7.4&#8243; _module_preset=&#8221;default&#8221; custom_margin=&#8221;7px|auto|12px|auto||&#8221; custom_padding=&#8221;12px|||||&#8221;][et_pb_column type=&#8221;4_4&#8243; _builder_version=&#8221;4.7.4&#8243; _module_preset=&#8221;default&#8221;][et_pb_text _builder_version=&#8221;4.8.1&#8243; _module_preset=&#8221;default&#8221; text_font=&#8221;Open Sans||||||||&#8221; text_line_height=&#8221;1.8em&#8221; custom_margin=&#8221;-7px|||||&#8221; custom_padding=&#8221;11px|||||&#8221; text_font_size_tablet=&#8221;15px&#8221; text_font_size_phone=&#8221;14px&#8221; text_font_size_last_edited=&#8221;on|tablet&#8221;]<\/p>\n<p style=\"text-align: justify;\">The supplier shall not be liable in any form for incorrect performance resulting from incorrect data such as name, address, telephone and e-mail provided by the customer.<\/p>\n<p style=\"text-align: justify;\">In case of non-received, returned packages the return fee will be charged to the customer.<\/p>\n<p style=\"text-align: justify;\">The packages can only be resented, if the value of the requested order is transferred in advance.<\/p>\n<p style=\"text-align: justify;\">Please check the integrity of your packages in the presence of the courier and ask for a report in case of damages, do not take them over. The complaint without records cannot be accepted subsequently.<\/p>\n<p style=\"text-align: justify;\"><strong>The delivery cost of GLS courier service in Hungary is taken over by Blue Seed Ltd. over 70 \u20ac + VAT.<\/strong><\/p>\n<p>[\/et_pb_text][\/et_pb_column][\/et_pb_row][et_pb_row column_structure=&#8221;1_2,1_2&#8243; _builder_version=&#8221;4.7.5&#8243; _module_preset=&#8221;default&#8221;][et_pb_column type=&#8221;1_2&#8243; _builder_version=&#8221;4.7.5&#8243; _module_preset=&#8221;default&#8221;][et_pb_text _builder_version=&#8221;4.8.1&#8243; _module_preset=&#8221;default&#8221; header_2_font_size=&#8221;20px&#8221; header_2_line_height=&#8221;2em&#8221;]<\/p>\n<h2><strong>Pick up in person at our new headquaters<\/strong><\/h2>\n<p><strong>K\u00e1nya, K\u00e1nya-farm<\/strong><\/p>\n<p>8667 K\u00e1nya, F\u0151 utca 171\/9. hrsz.<strong><\/strong><\/p>\n<p>GPS: 46.691850 N, 18.063577 E<\/p>\n<p>Somogy county, Shouthern Transdanubia<\/p>\n<p>Approach on main roads 61, 65, 67<\/p>\n<p>&nbsp;<\/p>\n<p><strong>Please let us know in advance via e-mail or phone in this case.<\/strong><\/p>\n<p>&nbsp;<\/p>\n<p>&nbsp;<\/p>\n<p>[\/et_pb_text][\/et_pb_column][et_pb_column type=&#8221;1_2&#8243; _builder_version=&#8221;4.7.5&#8243; _module_preset=&#8221;default&#8221;][et_pb_code _builder_version=&#8221;4.7.5&#8243; _module_preset=&#8221;default&#8221;]<iframe style=\"border: 0;\" tabindex=\"0\" src=\"https:\/\/www.google.com\/maps\/embed?pb=!1m18!1m12!1m3!1d43784.78683662207!2d18.024864454392638!3d46.69489807919477!2m3!1f0!2f0!3f0!3m2!1i1024!2i768!4f13.1!3m3!1m2!1s0x4769cc390aa2ee13%3A0xf67fbb4e179c6b!2zS8OhbnlhLCA4NjY3!5e0!3m2!1shu!2shu!4v1607594487561!5m2!1shu!2shu\" width=\"600\" height=\"300\" frameborder=\"0\" allowfullscreen=\"allowfullscreen\" aria-hidden=\"false\" data-mce-fragment=\"1\"><\/iframe>[\/et_pb_code][\/et_pb_column][\/et_pb_row][\/et_pb_section][et_pb_section fb_built=&#8221;1&#8243; fullwidth=&#8221;on&#8221; _builder_version=&#8221;4.7.4&#8243; _module_preset=&#8221;default&#8221;][et_pb_fullwidth_header text_orientation=&#8221;center&#8221; button_one_text=&#8221;Contact Us!&#8221; button_one_url=&#8221;@ET-DC@eyJkeW5hbWljIjp0cnVlLCJjb250ZW50IjoicG9zdF9saW5rX3VybF9wYWdlIiwic2V0dGluZ3MiOnsicG9zdF9pZCI6IjM1In19@&#8221; background_overlay_color=&#8221;rgba(0,0,0,0.56)&#8221; image_orientation=&#8221;bottom&#8221; _builder_version=&#8221;4.8.1&#8243; _dynamic_attributes=&#8221;button_one_url&#8221; _module_preset=&#8221;default&#8221; title_level=&#8221;h2&#8243; title_font=&#8221;|600|||||||&#8221; title_text_color=&#8221;#ffffff&#8221; title_font_size=&#8221;29px&#8221; title_line_height=&#8221;2em&#8221; content_font_size=&#8221;22px&#8221; content_line_height=&#8221;1.8em&#8221; background_image=&#8221;https:\/\/szojaoltopor.hu\/wp-content\/uploads\/2020\/12\/szoja-szojaoltopor-blue-seed.jpg&#8221; custom_button_one=&#8221;on&#8221; button_one_text_size=&#8221;20px&#8221; button_one_text_color=&#8221;#ffffff&#8221; button_one_bg_color=&#8221;#833c0b&#8221; button_one_border_color=&#8221;#ffffff&#8221; button_one_border_radius=&#8221;30px&#8221; button_one_font=&#8221;|600|||||||&#8221; content_font_size_tablet=&#8221;18px&#8221; content_font_size_phone=&#8221;15px&#8221; content_font_size_last_edited=&#8221;on|phone&#8221;]<\/p>\n<p><strong>If you need more information about delivery or ordering, please do not hesitate to contact us!<\/strong><\/p>\n<p>[\/et_pb_fullwidth_header][\/et_pb_section]<\/p>\n","protected":false},"excerpt":{"rendered":"<p>Delivery with GLS courier service GLS courier service delivers your order upon request. Your packages are delivered on working days between 8 am and 5 pm. Please provide the following information by e-mail in case of ordering.: Customer information: name, phone Invoice details: name, tax number (for companies), zip code, city, address, phone Delivery data: [&hellip;]<\/p>\n","protected":false},"author":1,"featured_media":0,"parent":649,"menu_order":0,"comment_status":"closed","ping_status":"closed","template":"","meta":{"_et_pb_use_builder":"on","_et_pb_old_content":"<p>[et_pb_section fb_built=\"1\" fullwidth=\"on\" _builder_version=\"4.7.5\" _module_preset=\"default\" custom_margin_tablet=\"\" custom_margin_phone=\"\" custom_margin_last_edited=\"on|phone\"][et_pb_fullwidth_header title=\"Sz\u00e1ll\u00edt\u00e1s\" background_overlay_color=\"rgba(0,0,0,0.61)\" _builder_version=\"4.7.5\" _module_preset=\"default\" title_font=\"|600|||||||\" title_letter_spacing=\"1px\" title_line_height=\"2em\" background_enable_color=\"off\" background_image=\"https:\/\/szojaoltopor.hu\/wp-content\/uploads\/2020\/12\/szoja-szojaoltopor-blue-seed.jpg\" custom_margin_tablet=\"\" custom_margin_phone=\"||||false|false\" custom_margin_last_edited=\"on|phone\" custom_padding=\"||||false|false\" hover_enabled=\"0\" sticky_enabled=\"0\"][\/et_pb_fullwidth_header][\/et_pb_section][et_pb_section fb_built=\"1\" _builder_version=\"4.7.4\" _module_preset=\"default\" custom_padding=\"25px||63px|||\"][et_pb_row column_structure=\"3_5,2_5\" _builder_version=\"4.7.4\" _module_preset=\"default\" custom_margin=\"7px|auto|12px|auto||\" custom_padding=\"12px||9px|||\"][et_pb_column type=\"3_5\" _builder_version=\"4.7.4\" _module_preset=\"default\"][et_pb_text _builder_version=\"4.7.5\" _module_preset=\"default\" text_font=\"Open Sans||||||||\" text_line_height=\"1.8em\" header_2_font_size=\"18px\" header_2_line_height=\"2em\" hover_enabled=\"0\" text_font_size_tablet=\"15px\" text_font_size_phone=\"14px\" text_font_size_last_edited=\"on|tablet\" sticky_enabled=\"0\"]<\/p><h2><strong>Kisz\u00e1ll\u00edt\u00e1s GLS fut\u00e1rszolg\u00e1lattal<\/strong><\/h2><p style=\"text-align: justify;\">A megrendel\u00e9seit a <strong>GLS Hungary Kft.<\/strong> sz\u00e1ll\u00edtja h\u00e1zhoz. A csomagok k\u00e9zbes\u00edt\u00e9se munkanapokon t\u00f6rt\u00e9nik 8-17 \u00f3ra k\u00f6z\u00f6tti id\u0151szakban.<\/p><h2><strong>Megrendel\u00e9skor k\u00e9rj\u00fck az al\u00e1bbi adatokat e-mailen megadni.:<\/strong><\/h2><p><strong>V\u00e1s\u00e1rl\u00f3i adatok:<\/strong> n\u00e9v<strong>, <\/strong>telefonsz\u00e1m<\/p><p><strong>Sz\u00e1ml\u00e1z\u00e1si adatok: <\/strong>sz\u00e1mlafizet\u0151 neve, ad\u00f3sz\u00e1m (c\u00e9g eset\u00e9n), ir\u00e1ny\u00edt\u00f3sz\u00e1m<strong>, <\/strong>telep\u00fcl\u00e9s<strong>, <\/strong>utca, h\u00e1zsz\u00e1m<\/p><p><strong>Sz\u00e1ll\u00edt\u00e1si adatok <\/strong>(ha nem azonos a sz\u00e1ml\u00e1z\u00e1si adatokkal):\u00a0n\u00e9v<strong>, <\/strong>ir\u00e1ny\u00edt\u00f3sz\u00e1m<strong>, <\/strong>telep\u00fcl\u00e9s<strong>, <\/strong>utca, h\u00e1zsz\u00e1m<strong>, <\/strong>telefonsz\u00e1m<\/p><p>[\/et_pb_text][\/et_pb_column][et_pb_column type=\"2_5\" _builder_version=\"4.7.4\" _module_preset=\"default\"][et_pb_image src=\"https:\/\/szojaoltopor.hu\/wp-content\/uploads\/2020\/12\/GLS-futarzolgalat.jpg\" title_text=\"GLS-futarzolgalat\" _builder_version=\"4.7.5\" _module_preset=\"default\" custom_margin=\"47px|||||\"][\/et_pb_image][\/et_pb_column][\/et_pb_row][et_pb_row _builder_version=\"4.7.4\" _module_preset=\"default\" custom_margin=\"7px|auto|12px|auto||\" custom_padding=\"12px|||||\"][et_pb_column type=\"4_4\" _builder_version=\"4.7.4\" _module_preset=\"default\"][et_pb_text _builder_version=\"4.7.5\" _module_preset=\"default\" text_font=\"Open Sans||||||||\" text_line_height=\"1.8em\" custom_margin=\"-7px|||||\" custom_padding=\"11px|||||\" hover_enabled=\"0\" text_font_size_tablet=\"15px\" text_font_size_phone=\"14px\" text_font_size_last_edited=\"on|tablet\" sticky_enabled=\"0\"]<\/p><p style=\"text-align: justify;\">A Sz\u00e1ll\u00edt\u00f3 semmilyen form\u00e1ban nem v\u00e1llal felel\u0151ss\u00e9get a Megrendel\u0151 \u00e1ltal megadott hib\u00e1s adatokb\u00f3l ered\u0151 t\u00e9ves teljes\u00edt\u00e9s\u00e9rt, \u00fagy mint a n\u00e9v, c\u00edm, telefon \u00e9s e-mail.<\/p><p style=\"text-align: justify;\">Az \u00e1t nem vett, visszak\u00fcld\u00f6tt csomagok eset\u00e9n a visszasz\u00e1ll\u00edt\u00e1s d\u00edj\u00e1t a megrendel\u0151re terhelj\u00fck. A csomagok \u00fajrak\u00fcld\u00e9s\u00e9t kiz\u00e1r\u00f3lag a csomagok ellen\u00e9rt\u00e9k\u00e9nek el\u0151re t\u00f6rt\u00e9n\u0151 \u00e1tutal\u00e1sa eset\u00e9n \u00e1ll m\u00f3dunkban ism\u00e9telten elind\u00edtani!<\/p><p style=\"text-align: justify;\">K\u00e9rj\u00fck a csomagok s\u00e9rtetlens\u00e9g\u00e9t k\u00e9zbes\u00edt\u00e9skor a fut\u00e1r el\u0151tt sz\u00edveskedj\u00e9k megvizsg\u00e1lni \u00e9s a csomagokon \u00e9szlelt s\u00e9r\u00fcl\u00e9s eset\u00e9n k\u00e9rje jegyz\u0151k\u00f6nyv felv\u00e9tel\u00e9t, ne vegye \u00e1t azokat.\u00a0Ut\u00f3lagos, jegyz\u0151k\u00f6nyv n\u00e9lk\u00fcli reklam\u00e1ci\u00f3t nem \u00e1ll\u00a0m\u00f3dunkban elfogadni!<\/p><p><strong>A GLS fut\u00e1rszolg\u00e1lattal val\u00f3 sz\u00e1ll\u00edt\u00e1si k\u00f6lts\u00e9get 25.000 Ft + \u00c1FA felett a Blue Seed Kft. v\u00e1llalja.<\/strong><\/p><p>[\/et_pb_text][\/et_pb_column][\/et_pb_row][et_pb_row column_structure=\"1_2,1_2\" _builder_version=\"4.7.5\" _module_preset=\"default\"][et_pb_column type=\"1_2\" _builder_version=\"4.7.5\" _module_preset=\"default\"][et_pb_text _builder_version=\"4.7.5\" _module_preset=\"default\" header_2_font_size=\"20px\" header_2_line_height=\"2em\" hover_enabled=\"0\" sticky_enabled=\"0\"]<\/p><h2><strong>Szem\u00e9lyes \u00e1tv\u00e9tel telephely\u00fcnk\u00f6n<\/strong><\/h2><p><strong>K\u00e1nya, K\u00e1nya-farm<\/strong><\/p><p>D\u00e9l-Dun\u00e1nt\u00fal, Somoly megye<\/p><p>Megk\u00f6zel\u00edt\u00e9s:<\/p><p>61, 65, 67-es F\u0151\u00fat fel\u00f6l<\/p><p>\u00a0<\/p><p><strong>El\u0151zetes id\u0151pontegyeztet\u00e9s sz\u00fcks\u00e9ges e-mailen vagy telefonon!<\/strong><\/p><p>\u00a0<\/p><p>\u00a0<\/p><p>[\/et_pb_text][\/et_pb_column][et_pb_column type=\"1_2\" _builder_version=\"4.7.5\" _module_preset=\"default\"][et_pb_code _builder_version=\"4.7.5\" _module_preset=\"default\"]<iframe style=\"border: 0;\" tabindex=\"0\" src=\"https:\/\/www.google.com\/maps\/embed?pb=!1m18!1m12!1m3!1d43784.78683662207!2d18.024864454392638!3d46.69489807919477!2m3!1f0!2f0!3f0!3m2!1i1024!2i768!4f13.1!3m3!1m2!1s0x4769cc390aa2ee13%3A0xf67fbb4e179c6b!2zS8OhbnlhLCA4NjY3!5e0!3m2!1shu!2shu!4v1607594487561!5m2!1shu!2shu\" width=\"600\" height=\"300\" frameborder=\"0\" allowfullscreen=\"allowfullscreen\" aria-hidden=\"false\" data-mce-fragment=\"1\"><\/iframe>[\/et_pb_code][\/et_pb_column][\/et_pb_row][\/et_pb_section][et_pb_section fb_built=\"1\" fullwidth=\"on\" _builder_version=\"4.7.4\" _module_preset=\"default\"][et_pb_fullwidth_header text_orientation=\"center\" button_one_text=\"Kapcsolatfelv\u00e9tel\" button_one_url=\"@ET-DC@eyJkeW5hbWljIjp0cnVlLCJjb250ZW50IjoicG9zdF9saW5rX3VybF9wYWdlIiwic2V0dGluZ3MiOnsicG9zdF9pZCI6IjM1In19@\" background_overlay_color=\"rgba(0,0,0,0.56)\" image_orientation=\"bottom\" _builder_version=\"4.7.5\" _dynamic_attributes=\"button_one_url\" _module_preset=\"default\" title_level=\"h2\" title_font=\"|600|||||||\" title_text_color=\"#ffffff\" title_font_size=\"29px\" title_line_height=\"2em\" content_font_size=\"22px\" content_line_height=\"1.8em\" background_image=\"https:\/\/szojaoltopor.hu\/wp-content\/uploads\/2020\/12\/szoja-szojaoltopor-blue-seed.jpg\" custom_button_one=\"on\" button_one_text_size=\"20px\" button_one_text_color=\"#ffffff\" button_one_bg_color=\"#833c0b\" button_one_border_color=\"#ffffff\" button_one_border_radius=\"30px\" button_one_font=\"|600|||||||\" content_font_size_tablet=\"18px\" content_font_size_phone=\"15px\" content_font_size_last_edited=\"on|phone\"]<\/p><p><strong>Ha a kisz\u00e1ll\u00edt\u00e1ssal vagy a megrendel\u00e9ssel kapcsolatban tov\u00e1bbi inform\u00e1ci\u00f3ra van sz\u00fcks\u00e9ge, k\u00e9rj\u00fck vegye fel vel\u00fcnk a kapcsolatot!<\/strong><\/p><p>[\/et_pb_fullwidth_header][\/et_pb_section]<\/p>","_et_gb_content_width":""},"yoast_head":"<!-- This site is optimized with the Yoast SEO plugin v20.12 - https:\/\/yoast.com\/wordpress\/plugins\/seo\/ -->\n<title>Delivery - Blue Seed - Sz\u00f3jaolt\u00f3por<\/title>\n<meta name=\"robots\" content=\"index, follow, max-snippet:-1, max-image-preview:large, max-video-preview:-1\" \/>\n<link rel=\"canonical\" href=\"https:\/\/szojaoltopor.hu\/en\/product-information\/delivery\/\" \/>\n<meta property=\"og:locale\" content=\"en_US\" \/>\n<meta property=\"og:type\" content=\"article\" \/>\n<meta property=\"og:title\" content=\"Delivery - Blue Seed - Sz\u00f3jaolt\u00f3por\" \/>\n<meta property=\"og:description\" content=\"Delivery with GLS courier service GLS courier service delivers your order upon request. Your packages are delivered on working days between 8 am and 5 pm. Please provide the following information by e-mail in case of ordering.: Customer information: name, phone Invoice details: name, tax number (for companies), zip code, city, address, phone Delivery data: [&hellip;]\" \/>\n<meta property=\"og:url\" content=\"https:\/\/szojaoltopor.hu\/en\/product-information\/delivery\/\" \/>\n<meta property=\"og:site_name\" content=\"Blue Seed - Sz\u00f3jaolt\u00f3por\" \/>\n<meta property=\"article:modified_time\" content=\"2021-03-04T13:23:50+00:00\" \/>\n<meta name=\"twitter:card\" content=\"summary_large_image\" \/>\n<meta name=\"twitter:label1\" content=\"Est. reading time\" \/>\n\t<meta name=\"twitter:data1\" content=\"2 minutes\" \/>\n<script type=\"application\/ld+json\" class=\"yoast-schema-graph\">{\"@context\":\"https:\/\/schema.org\",\"@graph\":[{\"@type\":\"WebPage\",\"@id\":\"https:\/\/szojaoltopor.hu\/en\/product-information\/delivery\/\",\"url\":\"https:\/\/szojaoltopor.hu\/en\/product-information\/delivery\/\",\"name\":\"Delivery - Blue Seed - Sz\u00f3jaolt\u00f3por\",\"isPartOf\":{\"@id\":\"https:\/\/szojaoltopor.hu\/en\/#website\"},\"datePublished\":\"2021-01-18T12:26:14+00:00\",\"dateModified\":\"2021-03-04T13:23:50+00:00\",\"breadcrumb\":{\"@id\":\"https:\/\/szojaoltopor.hu\/en\/product-information\/delivery\/#breadcrumb\"},\"inLanguage\":\"en-US\",\"potentialAction\":[{\"@type\":\"ReadAction\",\"target\":[\"https:\/\/szojaoltopor.hu\/en\/product-information\/delivery\/\"]}]},{\"@type\":\"BreadcrumbList\",\"@id\":\"https:\/\/szojaoltopor.hu\/en\/product-information\/delivery\/#breadcrumb\",\"itemListElement\":[{\"@type\":\"ListItem\",\"position\":1,\"name\":\"Kezd\u0151lap\",\"item\":\"https:\/\/szojaoltopor.hu\/en\/\"},{\"@type\":\"ListItem\",\"position\":2,\"name\":\"Product information\",\"item\":\"https:\/\/szojaoltopor.hu\/en\/product-information\/\"},{\"@type\":\"ListItem\",\"position\":3,\"name\":\"Delivery\"}]},{\"@type\":\"WebSite\",\"@id\":\"https:\/\/szojaoltopor.hu\/en\/#website\",\"url\":\"https:\/\/szojaoltopor.hu\/en\/\",\"name\":\"Blue Seed - Sz\u00f3jaolt\u00f3por\",\"description\":\"RhizoNat Extra term\u00e9szetes sz\u00f3ja olt\u00f3anyag\",\"potentialAction\":[{\"@type\":\"SearchAction\",\"target\":{\"@type\":\"EntryPoint\",\"urlTemplate\":\"https:\/\/szojaoltopor.hu\/en\/?s={search_term_string}\"},\"query-input\":\"required name=search_term_string\"}],\"inLanguage\":\"en-US\"}]}<\/script>\n<!-- \/ Yoast SEO plugin. -->","yoast_head_json":{"title":"Delivery - Blue Seed - Sz\u00f3jaolt\u00f3por","robots":{"index":"index","follow":"follow","max-snippet":"max-snippet:-1","max-image-preview":"max-image-preview:large","max-video-preview":"max-video-preview:-1"},"canonical":"https:\/\/szojaoltopor.hu\/en\/product-information\/delivery\/","og_locale":"en_US","og_type":"article","og_title":"Delivery - Blue Seed - Sz\u00f3jaolt\u00f3por","og_description":"Delivery with GLS courier service GLS courier service delivers your order upon request. Your packages are delivered on working days between 8 am and 5 pm. Please provide the following information by e-mail in case of ordering.: Customer information: name, phone Invoice details: name, tax number (for companies), zip code, city, address, phone Delivery data: [&hellip;]","og_url":"https:\/\/szojaoltopor.hu\/en\/product-information\/delivery\/","og_site_name":"Blue Seed - Sz\u00f3jaolt\u00f3por","article_modified_time":"2021-03-04T13:23:50+00:00","twitter_card":"summary_large_image","twitter_misc":{"Est. reading time":"2 minutes"},"schema":{"@context":"https:\/\/schema.org","@graph":[{"@type":"WebPage","@id":"https:\/\/szojaoltopor.hu\/en\/product-information\/delivery\/","url":"https:\/\/szojaoltopor.hu\/en\/product-information\/delivery\/","name":"Delivery - Blue Seed - Sz\u00f3jaolt\u00f3por","isPartOf":{"@id":"https:\/\/szojaoltopor.hu\/en\/#website"},"datePublished":"2021-01-18T12:26:14+00:00","dateModified":"2021-03-04T13:23:50+00:00","breadcrumb":{"@id":"https:\/\/szojaoltopor.hu\/en\/product-information\/delivery\/#breadcrumb"},"inLanguage":"en-US","potentialAction":[{"@type":"ReadAction","target":["https:\/\/szojaoltopor.hu\/en\/product-information\/delivery\/"]}]},{"@type":"BreadcrumbList","@id":"https:\/\/szojaoltopor.hu\/en\/product-information\/delivery\/#breadcrumb","itemListElement":[{"@type":"ListItem","position":1,"name":"Kezd\u0151lap","item":"https:\/\/szojaoltopor.hu\/en\/"},{"@type":"ListItem","position":2,"name":"Product information","item":"https:\/\/szojaoltopor.hu\/en\/product-information\/"},{"@type":"ListItem","position":3,"name":"Delivery"}]},{"@type":"WebSite","@id":"https:\/\/szojaoltopor.hu\/en\/#website","url":"https:\/\/szojaoltopor.hu\/en\/","name":"Blue Seed - Sz\u00f3jaolt\u00f3por","description":"RhizoNat Extra term\u00e9szetes sz\u00f3ja olt\u00f3anyag","potentialAction":[{"@type":"SearchAction","target":{"@type":"EntryPoint","urlTemplate":"https:\/\/szojaoltopor.hu\/en\/?s={search_term_string}"},"query-input":"required name=search_term_string"}],"inLanguage":"en-US"}]}},"_links":{"self":[{"href":"https:\/\/szojaoltopor.hu\/en\/wp-json\/wp\/v2\/pages\/651"}],"collection":[{"href":"https:\/\/szojaoltopor.hu\/en\/wp-json\/wp\/v2\/pages"}],"about":[{"href":"https:\/\/szojaoltopor.hu\/en\/wp-json\/wp\/v2\/types\/page"}],"author":[{"embeddable":true,"href":"https:\/\/szojaoltopor.hu\/en\/wp-json\/wp\/v2\/users\/1"}],"replies":[{"embeddable":true,"href":"https:\/\/szojaoltopor.hu\/en\/wp-json\/wp\/v2\/comments?post=651"}],"version-history":[{"count":6,"href":"https:\/\/szojaoltopor.hu\/en\/wp-json\/wp\/v2\/pages\/651\/revisions"}],"predecessor-version":[{"id":957,"href":"https:\/\/szojaoltopor.hu\/en\/wp-json\/wp\/v2\/pages\/651\/revisions\/957"}],"up":[{"embeddable":true,"href":"https:\/\/szojaoltopor.hu\/en\/wp-json\/wp\/v2\/pages\/649"}],"wp:attachment":[{"href":"https:\/\/szojaoltopor.hu\/en\/wp-json\/wp\/v2\/media?parent=651"}],"curies":[{"name":"wp","href":"https:\/\/api.w.org\/{rel}","templated":true}]}}