{"id":655,"date":"2021-01-18T12:27:52","date_gmt":"2021-01-18T12:27:52","guid":{"rendered":"https:\/\/demo.szojaoltopor.hu\/?page_id=655"},"modified":"2021-04-01T08:58:04","modified_gmt":"2021-04-01T08:58:04","slug":"soybean-concentrate","status":"publish","type":"page","link":"https:\/\/szojaoltopor.hu\/en\/product-information\/soybean-concentrate\/","title":{"rendered":"Soybean Concentrate"},"content":{"rendered":"<p>[et_pb_section fb_built=&#8221;1&#8243; _builder_version=&#8221;4.7.7&#8243; _module_preset=&#8221;default&#8221; use_background_color_gradient=&#8221;on&#8221; background_color_gradient_start=&#8221;rgba(0,0,0,0.42)&#8221; background_color_gradient_end=&#8221;rgba(0,0,0,0.66)&#8221; background_color_gradient_overlays_image=&#8221;on&#8221; background_image=&#8221;https:\/\/szojaoltopor.hu\/wp-content\/uploads\/2020\/12\/szoja-szojaoltopor-blue-seed.jpg&#8221; custom_padding=&#8221;14px||10px|||&#8221;][et_pb_row _builder_version=&#8221;4.7.7&#8243; _module_preset=&#8221;default&#8221;][et_pb_column type=&#8221;4_4&#8243; _builder_version=&#8221;4.7.7&#8243; _module_preset=&#8221;default&#8221;][et_pb_image src=&#8221;https:\/\/szojaoltopor.hu\/wp-content\/uploads\/2021\/01\/rhizonatextra-concentrate-en.png&#8221; title_text=&#8221;rhizonatextra-concentrate-en&#8221; _builder_version=&#8221;4.8.1&#8243; _module_preset=&#8221;default&#8221; background_color=&#8221;rgba(255,255,255,0.58)&#8221; use_background_color_gradient=&#8221;on&#8221; background_color_gradient_start=&#8221;rgba(255,255,255,0.61)&#8221; background_color_gradient_end=&#8221;rgba(255,255,255,0.53)&#8221; width=&#8221;38%&#8221; custom_padding=&#8221;20px|20px|20px|20px|false|false&#8221;][\/et_pb_image][\/et_pb_column][\/et_pb_row][\/et_pb_section][et_pb_section fb_built=&#8221;1&#8243; _builder_version=&#8221;4.7.4&#8243; _module_preset=&#8221;default&#8221; custom_margin=&#8221;-3px|||||&#8221; custom_padding=&#8221;25px||63px|||&#8221;][et_pb_row _builder_version=&#8221;4.7.4&#8243; _module_preset=&#8221;default&#8221; custom_margin=&#8221;7px|auto|12px|auto||&#8221; custom_padding=&#8221;12px|||||&#8221;][et_pb_column type=&#8221;4_4&#8243; _builder_version=&#8221;4.7.4&#8243; _module_preset=&#8221;default&#8221;][et_pb_text _builder_version=&#8221;4.9.2&#8243; _module_preset=&#8221;default&#8221; text_font=&#8221;Open Sans||||||||&#8221; text_line_height=&#8221;1.8em&#8221; hover_enabled=&#8221;0&#8243; text_font_size_tablet=&#8221;15px&#8221; text_font_size_phone=&#8221;14px&#8221; text_font_size_last_edited=&#8221;on|tablet&#8221; sticky_enabled=&#8221;0&#8243;]<\/p>\n<p><strong>Composition:<\/strong><\/p>\n<p style=\"text-align: justify;\">Ground Rhizobium japonicum nodule suspended in distilled water<\/p>\n<p style=\"text-align: justify;\"><strong>Active ingredient content: <\/strong><\/p>\n<p style=\"text-align: justify;\">Total number of germs is minimum 1,0&#215;10<sup class=\"supfont\">7<\/sup> pcs\/g.<\/p>\n<p style=\"text-align: justify;\"><strong>Application:<\/strong><\/p>\n<p style=\"text-align: justify;\"><strong>This product is for soybean inoculation.<\/strong><\/p>\n<p style=\"text-align: justify;\">After homogenization of 200 grams products in 4 liters of water, evenly apply to the surface of 1000 kg seeds with a coating machine. The seeds must be dried after treatment. On dried seeds Bradyrhizobium japonicum retains its ability to germinate for 70 days.<\/p>\n<p style=\"text-align: justify;\"><strong>Storage<\/strong><\/p>\n<p style=\"text-align: justify;\">Store in a dry, covered, dark place at a temperature of 3-5 0C in the original unopened packaging.<br \/>Shelf life is 15 days.<\/p>\n<p style=\"text-align: justify;\">\n<p style=\"text-align: justify;\"><strong><em>Please ask for unique price offer, if you need large quantity in bulk.<\/em><\/strong><\/p>\n<p>[\/et_pb_text][\/et_pb_column][\/et_pb_row][et_pb_row _builder_version=&#8221;4.8.2&#8243; _module_preset=&#8221;default&#8221;][et_pb_column type=&#8221;4_4&#8243; _builder_version=&#8221;4.7.5&#8243; _module_preset=&#8221;default&#8221;][et_pb_text _builder_version=&#8221;4.8.2&#8243; _module_preset=&#8221;default&#8221; header_2_line_height=&#8221;2em&#8221; header_3_font_size=&#8221;18px&#8221; header_3_line_height=&#8221;1.7em&#8221;][\/et_pb_text][\/et_pb_column][\/et_pb_row][\/et_pb_section][et_pb_section fb_built=&#8221;1&#8243; fullwidth=&#8221;on&#8221; _builder_version=&#8221;4.7.4&#8243; _module_preset=&#8221;default&#8221;][et_pb_fullwidth_header text_orientation=&#8221;center&#8221; button_one_text=&#8221;Contact Us!&#8221; button_one_url=&#8221;@ET-DC@eyJkeW5hbWljIjp0cnVlLCJjb250ZW50IjoicG9zdF9saW5rX3VybF9wYWdlIiwic2V0dGluZ3MiOnsicG9zdF9pZCI6IjM1In19@&#8221; background_overlay_color=&#8221;rgba(0,0,0,0.56)&#8221; image_orientation=&#8221;bottom&#8221; _builder_version=&#8221;4.8.1&#8243; _dynamic_attributes=&#8221;button_one_url&#8221; _module_preset=&#8221;default&#8221; title_level=&#8221;h2&#8243; title_font=&#8221;|600|||||||&#8221; title_text_color=&#8221;#ffffff&#8221; title_font_size=&#8221;29px&#8221; title_line_height=&#8221;2em&#8221; content_font_size=&#8221;22px&#8221; content_line_height=&#8221;1.8em&#8221; background_image=&#8221;https:\/\/szojaoltopor.hu\/wp-content\/uploads\/2020\/12\/szoja-szojaoltopor-blue-seed.jpg&#8221; custom_button_one=&#8221;on&#8221; button_one_text_size=&#8221;20px&#8221; button_one_text_color=&#8221;#ffffff&#8221; button_one_bg_color=&#8221;#833c0b&#8221; button_one_border_color=&#8221;#ffffff&#8221; button_one_border_radius=&#8221;30px&#8221; button_one_font=&#8221;|600|||||||&#8221;]<\/p>\n<p><strong>For more information about the product, please feel free to contact us!<\/strong><\/p>\n<p>&nbsp;<\/p>\n<p>[\/et_pb_fullwidth_header][\/et_pb_section]<\/p>\n","protected":false},"excerpt":{"rendered":"<p>Composition: Ground Rhizobium japonicum nodule suspended in distilled water Active ingredient content: Total number of germs is minimum 1,0&#215;107 pcs\/g. Application: This product is for soybean inoculation. After homogenization of 200 grams products in 4 liters of water, evenly apply to the surface of 1000 kg seeds with a coating machine. The seeds must be [&hellip;]<\/p>\n","protected":false},"author":1,"featured_media":0,"parent":649,"menu_order":0,"comment_status":"closed","ping_status":"closed","template":"","meta":{"_et_pb_use_builder":"on","_et_pb_old_content":"<p>[et_pb_section fb_built=\"1\" _builder_version=\"4.7.7\" _module_preset=\"default\" use_background_color_gradient=\"on\" background_color_gradient_start=\"rgba(0,0,0,0.42)\" background_color_gradient_end=\"rgba(0,0,0,0.66)\" background_color_gradient_overlays_image=\"on\" background_image=\"https:\/\/szojaoltopor.hu\/wp-content\/uploads\/2020\/12\/szoja-szojaoltopor-blue-seed.jpg\" custom_padding=\"14px||10px|||\"][et_pb_row _builder_version=\"4.7.7\" _module_preset=\"default\"][et_pb_column type=\"4_4\" _builder_version=\"4.7.7\" _module_preset=\"default\"][et_pb_image src=\"https:\/\/szojaoltopor.hu\/wp-content\/uploads\/2020\/12\/rhizonat-extra-szojaoltokoncentratum-1.png\" title_text=\"Rhizonat Extra Szojaoltokoncentratum\" _builder_version=\"4.7.7\" _module_preset=\"default\" background_color=\"rgba(255,255,255,0.58)\" use_background_color_gradient=\"on\" background_color_gradient_start=\"rgba(255,255,255,0.61)\" background_color_gradient_end=\"rgba(255,255,255,0.53)\" width=\"38%\" custom_padding=\"20px|20px|20px|20px|false|false\" hover_enabled=\"0\" sticky_enabled=\"0\"][\/et_pb_image][\/et_pb_column][\/et_pb_row][\/et_pb_section][et_pb_section fb_built=\"1\" _builder_version=\"4.7.4\" _module_preset=\"default\" custom_padding=\"25px||63px|||\" custom_margin=\"-3px|||||\"][et_pb_row _builder_version=\"4.7.4\" _module_preset=\"default\" custom_margin=\"7px|auto|12px|auto||\" custom_padding=\"12px|||||\"][et_pb_column type=\"4_4\" _builder_version=\"4.7.4\" _module_preset=\"default\"][et_pb_text _builder_version=\"4.7.5\" _module_preset=\"default\" text_font=\"Open Sans||||||||\" text_line_height=\"1.8em\" text_font_size_tablet=\"15px\" text_font_size_phone=\"14px\" text_font_size_last_edited=\"on|tablet\"]<\/p><p><strong>\u00d6sszet\u00e9tel<\/strong><\/p><p>\u0150r\u00f6lt Bradyrhizobium japonicum g\u00fcm\u0151 desztill\u00e1lt v\u00edzben szuszpend\u00e1lva.<\/p><p><strong>Hat\u00f3anyag tartalom <\/strong><\/p><p>Szimbionta N-k\u00f6t\u0151k sz\u00e1ma minimum 1,0x10<sup>7<\/sup> db\/g.<\/p><p><strong>Felhaszn\u00e1l\u00e1s <\/strong><\/p><p><strong>Sz\u00f3ja vet\u0151mag olt\u00e1s\u00e1ra. <\/strong><\/p><p>200 g k\u00e9sz\u00edtm\u00e9ny 4 liter v\u00edzben t\u00f6rt\u00e9n\u0151 homogeniz\u00e1l\u00e1sa ut\u00e1n cs\u00e1v\u00e1z\u00f3 g\u00e9ppel egyenletesen 1000 kg vet\u0151mag felsz\u00edn\u00e9re felhordva. A kezel\u00e9s ut\u00e1n a magot sz\u00e1r\u00edtani sz\u00fcks\u00e9ges. A sz\u00e1r\u00edtott vet\u0151magon a Bradyrhizobium japonicum 70 napig megtartja a cs\u00edr\u00e1z\u00e1si k\u00e9pess\u00e9g\u00e9t.<\/p><p><strong>T\u00e1rol\u00e1s<\/strong><\/p><p>Sz\u00e1raz, fedett, s\u00f6t\u00e9t, 3-5 <sup>0<\/sup>C h\u0151m\u00e9rs\u00e9klet\u0171 helyen, eredeti bontatlan csomagol\u00e1sban t\u00e1roland\u00f3.<\/p><p>Eltarthat\u00f3s\u00e1gi ideje 15 nap.<\/p><p>[\/et_pb_text][\/et_pb_column][\/et_pb_row][et_pb_row column_structure=\"1_2,1_2\" _builder_version=\"4.7.5\" _module_preset=\"default\"][et_pb_column type=\"1_2\" _builder_version=\"4.7.5\" _module_preset=\"default\"][et_pb_text _builder_version=\"4.7.5\" _module_preset=\"default\" header_2_line_height=\"2em\" header_3_font_size=\"18px\" header_3_line_height=\"1.7em\" custom_margin=\"||9px|||\" custom_padding=\"||0px|||\"]<\/p><h3><strong>A term\u00e9k \u00e1ra<\/strong><\/h3><p>\u00a0<\/p><p>[\/et_pb_text][et_pb_image src=\"https:\/\/szojaoltopor.hu\/wp-content\/uploads\/2020\/12\/rhizonat-extra-szojaoltokoncentratum-1.png\" title_text=\"Rhizonat Extra Szojaoltokoncentratum\" _builder_version=\"4.7.5\" _module_preset=\"default\"][\/et_pb_image][et_pb_text _builder_version=\"4.7.5\" _module_preset=\"default\" header_2_line_height=\"2em\" header_3_font_size=\"18px\" header_3_line_height=\"1.7em\"]<\/p><h3>\u00a0<\/h3><h3><strong>1.800 Ft \/\u00a0d\u00f3zis\u00a0+ \u00c1FA\u00a0<\/strong><\/h3><p>\/100 kg sz\u00f3ja vet\u0151mag olt\u00e1s\u00e1hoz elegend\u0151.\/<\/p><p>[\/et_pb_text][\/et_pb_column][et_pb_column type=\"1_2\" _builder_version=\"4.7.5\" _module_preset=\"default\"][\/et_pb_column][\/et_pb_row][\/et_pb_section][et_pb_section fb_built=\"1\" fullwidth=\"on\" _builder_version=\"4.7.4\" _module_preset=\"default\"][et_pb_fullwidth_header text_orientation=\"center\" button_one_text=\"Kapcsolatfelv\u00e9tel\" button_one_url=\"@ET-DC@eyJkeW5hbWljIjp0cnVlLCJjb250ZW50IjoicG9zdF9saW5rX3VybF9wYWdlIiwic2V0dGluZ3MiOnsicG9zdF9pZCI6IjM1In19@\" background_overlay_color=\"rgba(0,0,0,0.56)\" image_orientation=\"bottom\" _builder_version=\"4.7.5\" _dynamic_attributes=\"button_one_url\" _module_preset=\"default\" title_level=\"h2\" title_font=\"|600|||||||\" title_text_color=\"#ffffff\" title_font_size=\"29px\" title_line_height=\"2em\" content_font_size=\"22px\" content_line_height=\"1.8em\" background_image=\"https:\/\/szojaoltopor.hu\/wp-content\/uploads\/2020\/12\/szoja-szojaoltopor-blue-seed.jpg\" custom_button_one=\"on\" button_one_text_size=\"20px\" button_one_text_color=\"#ffffff\" button_one_bg_color=\"#833c0b\" button_one_border_color=\"#ffffff\" button_one_border_radius=\"30px\" button_one_font=\"|600|||||||\"]<\/p><p><strong>A term\u00e9kkel kapcsolatos tov\u00e1bbi inform\u00e1ci\u00f3\u00e9rt,\u00a0<\/strong><\/p><p><strong>k\u00e9rj\u00fck vegye fel vel\u00fcnk a kapcsolatot!<\/strong><\/p><p>\u00a0<\/p><p>[\/et_pb_fullwidth_header][\/et_pb_section]<\/p>","_et_gb_content_width":""},"yoast_head":"<!-- This site is optimized with the Yoast SEO plugin v20.12 - https:\/\/yoast.com\/wordpress\/plugins\/seo\/ -->\n<title>Soybean Concentrate - Blue Seed - Sz\u00f3jaolt\u00f3por<\/title>\n<meta name=\"robots\" content=\"index, follow, max-snippet:-1, max-image-preview:large, max-video-preview:-1\" \/>\n<link rel=\"canonical\" href=\"https:\/\/szojaoltopor.hu\/en\/product-information\/soybean-concentrate\/\" \/>\n<meta property=\"og:locale\" content=\"en_US\" \/>\n<meta property=\"og:type\" content=\"article\" \/>\n<meta property=\"og:title\" content=\"Soybean Concentrate - Blue Seed - Sz\u00f3jaolt\u00f3por\" \/>\n<meta property=\"og:description\" content=\"Composition: Ground Rhizobium japonicum nodule suspended in distilled water Active ingredient content: Total number of germs is minimum 1,0x107 pcs\/g. Application: This product is for soybean inoculation. After homogenization of 200 grams products in 4 liters of water, evenly apply to the surface of 1000 kg seeds with a coating machine. The seeds must be [&hellip;]\" \/>\n<meta property=\"og:url\" content=\"https:\/\/szojaoltopor.hu\/en\/product-information\/soybean-concentrate\/\" \/>\n<meta property=\"og:site_name\" content=\"Blue Seed - Sz\u00f3jaolt\u00f3por\" \/>\n<meta property=\"article:modified_time\" content=\"2021-04-01T08:58:04+00:00\" \/>\n<meta name=\"twitter:card\" content=\"summary_large_image\" \/>\n<meta name=\"twitter:label1\" content=\"Est. reading time\" \/>\n\t<meta name=\"twitter:data1\" content=\"1 minute\" \/>\n<script type=\"application\/ld+json\" class=\"yoast-schema-graph\">{\"@context\":\"https:\/\/schema.org\",\"@graph\":[{\"@type\":\"WebPage\",\"@id\":\"https:\/\/szojaoltopor.hu\/en\/product-information\/soybean-concentrate\/\",\"url\":\"https:\/\/szojaoltopor.hu\/en\/product-information\/soybean-concentrate\/\",\"name\":\"Soybean Concentrate - Blue Seed - Sz\u00f3jaolt\u00f3por\",\"isPartOf\":{\"@id\":\"https:\/\/szojaoltopor.hu\/en\/#website\"},\"datePublished\":\"2021-01-18T12:27:52+00:00\",\"dateModified\":\"2021-04-01T08:58:04+00:00\",\"breadcrumb\":{\"@id\":\"https:\/\/szojaoltopor.hu\/en\/product-information\/soybean-concentrate\/#breadcrumb\"},\"inLanguage\":\"en-US\",\"potentialAction\":[{\"@type\":\"ReadAction\",\"target\":[\"https:\/\/szojaoltopor.hu\/en\/product-information\/soybean-concentrate\/\"]}]},{\"@type\":\"BreadcrumbList\",\"@id\":\"https:\/\/szojaoltopor.hu\/en\/product-information\/soybean-concentrate\/#breadcrumb\",\"itemListElement\":[{\"@type\":\"ListItem\",\"position\":1,\"name\":\"Kezd\u0151lap\",\"item\":\"https:\/\/szojaoltopor.hu\/en\/\"},{\"@type\":\"ListItem\",\"position\":2,\"name\":\"Product information\",\"item\":\"https:\/\/szojaoltopor.hu\/en\/product-information\/\"},{\"@type\":\"ListItem\",\"position\":3,\"name\":\"Soybean Concentrate\"}]},{\"@type\":\"WebSite\",\"@id\":\"https:\/\/szojaoltopor.hu\/en\/#website\",\"url\":\"https:\/\/szojaoltopor.hu\/en\/\",\"name\":\"Blue Seed - Sz\u00f3jaolt\u00f3por\",\"description\":\"RhizoNat Extra term\u00e9szetes sz\u00f3ja olt\u00f3anyag\",\"potentialAction\":[{\"@type\":\"SearchAction\",\"target\":{\"@type\":\"EntryPoint\",\"urlTemplate\":\"https:\/\/szojaoltopor.hu\/en\/?s={search_term_string}\"},\"query-input\":\"required name=search_term_string\"}],\"inLanguage\":\"en-US\"}]}<\/script>\n<!-- \/ Yoast SEO plugin. -->","yoast_head_json":{"title":"Soybean Concentrate - Blue Seed - Sz\u00f3jaolt\u00f3por","robots":{"index":"index","follow":"follow","max-snippet":"max-snippet:-1","max-image-preview":"max-image-preview:large","max-video-preview":"max-video-preview:-1"},"canonical":"https:\/\/szojaoltopor.hu\/en\/product-information\/soybean-concentrate\/","og_locale":"en_US","og_type":"article","og_title":"Soybean Concentrate - Blue Seed - Sz\u00f3jaolt\u00f3por","og_description":"Composition: Ground Rhizobium japonicum nodule suspended in distilled water Active ingredient content: Total number of germs is minimum 1,0x107 pcs\/g. Application: This product is for soybean inoculation. After homogenization of 200 grams products in 4 liters of water, evenly apply to the surface of 1000 kg seeds with a coating machine. The seeds must be [&hellip;]","og_url":"https:\/\/szojaoltopor.hu\/en\/product-information\/soybean-concentrate\/","og_site_name":"Blue Seed - Sz\u00f3jaolt\u00f3por","article_modified_time":"2021-04-01T08:58:04+00:00","twitter_card":"summary_large_image","twitter_misc":{"Est. reading time":"1 minute"},"schema":{"@context":"https:\/\/schema.org","@graph":[{"@type":"WebPage","@id":"https:\/\/szojaoltopor.hu\/en\/product-information\/soybean-concentrate\/","url":"https:\/\/szojaoltopor.hu\/en\/product-information\/soybean-concentrate\/","name":"Soybean Concentrate - Blue Seed - Sz\u00f3jaolt\u00f3por","isPartOf":{"@id":"https:\/\/szojaoltopor.hu\/en\/#website"},"datePublished":"2021-01-18T12:27:52+00:00","dateModified":"2021-04-01T08:58:04+00:00","breadcrumb":{"@id":"https:\/\/szojaoltopor.hu\/en\/product-information\/soybean-concentrate\/#breadcrumb"},"inLanguage":"en-US","potentialAction":[{"@type":"ReadAction","target":["https:\/\/szojaoltopor.hu\/en\/product-information\/soybean-concentrate\/"]}]},{"@type":"BreadcrumbList","@id":"https:\/\/szojaoltopor.hu\/en\/product-information\/soybean-concentrate\/#breadcrumb","itemListElement":[{"@type":"ListItem","position":1,"name":"Kezd\u0151lap","item":"https:\/\/szojaoltopor.hu\/en\/"},{"@type":"ListItem","position":2,"name":"Product information","item":"https:\/\/szojaoltopor.hu\/en\/product-information\/"},{"@type":"ListItem","position":3,"name":"Soybean Concentrate"}]},{"@type":"WebSite","@id":"https:\/\/szojaoltopor.hu\/en\/#website","url":"https:\/\/szojaoltopor.hu\/en\/","name":"Blue Seed - Sz\u00f3jaolt\u00f3por","description":"RhizoNat Extra term\u00e9szetes sz\u00f3ja olt\u00f3anyag","potentialAction":[{"@type":"SearchAction","target":{"@type":"EntryPoint","urlTemplate":"https:\/\/szojaoltopor.hu\/en\/?s={search_term_string}"},"query-input":"required name=search_term_string"}],"inLanguage":"en-US"}]}},"_links":{"self":[{"href":"https:\/\/szojaoltopor.hu\/en\/wp-json\/wp\/v2\/pages\/655"}],"collection":[{"href":"https:\/\/szojaoltopor.hu\/en\/wp-json\/wp\/v2\/pages"}],"about":[{"href":"https:\/\/szojaoltopor.hu\/en\/wp-json\/wp\/v2\/types\/page"}],"author":[{"embeddable":true,"href":"https:\/\/szojaoltopor.hu\/en\/wp-json\/wp\/v2\/users\/1"}],"replies":[{"embeddable":true,"href":"https:\/\/szojaoltopor.hu\/en\/wp-json\/wp\/v2\/comments?post=655"}],"version-history":[{"count":11,"href":"https:\/\/szojaoltopor.hu\/en\/wp-json\/wp\/v2\/pages\/655\/revisions"}],"predecessor-version":[{"id":981,"href":"https:\/\/szojaoltopor.hu\/en\/wp-json\/wp\/v2\/pages\/655\/revisions\/981"}],"up":[{"embeddable":true,"href":"https:\/\/szojaoltopor.hu\/en\/wp-json\/wp\/v2\/pages\/649"}],"wp:attachment":[{"href":"https:\/\/szojaoltopor.hu\/en\/wp-json\/wp\/v2\/media?parent=655"}],"curies":[{"name":"wp","href":"https:\/\/api.w.org\/{rel}","templated":true}]}}