{"id":656,"date":"2021-01-18T12:27:55","date_gmt":"2021-01-18T12:27:55","guid":{"rendered":"https:\/\/demo.szojaoltopor.hu\/?page_id=656"},"modified":"2021-04-01T09:00:45","modified_gmt":"2021-04-01T09:00:45","slug":"soybean-powder","status":"publish","type":"page","link":"https:\/\/szojaoltopor.hu\/en\/product-information\/soybean-powder\/","title":{"rendered":"Soybean Powder"},"content":{"rendered":"<p>[et_pb_section fb_built=&#8221;1&#8243; _builder_version=&#8221;4.7.7&#8243; _module_preset=&#8221;default&#8221; use_background_color_gradient=&#8221;on&#8221; background_color_gradient_start=&#8221;rgba(0,0,0,0.42)&#8221; background_color_gradient_end=&#8221;rgba(0,0,0,0.66)&#8221; background_color_gradient_overlays_image=&#8221;on&#8221; background_image=&#8221;https:\/\/szojaoltopor.hu\/wp-content\/uploads\/2020\/12\/szoja-szojaoltopor-blue-seed.jpg&#8221; custom_padding=&#8221;14px|||||&#8221;][et_pb_row _builder_version=&#8221;4.7.7&#8243; _module_preset=&#8221;default&#8221;][et_pb_column type=&#8221;4_4&#8243; _builder_version=&#8221;4.7.7&#8243; _module_preset=&#8221;default&#8221;][et_pb_image src=&#8221;https:\/\/szojaoltopor.hu\/wp-content\/uploads\/2021\/01\/rhizonatextra-powder-en.png&#8221; title_text=&#8221;rhizonatextra-powder-en&#8221; _builder_version=&#8221;4.8.1&#8243; _module_preset=&#8221;default&#8221; background_color=&#8221;rgba(255,255,255,0.58)&#8221; use_background_color_gradient=&#8221;on&#8221; background_color_gradient_start=&#8221;rgba(255,255,255,0.61)&#8221; background_color_gradient_end=&#8221;rgba(255,255,255,0.53)&#8221; width=&#8221;34%&#8221; custom_padding=&#8221;20px|20px|20px|20px|false|false&#8221;][\/et_pb_image][\/et_pb_column][\/et_pb_row][\/et_pb_section][et_pb_section fb_built=&#8221;1&#8243; _builder_version=&#8221;4.7.4&#8243; _module_preset=&#8221;default&#8221; custom_margin=&#8221;-38px|||||&#8221; custom_padding=&#8221;25px||44px|||&#8221;][et_pb_row _builder_version=&#8221;4.7.4&#8243; _module_preset=&#8221;default&#8221; custom_margin=&#8221;7px|auto|12px|auto||&#8221; custom_padding=&#8221;12px|||||&#8221;][et_pb_column type=&#8221;4_4&#8243; _builder_version=&#8221;4.7.4&#8243; _module_preset=&#8221;default&#8221;][et_pb_text _builder_version=&#8221;4.8.2&#8243; _module_preset=&#8221;default&#8221; text_font=&#8221;Open Sans||||||||&#8221; text_line_height=&#8221;1.8em&#8221; text_font_size_tablet=&#8221;15px&#8221; text_font_size_phone=&#8221;14px&#8221; text_font_size_last_edited=&#8221;on|tablet&#8221;]<\/p>\n<p><strong>Composition:<\/strong><\/p>\n<p>Ground Rhizobium japonicum nodule with soil (99.9 m\/m%), Rhodamine B 500 dye (0.1 m\/m%).<\/p>\n<p><strong>Active ingredient content: <\/strong><\/p>\n<p>Total number of germs is minimum 1,0&#215;10<sup class=\"supfont\">6<\/sup> pcs\/g.<\/p>\n<p><strong>Application:<\/strong><\/p>\n<p><strong>This product is for soybean inoculation.<\/strong><\/p>\n<p>The sowing seed is evenly moistened in a proportion of 0.4 litre water\/100 kg sowing seed by continuous stirring and then the inoculant is poured onto the wet seed by continuous stirring (in a proportion of 100 grams inoculant\/100 kg sowing seed). Continue stirring until the seeds become pink.<\/p>\n<p>The seeds must be dried after treatment. On dried seeds Bradyrhizobium japonicum retains its ability to germinate for 70 days.<\/p>\n<p>[\/et_pb_text][\/et_pb_column][\/et_pb_row][et_pb_row column_structure=&#8221;1_2,1_2&#8243; _builder_version=&#8221;4.7.5&#8243; _module_preset=&#8221;default&#8221; width=&#8221;60%&#8221; width_tablet=&#8221;&#8221; width_phone=&#8221;80%&#8221; width_last_edited=&#8221;on|phone&#8221;][et_pb_column type=&#8221;1_2&#8243; _builder_version=&#8221;4.7.4&#8243; _module_preset=&#8221;default&#8221;][et_pb_image src=&#8221;https:\/\/szojaoltopor.hu\/wp-content\/uploads\/2020\/12\/szoja-vetomag.jpg&#8221; alt=&#8221;szoja gumok&#8221; title_text=&#8221;szoja-vetomag&#8221; show_in_lightbox=&#8221;on&#8221; _builder_version=&#8221;4.7.5&#8243; _module_preset=&#8221;default&#8221; width_tablet=&#8221;70%&#8221; width_phone=&#8221;&#8221; width_last_edited=&#8221;on|desktop&#8221; module_alignment=&#8221;center&#8221; custom_margin=&#8221;1px||-56px|||&#8221; custom_margin_tablet=&#8221;0px||||false|false&#8221; custom_margin_phone=&#8221;0px||||false|false&#8221; custom_margin_last_edited=&#8221;on|desktop&#8221;][\/et_pb_image][et_pb_text _builder_version=&#8221;4.8.1&#8243; _module_preset=&#8221;default&#8221; text_font_size=&#8221;13px&#8221; text_line_height=&#8221;0.4em&#8221; background_color=&#8221;rgba(255,255,255,0.82)&#8221; transform_scale_linked=&#8221;off&#8221; custom_margin=&#8221;||30px||false|false&#8221; custom_margin_tablet=&#8221;&#8221; custom_margin_phone=&#8221;&#8221; custom_margin_last_edited=&#8221;on|desktop&#8221; custom_padding=&#8221;10px|50px|10px|50px|false|false&#8221; text_font_size_tablet=&#8221;&#8221; text_font_size_phone=&#8221;11px&#8221; text_font_size_last_edited=&#8221;on|phone&#8221;]<\/p>\n<p style=\"text-align: center;\">Sowing seed <strong>not treated <\/strong><\/p>\n<p style=\"text-align: center;\">with powder inoculant.<\/p>\n<p>[\/et_pb_text][\/et_pb_column][et_pb_column type=&#8221;1_2&#8243; _builder_version=&#8221;4.7.4&#8243; _module_preset=&#8221;default&#8221;][et_pb_image src=&#8221;https:\/\/szojaoltopor.hu\/wp-content\/uploads\/2020\/12\/Kezelt-szojavetomag.jpg&#8221; alt=&#8221;szoja gumok&#8221; title_text=&#8221;Kezelt-szojavetomag&#8221; show_in_lightbox=&#8221;on&#8221; _builder_version=&#8221;4.8.1&#8243; _module_preset=&#8221;default&#8221; width_tablet=&#8221;70%&#8221; width_phone=&#8221;&#8221; width_last_edited=&#8221;on|desktop&#8221; module_alignment=&#8221;center&#8221; custom_margin=&#8221;1px||-56px|||&#8221; custom_margin_tablet=&#8221;0px||||false|false&#8221; custom_margin_phone=&#8221;0px||||false|false&#8221; custom_margin_last_edited=&#8221;on|desktop&#8221;][\/et_pb_image][et_pb_text _builder_version=&#8221;4.8.1&#8243; _module_preset=&#8221;default&#8221; text_font_size=&#8221;13px&#8221; text_line_height=&#8221;0.4em&#8221; background_color=&#8221;rgba(255,255,255,0.82)&#8221; transform_scale_linked=&#8221;off&#8221; custom_padding=&#8221;10px|50px|10px|50px|false|false&#8221; text_font_size_tablet=&#8221;&#8221; text_font_size_phone=&#8221;11px&#8221; text_font_size_last_edited=&#8221;on|phone&#8221;]<\/p>\n<p style=\"text-align: center;\">Sowing seed <strong>treated <\/strong><\/p>\n<p style=\"text-align: center;\"><strong>with RhizoNat Extra powder inoculant<\/strong><\/p>\n<p>[\/et_pb_text][\/et_pb_column][\/et_pb_row][et_pb_row _builder_version=&#8221;4.7.4&#8243; _module_preset=&#8221;default&#8221; custom_margin=&#8221;7px|auto|12px|auto||&#8221; custom_padding=&#8221;12px|||||&#8221;][et_pb_column type=&#8221;4_4&#8243; _builder_version=&#8221;4.7.4&#8243; _module_preset=&#8221;default&#8221;][et_pb_text _builder_version=&#8221;4.8.1&#8243; _module_preset=&#8221;default&#8221; text_font=&#8221;Open Sans||||||||&#8221; text_line_height=&#8221;1.8em&#8221; custom_margin=&#8221;-7px|||||&#8221; custom_padding=&#8221;39px|||||&#8221; text_font_size_tablet=&#8221;15px&#8221; text_font_size_phone=&#8221;14px&#8221; text_font_size_last_edited=&#8221;on|tablet&#8221;]<\/p>\n<p><strong>Packaging<\/strong><\/p>\n<p style=\"text-align: justify;\">One pouch contains 100 grams which is sufficient to inoculate 100 kg sowing seed.<br \/>The pouches are packed into 100 and 200 pcs kits but we can supply any quantity upon request.<\/p>\n<p>[\/et_pb_text][\/et_pb_column][\/et_pb_row][et_pb_row column_structure=&#8221;1_2,1_2&#8243; _builder_version=&#8221;4.7.5&#8243; _module_preset=&#8221;default&#8221;][et_pb_column type=&#8221;1_2&#8243; _builder_version=&#8221;4.7.5&#8243; _module_preset=&#8221;default&#8221;][et_pb_image src=&#8221;https:\/\/szojaoltopor.hu\/wp-content\/uploads\/2021\/01\/cserelendo-kep.jpg&#8221; title_text=&#8221;Rhizonat Extra Szoja Oltopor&#8221; align=&#8221;center&#8221; _builder_version=&#8221;4.7.7&#8243; _module_preset=&#8221;default&#8221; width=&#8221;70%&#8221; custom_margin=&#8221;||18px|||&#8221;][\/et_pb_image][\/et_pb_column][et_pb_column type=&#8221;1_2&#8243; _builder_version=&#8221;4.7.5&#8243; _module_preset=&#8221;default&#8221;][et_pb_text _builder_version=&#8221;4.8.1&#8243; _module_preset=&#8221;default&#8221; header_2_line_height=&#8221;2em&#8221; header_3_font_size=&#8221;18px&#8221;]<\/p>\n<h3><strong>Price<\/strong><\/h3>\n<p>[\/et_pb_text][et_pb_image src=&#8221;https:\/\/szojaoltopor.hu\/wp-content\/uploads\/2021\/01\/rhizonatextra-powder-en.png&#8221; title_text=&#8221;rhizonatextra-powder-en&#8221; _builder_version=&#8221;4.8.1&#8243; _module_preset=&#8221;default&#8221; width=&#8221;80%&#8221; width_tablet=&#8221;&#8221; width_phone=&#8221;100%&#8221; width_last_edited=&#8221;on|tablet&#8221; custom_margin=&#8221;||41px|||&#8221;][\/et_pb_image][et_pb_text _builder_version=&#8221;4.9.2&#8243; _module_preset=&#8221;default&#8221; header_2_line_height=&#8221;2em&#8221; header_3_font_size=&#8221;18px&#8221; hover_enabled=&#8221;0&#8243; sticky_enabled=&#8221;0&#8243;]<\/p>\n<h3><strong>5,00 \u20ac\/100 grams + VAT <\/strong><\/h3>\n<p>\/It is sufficient to inoculate 100 kg soybean sowing seed.\/<\/p>\n<p><em><strong>Please ask for unique price offer, if you need large quantity in bulk.<\/strong><\/em><\/p>\n<p>[\/et_pb_text][\/et_pb_column][\/et_pb_row][\/et_pb_section][et_pb_section fb_built=&#8221;1&#8243; fullwidth=&#8221;on&#8221; _builder_version=&#8221;4.7.4&#8243; _module_preset=&#8221;default&#8221;][et_pb_fullwidth_header text_orientation=&#8221;center&#8221; button_one_text=&#8221;Contact Us!&#8221; button_one_url=&#8221;@ET-DC@eyJkeW5hbWljIjp0cnVlLCJjb250ZW50IjoicG9zdF9saW5rX3VybF9wYWdlIiwic2V0dGluZ3MiOnsicG9zdF9pZCI6IjM1In19@&#8221; background_overlay_color=&#8221;rgba(0,0,0,0.56)&#8221; image_orientation=&#8221;bottom&#8221; _builder_version=&#8221;4.8.1&#8243; _dynamic_attributes=&#8221;button_one_url&#8221; _module_preset=&#8221;default&#8221; title_level=&#8221;h2&#8243; title_font=&#8221;|600|||||||&#8221; title_text_color=&#8221;#ffffff&#8221; title_font_size=&#8221;29px&#8221; title_line_height=&#8221;2em&#8221; content_font_size=&#8221;22px&#8221; content_line_height=&#8221;1.8em&#8221; background_image=&#8221;https:\/\/szojaoltopor.hu\/wp-content\/uploads\/2020\/12\/szoja-szojaoltopor-blue-seed.jpg&#8221; custom_button_one=&#8221;on&#8221; button_one_text_size=&#8221;20px&#8221; button_one_text_color=&#8221;#ffffff&#8221; button_one_bg_color=&#8221;#833c0b&#8221; button_one_border_color=&#8221;#ffffff&#8221; button_one_border_radius=&#8221;30px&#8221; button_one_font=&#8221;|600|||||||&#8221; content_font_size_tablet=&#8221;19px&#8221; content_font_size_phone=&#8221;16px&#8221; content_font_size_last_edited=&#8221;on|phone&#8221;]<\/p>\n<p><strong>For more information about the product, please feel free to contact us!<\/strong><\/p>\n<p>&nbsp;<\/p>\n<p>[\/et_pb_fullwidth_header][\/et_pb_section]<\/p>\n","protected":false},"excerpt":{"rendered":"<p>Composition: Ground Rhizobium japonicum nodule with soil (99.9 m\/m%), Rhodamine B 500 dye (0.1 m\/m%). Active ingredient content: Total number of germs is minimum 1,0&#215;106 pcs\/g. Application: This product is for soybean inoculation. The sowing seed is evenly moistened in a proportion of 0.4 litre water\/100 kg sowing seed by continuous stirring and then the [&hellip;]<\/p>\n","protected":false},"author":1,"featured_media":0,"parent":649,"menu_order":0,"comment_status":"closed","ping_status":"closed","template":"","meta":{"_et_pb_use_builder":"on","_et_pb_old_content":"<p>[et_pb_section fb_built=\"1\" _builder_version=\"4.7.7\" _module_preset=\"default\" use_background_color_gradient=\"on\" background_color_gradient_start=\"rgba(0,0,0,0.42)\" background_color_gradient_end=\"rgba(0,0,0,0.66)\" background_color_gradient_overlays_image=\"on\" background_image=\"https:\/\/szojaoltopor.hu\/wp-content\/uploads\/2020\/12\/szoja-szojaoltopor-blue-seed.jpg\" custom_padding=\"14px|||||\"][et_pb_row _builder_version=\"4.7.7\" _module_preset=\"default\"][et_pb_column type=\"4_4\" _builder_version=\"4.7.7\" _module_preset=\"default\"][et_pb_image src=\"https:\/\/szojaoltopor.hu\/wp-content\/uploads\/2020\/12\/rhizonat-extra-szojaoltopor-1.png\" title_text=\"Rhizonat Extra Szojaoltopor\" _builder_version=\"4.7.7\" _module_preset=\"default\" background_color=\"rgba(255,255,255,0.58)\" use_background_color_gradient=\"on\" background_color_gradient_start=\"rgba(255,255,255,0.61)\" background_color_gradient_end=\"rgba(255,255,255,0.53)\" width=\"34%\" custom_padding=\"20px|20px|20px|20px|false|false\"][\/et_pb_image][\/et_pb_column][\/et_pb_row][\/et_pb_section][et_pb_section fb_built=\"1\" _builder_version=\"4.7.4\" _module_preset=\"default\" custom_margin=\"-38px|||||\" custom_padding=\"25px||44px|||\"][et_pb_row _builder_version=\"4.7.4\" _module_preset=\"default\" custom_margin=\"7px|auto|12px|auto||\" custom_padding=\"12px|||||\"][et_pb_column type=\"4_4\" _builder_version=\"4.7.4\" _module_preset=\"default\"][et_pb_text _builder_version=\"4.7.4\" _module_preset=\"default\" text_font=\"Open Sans||||||||\" text_line_height=\"1.8em\" text_font_size_tablet=\"15px\" text_font_size_phone=\"14px\" text_font_size_last_edited=\"on|tablet\"]<\/p><p><strong>\u00d6sszet\u00e9tel<\/strong><\/p><p>\u0150r\u00f6lt Bradyrhizobium japonicum g\u00fcm\u0151 talajjal (99,9 m\/m%), Rhodamine B 500 fest\u00e9kanyag (0,1 m\/m%).<\/p><p><strong>Hat\u00f3anyag tartalom<\/strong><\/p><p>Szimbionta N-k\u00f6t\u0151k sz\u00e1ma minimum 1,0 x 10<sup>6<\/sup>\u00a0db\/g.<\/p><p><strong>Felhaszn\u00e1l\u00e1s<\/strong><\/p><p><strong>Sz\u00f3ja vet\u0151mag olt\u00e1s\u00e1ra.<\/strong><\/p><p>A vet\u0151magot 0,4 liter v\u00edz\/100 kg vet\u0151mag ar\u00e1nyban \u00e1lland\u00f3 kever\u00e9s k\u00f6zben egyenletesen meg kell nedves\u00edteni, majd a nedves magra folyamatos kever\u00e9s mellett r\u00e1 kell sz\u00f3rni az olt\u00f3anyagot (100 gramm olt\u00f3anyag\/100 kg vet\u0151mag ar\u00e1nyban). A kever\u00e9st addig kell folytatni, am\u00edg a mag r\u00f3zsasz\u00edn\u0171v\u00e9 v\u00e1lik.<\/p><p>A kezel\u00e9s ut\u00e1n a magot sz\u00e1r\u00edtani sz\u00fcks\u00e9ges. A sz\u00e1r\u00edtott vet\u0151magon a Bradyrhizobium japonicum 70 napig megtartja a cs\u00edr\u00e1z\u00e1si k\u00e9pess\u00e9g\u00e9t.<\/p><p>[\/et_pb_text][\/et_pb_column][\/et_pb_row][et_pb_row column_structure=\"1_2,1_2\" _builder_version=\"4.7.5\" _module_preset=\"default\" width=\"60%\" width_tablet=\"\" width_phone=\"80%\" width_last_edited=\"on|phone\"][et_pb_column type=\"1_2\" _builder_version=\"4.7.4\" _module_preset=\"default\"][et_pb_image src=\"https:\/\/szojaoltopor.hu\/wp-content\/uploads\/2020\/12\/szoja-vetomag.jpg\" alt=\"szoja gumok\" title_text=\"szoja-vetomag\" show_in_lightbox=\"on\" _builder_version=\"4.7.5\" _module_preset=\"default\" width_tablet=\"70%\" width_phone=\"\" width_last_edited=\"on|desktop\" module_alignment=\"center\" custom_margin=\"1px||-56px|||\" custom_margin_tablet=\"0px||||false|false\" custom_margin_phone=\"0px||||false|false\" custom_margin_last_edited=\"on|desktop\"][\/et_pb_image][et_pb_text _builder_version=\"4.7.5\" _module_preset=\"default\" text_font_size=\"13px\" text_line_height=\"1.8em\" background_color=\"rgba(255,255,255,0.82)\" transform_scale_linked=\"off\" custom_margin=\"||30px||false|false\" custom_margin_tablet=\"\" custom_margin_phone=\"\" custom_margin_last_edited=\"on|desktop\" custom_padding=\"|50px||50px|false|false\" text_font_size_tablet=\"\" text_font_size_phone=\"14px\" text_font_size_last_edited=\"on|phone\"]<\/p><p style=\"text-align: center;\"><b>Olt\u00f3porral nem kezelt vet\u0151mag<\/b><\/p><p>[\/et_pb_text][\/et_pb_column][et_pb_column type=\"1_2\" _builder_version=\"4.7.4\" _module_preset=\"default\"][et_pb_image src=\"https:\/\/szojaoltopor.hu\/wp-content\/uploads\/2020\/12\/Kezelt-szojavetomag.jpg\" alt=\"szoja gumok\" title_text=\"Kezelt-szojavetomag\" show_in_lightbox=\"on\" _builder_version=\"4.7.5\" _module_preset=\"default\" width_tablet=\"70%\" width_phone=\"\" width_last_edited=\"on|desktop\" module_alignment=\"center\" custom_margin=\"1px||-56px|||\" custom_margin_tablet=\"0px||||false|false\" custom_margin_phone=\"0px||||false|false\" custom_margin_last_edited=\"on|desktop\"][\/et_pb_image][et_pb_text _builder_version=\"4.7.5\" _module_preset=\"default\" text_font_size=\"13px\" text_line_height=\"1.8em\" background_color=\"rgba(255,255,255,0.82)\" transform_scale_linked=\"off\" custom_padding=\"|50px||50px|false|false\" text_font_size_tablet=\"\" text_font_size_phone=\"14px\" text_font_size_last_edited=\"on|phone\"]<\/p><p style=\"text-align: center;\"><strong>Rhizo<\/strong><strong>Nat Extra o<\/strong><strong>lt\u00f3porral kezelt vet\u0151mag<\/strong><\/p><p>[\/et_pb_text][\/et_pb_column][\/et_pb_row][et_pb_row _builder_version=\"4.7.4\" _module_preset=\"default\" custom_margin=\"7px|auto|12px|auto||\" custom_padding=\"12px|||||\"][et_pb_column type=\"4_4\" _builder_version=\"4.7.4\" _module_preset=\"default\"][et_pb_text _builder_version=\"4.7.4\" _module_preset=\"default\" text_font=\"Open Sans||||||||\" text_line_height=\"1.8em\" custom_margin=\"-7px|||||\" custom_padding=\"39px|||||\" text_font_size_tablet=\"15px\" text_font_size_phone=\"14px\" text_font_size_last_edited=\"on|tablet\"]<\/p><p><strong>A term\u00e9k kiszerel\u00e9se, csomagol\u00e1sa<\/strong><\/p><p>Egy tasak tartalma 100 gramm, mely 100 kg vet\u0151mag olt\u00e1s\u00e1hoz elegend\u0151. A tasakok 100 \u00e9s 200 db-os egys\u00e9gcsomagban vannak kiszerelve, de k\u00e9r\u00e9sre b\u00e1rmilyen mennyis\u00e9get tudunk biztos\u00edtani.<\/p><p>[\/et_pb_text][\/et_pb_column][\/et_pb_row][et_pb_row column_structure=\"1_2,1_2\" _builder_version=\"4.7.5\" _module_preset=\"default\"][et_pb_column type=\"1_2\" _builder_version=\"4.7.5\" _module_preset=\"default\"][et_pb_image src=\"https:\/\/szojaoltopor.hu\/wp-content\/uploads\/2021\/01\/cserelendo-kep.jpg\" title_text=\"Rhizonat Extra Szoja Oltopor\" align=\"center\" _builder_version=\"4.7.7\" _module_preset=\"default\" width=\"70%\" custom_margin=\"||18px|||\" hover_enabled=\"0\" sticky_enabled=\"0\"][\/et_pb_image][\/et_pb_column][et_pb_column type=\"1_2\" _builder_version=\"4.7.5\" _module_preset=\"default\"][et_pb_text _builder_version=\"4.7.5\" _module_preset=\"default\" header_2_line_height=\"2em\" header_3_font_size=\"18px\"]<\/p><h3><strong>A term\u00e9k \u00e1ra<\/strong><\/h3><p>[\/et_pb_text][et_pb_image src=\"https:\/\/szojaoltopor.hu\/wp-content\/uploads\/2020\/12\/rhizonat-extra-szojaoltopor-1.png\" title_text=\"Rhizonat Extra Szojaoltopor\" _builder_version=\"4.7.5\" _module_preset=\"default\" width=\"80%\" width_tablet=\"\" width_phone=\"100%\" width_last_edited=\"on|tablet\" custom_margin=\"||41px|||\"][\/et_pb_image][et_pb_text _builder_version=\"4.7.5\" _module_preset=\"default\" header_2_line_height=\"2em\" header_3_font_size=\"18px\"]<\/p><h3><strong>1.650 Ft \/ 100 gramm + \u00c1FA<\/strong><\/h3><p>\/100 kg sz\u00f3ja vet\u0151mag olt\u00e1s\u00e1hoz elegend\u0151.\/<\/p><p>[\/et_pb_text][\/et_pb_column][\/et_pb_row][\/et_pb_section][et_pb_section fb_built=\"1\" fullwidth=\"on\" _builder_version=\"4.7.4\" _module_preset=\"default\"][et_pb_fullwidth_header text_orientation=\"center\" button_one_text=\"Kapcsolatfelv\u00e9tel\" button_one_url=\"@ET-DC@eyJkeW5hbWljIjp0cnVlLCJjb250ZW50IjoicG9zdF9saW5rX3VybF9wYWdlIiwic2V0dGluZ3MiOnsicG9zdF9pZCI6IjM1In19@\" background_overlay_color=\"rgba(0,0,0,0.56)\" image_orientation=\"bottom\" _builder_version=\"4.7.5\" _dynamic_attributes=\"button_one_url\" _module_preset=\"default\" title_level=\"h2\" title_font=\"|600|||||||\" title_text_color=\"#ffffff\" title_font_size=\"29px\" title_line_height=\"2em\" content_font_size=\"22px\" content_line_height=\"1.8em\" background_image=\"https:\/\/szojaoltopor.hu\/wp-content\/uploads\/2020\/12\/szoja-szojaoltopor-blue-seed.jpg\" custom_button_one=\"on\" button_one_text_size=\"20px\" button_one_text_color=\"#ffffff\" button_one_bg_color=\"#833c0b\" button_one_border_color=\"#ffffff\" button_one_border_radius=\"30px\" button_one_font=\"|600|||||||\" content_font_size_tablet=\"19px\" content_font_size_phone=\"16px\" content_font_size_last_edited=\"on|phone\"]<\/p><p><strong>A term\u00e9kkel kapcsolatos tov\u00e1bbi inform\u00e1ci\u00f3\u00e9rt,\u00a0<\/strong><\/p><p><strong>k\u00e9rj\u00fck vegye fel vel\u00fcnk a kapcsolatot!<\/strong><\/p><p>\u00a0<\/p><p>[\/et_pb_fullwidth_header][\/et_pb_section]<\/p>","_et_gb_content_width":""},"yoast_head":"<!-- This site is optimized with the Yoast SEO plugin v20.12 - https:\/\/yoast.com\/wordpress\/plugins\/seo\/ -->\n<title>Soybean Powder - Blue Seed - Sz\u00f3jaolt\u00f3por<\/title>\n<meta name=\"robots\" content=\"index, follow, max-snippet:-1, max-image-preview:large, max-video-preview:-1\" \/>\n<link rel=\"canonical\" href=\"https:\/\/szojaoltopor.hu\/en\/product-information\/soybean-powder\/\" \/>\n<meta property=\"og:locale\" content=\"en_US\" \/>\n<meta property=\"og:type\" content=\"article\" \/>\n<meta property=\"og:title\" content=\"Soybean Powder - Blue Seed - Sz\u00f3jaolt\u00f3por\" \/>\n<meta property=\"og:description\" content=\"Composition: Ground Rhizobium japonicum nodule with soil (99.9 m\/m%), Rhodamine B 500 dye (0.1 m\/m%). Active ingredient content: Total number of germs is minimum 1,0x106 pcs\/g. Application: This product is for soybean inoculation. The sowing seed is evenly moistened in a proportion of 0.4 litre water\/100 kg sowing seed by continuous stirring and then the [&hellip;]\" \/>\n<meta property=\"og:url\" content=\"https:\/\/szojaoltopor.hu\/en\/product-information\/soybean-powder\/\" \/>\n<meta property=\"og:site_name\" content=\"Blue Seed - Sz\u00f3jaolt\u00f3por\" \/>\n<meta property=\"article:modified_time\" content=\"2021-04-01T09:00:45+00:00\" \/>\n<meta name=\"twitter:card\" content=\"summary_large_image\" \/>\n<meta name=\"twitter:label1\" content=\"Est. reading time\" \/>\n\t<meta name=\"twitter:data1\" content=\"2 minutes\" \/>\n<script type=\"application\/ld+json\" class=\"yoast-schema-graph\">{\"@context\":\"https:\/\/schema.org\",\"@graph\":[{\"@type\":\"WebPage\",\"@id\":\"https:\/\/szojaoltopor.hu\/en\/product-information\/soybean-powder\/\",\"url\":\"https:\/\/szojaoltopor.hu\/en\/product-information\/soybean-powder\/\",\"name\":\"Soybean Powder - Blue Seed - Sz\u00f3jaolt\u00f3por\",\"isPartOf\":{\"@id\":\"https:\/\/szojaoltopor.hu\/en\/#website\"},\"datePublished\":\"2021-01-18T12:27:55+00:00\",\"dateModified\":\"2021-04-01T09:00:45+00:00\",\"breadcrumb\":{\"@id\":\"https:\/\/szojaoltopor.hu\/en\/product-information\/soybean-powder\/#breadcrumb\"},\"inLanguage\":\"en-US\",\"potentialAction\":[{\"@type\":\"ReadAction\",\"target\":[\"https:\/\/szojaoltopor.hu\/en\/product-information\/soybean-powder\/\"]}]},{\"@type\":\"BreadcrumbList\",\"@id\":\"https:\/\/szojaoltopor.hu\/en\/product-information\/soybean-powder\/#breadcrumb\",\"itemListElement\":[{\"@type\":\"ListItem\",\"position\":1,\"name\":\"Kezd\u0151lap\",\"item\":\"https:\/\/szojaoltopor.hu\/en\/\"},{\"@type\":\"ListItem\",\"position\":2,\"name\":\"Product information\",\"item\":\"https:\/\/szojaoltopor.hu\/en\/product-information\/\"},{\"@type\":\"ListItem\",\"position\":3,\"name\":\"Soybean Powder\"}]},{\"@type\":\"WebSite\",\"@id\":\"https:\/\/szojaoltopor.hu\/en\/#website\",\"url\":\"https:\/\/szojaoltopor.hu\/en\/\",\"name\":\"Blue Seed - Sz\u00f3jaolt\u00f3por\",\"description\":\"RhizoNat Extra term\u00e9szetes sz\u00f3ja olt\u00f3anyag\",\"potentialAction\":[{\"@type\":\"SearchAction\",\"target\":{\"@type\":\"EntryPoint\",\"urlTemplate\":\"https:\/\/szojaoltopor.hu\/en\/?s={search_term_string}\"},\"query-input\":\"required name=search_term_string\"}],\"inLanguage\":\"en-US\"}]}<\/script>\n<!-- \/ Yoast SEO plugin. -->","yoast_head_json":{"title":"Soybean Powder - Blue Seed - Sz\u00f3jaolt\u00f3por","robots":{"index":"index","follow":"follow","max-snippet":"max-snippet:-1","max-image-preview":"max-image-preview:large","max-video-preview":"max-video-preview:-1"},"canonical":"https:\/\/szojaoltopor.hu\/en\/product-information\/soybean-powder\/","og_locale":"en_US","og_type":"article","og_title":"Soybean Powder - Blue Seed - Sz\u00f3jaolt\u00f3por","og_description":"Composition: Ground Rhizobium japonicum nodule with soil (99.9 m\/m%), Rhodamine B 500 dye (0.1 m\/m%). Active ingredient content: Total number of germs is minimum 1,0x106 pcs\/g. Application: This product is for soybean inoculation. The sowing seed is evenly moistened in a proportion of 0.4 litre water\/100 kg sowing seed by continuous stirring and then the [&hellip;]","og_url":"https:\/\/szojaoltopor.hu\/en\/product-information\/soybean-powder\/","og_site_name":"Blue Seed - Sz\u00f3jaolt\u00f3por","article_modified_time":"2021-04-01T09:00:45+00:00","twitter_card":"summary_large_image","twitter_misc":{"Est. reading time":"2 minutes"},"schema":{"@context":"https:\/\/schema.org","@graph":[{"@type":"WebPage","@id":"https:\/\/szojaoltopor.hu\/en\/product-information\/soybean-powder\/","url":"https:\/\/szojaoltopor.hu\/en\/product-information\/soybean-powder\/","name":"Soybean Powder - Blue Seed - Sz\u00f3jaolt\u00f3por","isPartOf":{"@id":"https:\/\/szojaoltopor.hu\/en\/#website"},"datePublished":"2021-01-18T12:27:55+00:00","dateModified":"2021-04-01T09:00:45+00:00","breadcrumb":{"@id":"https:\/\/szojaoltopor.hu\/en\/product-information\/soybean-powder\/#breadcrumb"},"inLanguage":"en-US","potentialAction":[{"@type":"ReadAction","target":["https:\/\/szojaoltopor.hu\/en\/product-information\/soybean-powder\/"]}]},{"@type":"BreadcrumbList","@id":"https:\/\/szojaoltopor.hu\/en\/product-information\/soybean-powder\/#breadcrumb","itemListElement":[{"@type":"ListItem","position":1,"name":"Kezd\u0151lap","item":"https:\/\/szojaoltopor.hu\/en\/"},{"@type":"ListItem","position":2,"name":"Product information","item":"https:\/\/szojaoltopor.hu\/en\/product-information\/"},{"@type":"ListItem","position":3,"name":"Soybean Powder"}]},{"@type":"WebSite","@id":"https:\/\/szojaoltopor.hu\/en\/#website","url":"https:\/\/szojaoltopor.hu\/en\/","name":"Blue Seed - Sz\u00f3jaolt\u00f3por","description":"RhizoNat Extra term\u00e9szetes sz\u00f3ja olt\u00f3anyag","potentialAction":[{"@type":"SearchAction","target":{"@type":"EntryPoint","urlTemplate":"https:\/\/szojaoltopor.hu\/en\/?s={search_term_string}"},"query-input":"required name=search_term_string"}],"inLanguage":"en-US"}]}},"_links":{"self":[{"href":"https:\/\/szojaoltopor.hu\/en\/wp-json\/wp\/v2\/pages\/656"}],"collection":[{"href":"https:\/\/szojaoltopor.hu\/en\/wp-json\/wp\/v2\/pages"}],"about":[{"href":"https:\/\/szojaoltopor.hu\/en\/wp-json\/wp\/v2\/types\/page"}],"author":[{"embeddable":true,"href":"https:\/\/szojaoltopor.hu\/en\/wp-json\/wp\/v2\/users\/1"}],"replies":[{"embeddable":true,"href":"https:\/\/szojaoltopor.hu\/en\/wp-json\/wp\/v2\/comments?post=656"}],"version-history":[{"count":11,"href":"https:\/\/szojaoltopor.hu\/en\/wp-json\/wp\/v2\/pages\/656\/revisions"}],"predecessor-version":[{"id":983,"href":"https:\/\/szojaoltopor.hu\/en\/wp-json\/wp\/v2\/pages\/656\/revisions\/983"}],"up":[{"embeddable":true,"href":"https:\/\/szojaoltopor.hu\/en\/wp-json\/wp\/v2\/pages\/649"}],"wp:attachment":[{"href":"https:\/\/szojaoltopor.hu\/en\/wp-json\/wp\/v2\/media?parent=656"}],"curies":[{"name":"wp","href":"https:\/\/api.w.org\/{rel}","templated":true}]}}